{"id":47432,"date":"2025-09-30T20:42:06","date_gmt":"2025-09-30T20:42:06","guid":{"rendered":"https:\/\/wines.coral.rs\/product\/bock-merlot-special-reserve-2019-bock-pince-winery\/"},"modified":"2026-02-13T09:11:55","modified_gmt":"2026-02-13T09:11:55","slug":"bock-merlot-special-reserve-2019-bock-pince-winery","status":"publish","type":"product","link":"https:\/\/wines.coral.rs\/en\/product\/bock-merlot-special-reserve-2019-bock-pince-winery\/","title":{"rendered":"Bock Merlot Special Reserve 2019 &#8211; Bock Pince Winery"},"content":{"rendered":"<p data-start=\"1715\" data-end=\"2019\"><strong data-start=\"1715\" data-end=\"1751\">Bock Merlot Special Reserve 2019<\/strong> is a <strong data-start=\"1755\" data-end=\"1802\">premium still dry red wine from Vill\u00e1ny<\/strong>, made from <strong data-start=\"1819\" data-end=\"1864\">100% Merlot grapes from the \u00d6rd\u00f6g\u00e1rok vineyard<\/strong>. It has an <strong data-start=\"1870\" data-end=\"1908\">intense aroma of ripe black fruit<\/strong> with deep notes of blackcurrant and plum, plus subtle hints of chocolate, giving it a <strong data-start=\"1989\" data-end=\"2016\">rich, complex palate<\/strong>.<\/p>\n<p data-start=\"2021\" data-end=\"2195\">The wine <strong data-start=\"2029\" data-end=\"2074\">was aged for 24 months in oak barrels<\/strong> (12 months in new barrique + 12 months in traditional barrels), with <strong data-start=\"2137\" data-end=\"2170\">well-structured tannins<\/strong> and a balanced body.<\/p>\n<p data-start=\"2197\" data-end=\"2343\">This <strong data-start=\"2201\" data-end=\"2239\">full-bodied wine with 14.83% alcohol<\/strong> pairs beautifully with <strong data-start=\"2260\" data-end=\"2299\">red meat, game, and mature cheeses<\/strong>, with the potential to cellar for <strong data-start=\"2325\" data-end=\"2340\">many years<\/strong>.<\/p>\n","protected":false},"excerpt":{"rendered":"<p>Bock <strong data-start=\"82\" data-end=\"113\">Merlot Special Reserve 2019<\/strong> is a <strong data-start=\"117\" data-end=\"170\">premium still dry red wine, 100% Merlot from Vill\u00e1ny<\/strong>, with intense aromas of black fruit and chocolate; it was aged <strong data-start=\"231\" data-end=\"264\">for 24 months in barrique barrels<\/strong> and has <strong data-start=\"271\" data-end=\"305\">excellent ageing potential<\/strong>.<\/p>\n","protected":false},"featured_media":47314,"template":"","meta":{"_acf_changed":false},"product_brand":[891],"product_cat":[580],"product_tag":[583,587,585,588],"class_list":{"0":"post-47432","1":"product","2":"type-product","3":"status-publish","4":"has-post-thumbnail","6":"product_brand-bock-pince","7":"product_cat-red-wine","8":"product_tag-dry-2","9":"product_tag-hungary","10":"product_tag-red","11":"product_tag-strong","14":"first","15":"instock","16":"shipping-taxable","17":"purchasable","18":"product-type-simple"},"acf":[],"yoast_head":"<!-- This site is optimized with the Yoast SEO plugin v27.3 - https:\/\/yoast.com\/product\/yoast-seo-wordpress\/ -->\n<title>Bock Merlot Special Reserve 2019 - Bock Pince Winery - Coral Wines<\/title>\n<meta name=\"robots\" content=\"noindex, follow, max-snippet:-1, max-image-preview:large, max-video-preview:-1\" \/>\n<meta property=\"og:locale\" content=\"en_US\" \/>\n<meta property=\"og:type\" content=\"article\" \/>\n<meta property=\"og:title\" content=\"Bock Merlot Special Reserve 2019 - Bock Pince Winery - Coral Wines\" \/>\n<meta property=\"og:description\" content=\"Bock Merlot Special Reserve 2019 is a premium still dry red wine, 100% Merlot from Vill\u00e1ny, with intense aromas of black fruit and chocolate; it was aged for 24 months in barrique barrels and has excellent ageing potential.\" \/>\n<meta property=\"og:url\" content=\"https:\/\/wines.coral.rs\/en\/product\/bock-merlot-special-reserve-2019-bock-pince-winery\/\" \/>\n<meta property=\"og:site_name\" content=\"Coral Wines\" \/>\n<meta property=\"article:publisher\" content=\"https:\/\/www.facebook.com\/profile.php?id=61587431066738\" \/>\n<meta property=\"article:modified_time\" content=\"2026-02-13T09:11:55+00:00\" \/>\n<meta property=\"og:image\" content=\"https:\/\/wines.coral.rs\/wp-content\/uploads\/2025\/09\/New-Project-7.jpg\" \/>\n\t<meta property=\"og:image:width\" content=\"1000\" \/>\n\t<meta property=\"og:image:height\" content=\"1000\" \/>\n\t<meta property=\"og:image:type\" content=\"image\/jpeg\" \/>\n<meta name=\"twitter:card\" content=\"summary_large_image\" \/>\n<script type=\"application\/ld+json\" class=\"yoast-schema-graph\">{\"@context\":\"https:\\\/\\\/schema.org\",\"@graph\":[{\"@type\":\"WebPage\",\"@id\":\"https:\\\/\\\/wines.coral.rs\\\/en\\\/product\\\/bock-merlot-special-reserve-2019-bock-pince-winery\\\/\",\"url\":\"https:\\\/\\\/wines.coral.rs\\\/en\\\/product\\\/bock-merlot-special-reserve-2019-bock-pince-winery\\\/\",\"name\":\"Bock Merlot Special Reserve 2019 - Bock Pince Winery - Coral Wines\",\"isPartOf\":{\"@id\":\"https:\\\/\\\/wines.coral.rs\\\/#website\"},\"primaryImageOfPage\":{\"@id\":\"https:\\\/\\\/wines.coral.rs\\\/en\\\/product\\\/bock-merlot-special-reserve-2019-bock-pince-winery\\\/#primaryimage\"},\"image\":{\"@id\":\"https:\\\/\\\/wines.coral.rs\\\/en\\\/product\\\/bock-merlot-special-reserve-2019-bock-pince-winery\\\/#primaryimage\"},\"thumbnailUrl\":\"https:\\\/\\\/wines.coral.rs\\\/wp-content\\\/uploads\\\/2025\\\/09\\\/New-Project-7.jpg\",\"datePublished\":\"2025-09-30T20:42:06+00:00\",\"dateModified\":\"2026-02-13T09:11:55+00:00\",\"breadcrumb\":{\"@id\":\"https:\\\/\\\/wines.coral.rs\\\/en\\\/product\\\/bock-merlot-special-reserve-2019-bock-pince-winery\\\/#breadcrumb\"},\"inLanguage\":\"en-US\",\"potentialAction\":[{\"@type\":\"ReadAction\",\"target\":[\"https:\\\/\\\/wines.coral.rs\\\/en\\\/product\\\/bock-merlot-special-reserve-2019-bock-pince-winery\\\/\"]}]},{\"@type\":\"ImageObject\",\"inLanguage\":\"en-US\",\"@id\":\"https:\\\/\\\/wines.coral.rs\\\/en\\\/product\\\/bock-merlot-special-reserve-2019-bock-pince-winery\\\/#primaryimage\",\"url\":\"https:\\\/\\\/wines.coral.rs\\\/wp-content\\\/uploads\\\/2025\\\/09\\\/New-Project-7.jpg\",\"contentUrl\":\"https:\\\/\\\/wines.coral.rs\\\/wp-content\\\/uploads\\\/2025\\\/09\\\/New-Project-7.jpg\",\"width\":1000,\"height\":1000},{\"@type\":\"BreadcrumbList\",\"@id\":\"https:\\\/\\\/wines.coral.rs\\\/en\\\/product\\\/bock-merlot-special-reserve-2019-bock-pince-winery\\\/#breadcrumb\",\"itemListElement\":[{\"@type\":\"ListItem\",\"position\":1,\"name\":\"Home\",\"item\":\"https:\\\/\\\/wines.coral.rs\\\/en\\\/home\\\/\"},{\"@type\":\"ListItem\",\"position\":2,\"name\":\"Shop\",\"item\":\"https:\\\/\\\/wines.coral.rs\\\/en\\\/shop\\\/\"},{\"@type\":\"ListItem\",\"position\":3,\"name\":\"Bock Merlot Special Reserve 2019 &#8211; Bock Pince Winery\"}]},{\"@type\":\"WebSite\",\"@id\":\"https:\\\/\\\/wines.coral.rs\\\/#website\",\"url\":\"https:\\\/\\\/wines.coral.rs\\\/\",\"name\":\"Coral Wines\",\"description\":\"\",\"publisher\":{\"@id\":\"https:\\\/\\\/wines.coral.rs\\\/#organization\"},\"potentialAction\":[{\"@type\":\"SearchAction\",\"target\":{\"@type\":\"EntryPoint\",\"urlTemplate\":\"https:\\\/\\\/wines.coral.rs\\\/?s={search_term_string}\"},\"query-input\":{\"@type\":\"PropertyValueSpecification\",\"valueRequired\":true,\"valueName\":\"search_term_string\"}}],\"inLanguage\":\"en-US\"},{\"@type\":\"Organization\",\"@id\":\"https:\\\/\\\/wines.coral.rs\\\/#organization\",\"name\":\"Coral Wines\",\"url\":\"https:\\\/\\\/wines.coral.rs\\\/\",\"logo\":{\"@type\":\"ImageObject\",\"inLanguage\":\"en-US\",\"@id\":\"https:\\\/\\\/wines.coral.rs\\\/#\\\/schema\\\/logo\\\/image\\\/\",\"url\":\"https:\\\/\\\/wines.coral.rs\\\/wp-content\\\/uploads\\\/2025\\\/12\\\/logo-wines.svg\",\"contentUrl\":\"https:\\\/\\\/wines.coral.rs\\\/wp-content\\\/uploads\\\/2025\\\/12\\\/logo-wines.svg\",\"width\":384,\"height\":618,\"caption\":\"Coral Wines\"},\"image\":{\"@id\":\"https:\\\/\\\/wines.coral.rs\\\/#\\\/schema\\\/logo\\\/image\\\/\"},\"sameAs\":[\"https:\\\/\\\/www.facebook.com\\\/profile.php?id=61587431066738\",\"https:\\\/\\\/www.linkedin.com\\\/company\\\/coral-wines\",\"https:\\\/\\\/www.instagram.com\\\/coral.wines\"]}]}<\/script>\n<!-- \/ Yoast SEO plugin. -->","yoast_head_json":{"title":"Bock Merlot Special Reserve 2019 - Bock Pince Winery - Coral Wines","robots":{"index":"noindex","follow":"follow","max-snippet":"max-snippet:-1","max-image-preview":"max-image-preview:large","max-video-preview":"max-video-preview:-1"},"og_locale":"en_US","og_type":"article","og_title":"Bock Merlot Special Reserve 2019 - Bock Pince Winery - Coral Wines","og_description":"Bock Merlot Special Reserve 2019 is a premium still dry red wine, 100% Merlot from Vill\u00e1ny, with intense aromas of black fruit and chocolate; it was aged for 24 months in barrique barrels and has excellent ageing potential.","og_url":"https:\/\/wines.coral.rs\/en\/product\/bock-merlot-special-reserve-2019-bock-pince-winery\/","og_site_name":"Coral Wines","article_publisher":"https:\/\/www.facebook.com\/profile.php?id=61587431066738","article_modified_time":"2026-02-13T09:11:55+00:00","og_image":[{"width":1000,"height":1000,"url":"https:\/\/wines.coral.rs\/wp-content\/uploads\/2025\/09\/New-Project-7.jpg","type":"image\/jpeg"}],"twitter_card":"summary_large_image","schema":{"@context":"https:\/\/schema.org","@graph":[{"@type":"WebPage","@id":"https:\/\/wines.coral.rs\/en\/product\/bock-merlot-special-reserve-2019-bock-pince-winery\/","url":"https:\/\/wines.coral.rs\/en\/product\/bock-merlot-special-reserve-2019-bock-pince-winery\/","name":"Bock Merlot Special Reserve 2019 - Bock Pince Winery - Coral Wines","isPartOf":{"@id":"https:\/\/wines.coral.rs\/#website"},"primaryImageOfPage":{"@id":"https:\/\/wines.coral.rs\/en\/product\/bock-merlot-special-reserve-2019-bock-pince-winery\/#primaryimage"},"image":{"@id":"https:\/\/wines.coral.rs\/en\/product\/bock-merlot-special-reserve-2019-bock-pince-winery\/#primaryimage"},"thumbnailUrl":"https:\/\/wines.coral.rs\/wp-content\/uploads\/2025\/09\/New-Project-7.jpg","datePublished":"2025-09-30T20:42:06+00:00","dateModified":"2026-02-13T09:11:55+00:00","breadcrumb":{"@id":"https:\/\/wines.coral.rs\/en\/product\/bock-merlot-special-reserve-2019-bock-pince-winery\/#breadcrumb"},"inLanguage":"en-US","potentialAction":[{"@type":"ReadAction","target":["https:\/\/wines.coral.rs\/en\/product\/bock-merlot-special-reserve-2019-bock-pince-winery\/"]}]},{"@type":"ImageObject","inLanguage":"en-US","@id":"https:\/\/wines.coral.rs\/en\/product\/bock-merlot-special-reserve-2019-bock-pince-winery\/#primaryimage","url":"https:\/\/wines.coral.rs\/wp-content\/uploads\/2025\/09\/New-Project-7.jpg","contentUrl":"https:\/\/wines.coral.rs\/wp-content\/uploads\/2025\/09\/New-Project-7.jpg","width":1000,"height":1000},{"@type":"BreadcrumbList","@id":"https:\/\/wines.coral.rs\/en\/product\/bock-merlot-special-reserve-2019-bock-pince-winery\/#breadcrumb","itemListElement":[{"@type":"ListItem","position":1,"name":"Home","item":"https:\/\/wines.coral.rs\/en\/home\/"},{"@type":"ListItem","position":2,"name":"Shop","item":"https:\/\/wines.coral.rs\/en\/shop\/"},{"@type":"ListItem","position":3,"name":"Bock Merlot Special Reserve 2019 &#8211; Bock Pince Winery"}]},{"@type":"WebSite","@id":"https:\/\/wines.coral.rs\/#website","url":"https:\/\/wines.coral.rs\/","name":"Coral Wines","description":"","publisher":{"@id":"https:\/\/wines.coral.rs\/#organization"},"potentialAction":[{"@type":"SearchAction","target":{"@type":"EntryPoint","urlTemplate":"https:\/\/wines.coral.rs\/?s={search_term_string}"},"query-input":{"@type":"PropertyValueSpecification","valueRequired":true,"valueName":"search_term_string"}}],"inLanguage":"en-US"},{"@type":"Organization","@id":"https:\/\/wines.coral.rs\/#organization","name":"Coral Wines","url":"https:\/\/wines.coral.rs\/","logo":{"@type":"ImageObject","inLanguage":"en-US","@id":"https:\/\/wines.coral.rs\/#\/schema\/logo\/image\/","url":"https:\/\/wines.coral.rs\/wp-content\/uploads\/2025\/12\/logo-wines.svg","contentUrl":"https:\/\/wines.coral.rs\/wp-content\/uploads\/2025\/12\/logo-wines.svg","width":384,"height":618,"caption":"Coral Wines"},"image":{"@id":"https:\/\/wines.coral.rs\/#\/schema\/logo\/image\/"},"sameAs":["https:\/\/www.facebook.com\/profile.php?id=61587431066738","https:\/\/www.linkedin.com\/company\/coral-wines","https:\/\/www.instagram.com\/coral.wines"]}]}},"_links":{"self":[{"href":"https:\/\/wines.coral.rs\/en\/wp-json\/wp\/v2\/product\/47432","targetHints":{"allow":["GET"]}}],"collection":[{"href":"https:\/\/wines.coral.rs\/en\/wp-json\/wp\/v2\/product"}],"about":[{"href":"https:\/\/wines.coral.rs\/en\/wp-json\/wp\/v2\/types\/product"}],"version-history":[{"count":0,"href":"https:\/\/wines.coral.rs\/en\/wp-json\/wp\/v2\/product\/47432\/revisions"}],"wp:featuredmedia":[{"embeddable":true,"href":"https:\/\/wines.coral.rs\/en\/wp-json\/wp\/v2\/media\/47314"}],"wp:attachment":[{"href":"https:\/\/wines.coral.rs\/en\/wp-json\/wp\/v2\/media?parent=47432"}],"wp:term":[{"taxonomy":"product_brand","embeddable":true,"href":"https:\/\/wines.coral.rs\/en\/wp-json\/wp\/v2\/product_brand?post=47432"},{"taxonomy":"product_cat","embeddable":true,"href":"https:\/\/wines.coral.rs\/en\/wp-json\/wp\/v2\/product_cat?post=47432"},{"taxonomy":"product_tag","embeddable":true,"href":"https:\/\/wines.coral.rs\/en\/wp-json\/wp\/v2\/product_tag?post=47432"}],"curies":[{"name":"wp","href":"https:\/\/api.w.org\/{rel}","templated":true}]}}