{"id":47447,"date":"2025-09-30T20:14:49","date_gmt":"2025-09-30T20:14:49","guid":{"rendered":"https:\/\/wines.coral.rs\/product\/bock-magnifico-2020-bock-pince-winery\/"},"modified":"2026-02-13T09:11:58","modified_gmt":"2026-02-13T09:11:58","slug":"bock-magnifico-2020-bock-pince-winery","status":"publish","type":"product","link":"https:\/\/wines.coral.rs\/en\/product\/bock-magnifico-2020-bock-pince-winery\/","title":{"rendered":"Bock Magnifico 2020 &#8211; Bock Pince Winery"},"content":{"rendered":"<p data-start=\"2849\" data-end=\"3235\"><strong data-start=\"2849\" data-end=\"2872\">Bock Magnifico 2020<\/strong> is a <strong data-start=\"2876\" data-end=\"2917\">premium dry red wine from Vill\u00e1ny<\/strong>, made from <strong data-start=\"2934\" data-end=\"2979\">100% Merlot grapes from the \u00d6rd\u00f6g\u00e1rok vineyard<\/strong>. This wine boasts <strong data-start=\"2994\" data-end=\"3039\">a deep, dark hue and an exceptionally complex bouquet<\/strong>, featuring notes of <strong data-start=\"3052\" data-end=\"3126\">milk chocolate, rum-soaked cherries, dried plums, and tobacco<\/strong>, reflecting the outstanding concentration and quality of the 2020 vintage. vintage.<\/p>\n<p data-start=\"3237\" data-end=\"3447\">The wine was <strong data-start=\"3245\" data-end=\"3305\">aged for 24 months in new barrique oak barrels<\/strong>, which gives it a <strong data-start=\"3319\" data-end=\"3355\">full body and complex structure<\/strong>, with well-integrated tannins and a long finish.<\/p>\n<p data-start=\"3449\" data-end=\"3708\">This exceptionally powerful Merlot with <strong data-start=\"3480\" data-end=\"3499\">15.00% alcohol<\/strong> is an <strong data-start=\"3503\" data-end=\"3542\">ideal wine for special moments<\/strong>, recommended to be served with <strong data-start=\"3572\" data-end=\"3623\">chocolate desserts, cigars, or more intense dishes<\/strong>, and has a <strong data-start=\"3631\" data-end=\"3667\">storage potential of 10\u201320+ years<\/strong>.<\/p>\n","protected":false},"excerpt":{"rendered":"<div class=\"flex flex-col text-sm pb-25\">\n<article class=\"text-token-text-primary w-full focus:outline-none [--shadow-height:45px] has-data-writing-block:pointer-events-none has-data-writing-block:-mt-(--shadow-height) has-data-writing-block:pt-(--shadow-height) [&amp;:has([data-writing-block])&gt;*]:pointer-events-auto scroll-mt-[calc(var(--header-height)+min(200px,max(70px,20svh)))]\" dir=\"auto\" tabindex=\"-1\" data-turn-id=\"request-696d1848-2cec-8330-ab92-ef6fe1516cd3-16\" data-testid=\"conversation-turn-74\" data-scroll-anchor=\"true\" data-turn=\"assistant\">\n<div class=\"text-base my-auto mx-auto pb-10 [--thread-content-margin:--spacing(4)] @w-sm\/main:[--thread-content-margin:--spacing(6)] @w-lg\/main:[--thread-content-margin:--spacing(16)] px-(--thread-content-margin)\">\n<div class=\"[--thread-content-max-width:40rem] @w-lg\/main:[--thread-content-max-width:48rem] mx-auto max-w-(--thread-content-max-width) flex-1 group\/turn-messages focus-visible:outline-hidden relative flex w-full min-w-0 flex-col agent-turn\" tabindex=\"-1\">\n<div class=\"flex max-w-full flex-col grow\">\n<div class=\"min-h-8 text-message relative flex w-full flex-col items-end gap-2 text-start break-words whitespace-normal [.text-message+&amp;]:mt-1\" dir=\"auto\" data-message-author-role=\"assistant\" data-message-id=\"7db1107d-4805-4a0b-85dc-03502b600991\" data-message-model-slug=\"gpt-5-mini\">\n<div class=\"flex w-full flex-col gap-1 empty:hidden first:pt-[1px]\">\n<div class=\"markdown prose dark:prose-invert w-full break-words light markdown-new-styling\">\n<p data-start=\"77\" data-end=\"399\" data-is-last-node=\"\" data-is-only-node=\"\"><strong data-start=\"77\" data-end=\"100\">Bock Magnifico 2020<\/strong> is a <strong data-start=\"104\" data-end=\"157\">premium dry red 100% Merlot wine from Vill\u00e1ny<\/strong> with deep aromas of <strong data-start=\"177\" data-end=\"241\" data-is-only-node=\"\">chocolate, rum-soaked cherries, dried plums, and tobacco<\/strong>; it was aged for <strong data-start=\"257\" data-end=\"290\">24 months in barrique barrels<\/strong> and won a <strong data-start=\"302\" data-end=\"337\">gold medal at VinAgora 2025<\/strong>, featuring a <strong data-start=\"342\" data-end=\"357\">full body<\/strong> and a <strong data-start=\"360\" data-end=\"398\">storage potential of 10\u201320+ years<\/strong>.<\/p>\n<\/div>\n<\/div>\n<\/div>\n<\/div>\n<div class=\"z-0 flex min-h-[46px] justify-start\"><\/div>\n<div class=\"mt-3 w-full empty:hidden\">\n<div class=\"text-center\"><\/div>\n<\/div>\n<\/div>\n<\/div>\n<\/article>\n<\/div>\n<div class=\"pointer-events-none h-px w-px absolute bottom-0\" aria-hidden=\"true\" data-edge=\"true\"><\/div>\n","protected":false},"featured_media":47317,"template":"","meta":{"_acf_changed":false},"product_brand":[891],"product_cat":[605,580],"product_tag":[583,587,593,585,588],"class_list":{"0":"post-47447","1":"product","2":"type-product","3":"status-publish","4":"has-post-thumbnail","6":"product_brand-bock-pince","7":"product_cat-award-winning-wines","8":"product_cat-red-wine","9":"product_tag-dry-2","10":"product_tag-hungary","11":"product_tag-premium","12":"product_tag-red","13":"product_tag-strong","16":"first","17":"instock","18":"shipping-taxable","19":"purchasable","20":"product-type-simple"},"acf":[],"yoast_head":"<!-- This site is optimized with the Yoast SEO plugin v27.3 - https:\/\/yoast.com\/product\/yoast-seo-wordpress\/ -->\n<title>Bock Magnifico 2020 - Bock Pince Winery - Coral Wines<\/title>\n<meta name=\"robots\" content=\"noindex, follow, max-snippet:-1, max-image-preview:large, max-video-preview:-1\" \/>\n<meta property=\"og:locale\" content=\"en_US\" \/>\n<meta property=\"og:type\" content=\"article\" \/>\n<meta property=\"og:title\" content=\"Bock Magnifico 2020 - Bock Pince Winery - Coral Wines\" \/>\n<meta property=\"og:description\" content=\"Bock Magnifico 2020 is a premium dry red 100% Merlot wine from Vill\u00e1ny with deep aromas of chocolate, rum-soaked cherries, dried plums, and tobacco; it was aged for 24 months in barrique barrels and won a gold medal at VinAgora 2025, featuring a full body and a storage potential of 10\u201320+ years.\" \/>\n<meta property=\"og:url\" content=\"https:\/\/wines.coral.rs\/en\/product\/bock-magnifico-2020-bock-pince-winery\/\" \/>\n<meta property=\"og:site_name\" content=\"Coral Wines\" \/>\n<meta property=\"article:publisher\" content=\"https:\/\/www.facebook.com\/profile.php?id=61587431066738\" \/>\n<meta property=\"article:modified_time\" content=\"2026-02-13T09:11:58+00:00\" \/>\n<meta property=\"og:image\" content=\"https:\/\/wines.coral.rs\/wp-content\/uploads\/2025\/09\/New-Project-9.jpg\" \/>\n\t<meta property=\"og:image:width\" content=\"1000\" \/>\n\t<meta property=\"og:image:height\" content=\"1000\" \/>\n\t<meta property=\"og:image:type\" content=\"image\/jpeg\" \/>\n<meta name=\"twitter:card\" content=\"summary_large_image\" \/>\n<meta name=\"twitter:label1\" content=\"Est. reading time\" \/>\n\t<meta name=\"twitter:data1\" content=\"1 minute\" \/>\n<script type=\"application\/ld+json\" class=\"yoast-schema-graph\">{\"@context\":\"https:\\\/\\\/schema.org\",\"@graph\":[{\"@type\":\"WebPage\",\"@id\":\"https:\\\/\\\/wines.coral.rs\\\/en\\\/product\\\/bock-magnifico-2020-bock-pince-winery\\\/\",\"url\":\"https:\\\/\\\/wines.coral.rs\\\/en\\\/product\\\/bock-magnifico-2020-bock-pince-winery\\\/\",\"name\":\"Bock Magnifico 2020 - Bock Pince Winery - Coral Wines\",\"isPartOf\":{\"@id\":\"https:\\\/\\\/wines.coral.rs\\\/#website\"},\"primaryImageOfPage\":{\"@id\":\"https:\\\/\\\/wines.coral.rs\\\/en\\\/product\\\/bock-magnifico-2020-bock-pince-winery\\\/#primaryimage\"},\"image\":{\"@id\":\"https:\\\/\\\/wines.coral.rs\\\/en\\\/product\\\/bock-magnifico-2020-bock-pince-winery\\\/#primaryimage\"},\"thumbnailUrl\":\"https:\\\/\\\/wines.coral.rs\\\/wp-content\\\/uploads\\\/2025\\\/09\\\/New-Project-9.jpg\",\"datePublished\":\"2025-09-30T20:14:49+00:00\",\"dateModified\":\"2026-02-13T09:11:58+00:00\",\"breadcrumb\":{\"@id\":\"https:\\\/\\\/wines.coral.rs\\\/en\\\/product\\\/bock-magnifico-2020-bock-pince-winery\\\/#breadcrumb\"},\"inLanguage\":\"en-US\",\"potentialAction\":[{\"@type\":\"ReadAction\",\"target\":[\"https:\\\/\\\/wines.coral.rs\\\/en\\\/product\\\/bock-magnifico-2020-bock-pince-winery\\\/\"]}]},{\"@type\":\"ImageObject\",\"inLanguage\":\"en-US\",\"@id\":\"https:\\\/\\\/wines.coral.rs\\\/en\\\/product\\\/bock-magnifico-2020-bock-pince-winery\\\/#primaryimage\",\"url\":\"https:\\\/\\\/wines.coral.rs\\\/wp-content\\\/uploads\\\/2025\\\/09\\\/New-Project-9.jpg\",\"contentUrl\":\"https:\\\/\\\/wines.coral.rs\\\/wp-content\\\/uploads\\\/2025\\\/09\\\/New-Project-9.jpg\",\"width\":1000,\"height\":1000},{\"@type\":\"BreadcrumbList\",\"@id\":\"https:\\\/\\\/wines.coral.rs\\\/en\\\/product\\\/bock-magnifico-2020-bock-pince-winery\\\/#breadcrumb\",\"itemListElement\":[{\"@type\":\"ListItem\",\"position\":1,\"name\":\"Home\",\"item\":\"https:\\\/\\\/wines.coral.rs\\\/en\\\/home\\\/\"},{\"@type\":\"ListItem\",\"position\":2,\"name\":\"Shop\",\"item\":\"https:\\\/\\\/wines.coral.rs\\\/en\\\/shop\\\/\"},{\"@type\":\"ListItem\",\"position\":3,\"name\":\"Bock Magnifico 2020 &#8211; Bock Pince Winery\"}]},{\"@type\":\"WebSite\",\"@id\":\"https:\\\/\\\/wines.coral.rs\\\/#website\",\"url\":\"https:\\\/\\\/wines.coral.rs\\\/\",\"name\":\"Coral Wines\",\"description\":\"\",\"publisher\":{\"@id\":\"https:\\\/\\\/wines.coral.rs\\\/#organization\"},\"potentialAction\":[{\"@type\":\"SearchAction\",\"target\":{\"@type\":\"EntryPoint\",\"urlTemplate\":\"https:\\\/\\\/wines.coral.rs\\\/?s={search_term_string}\"},\"query-input\":{\"@type\":\"PropertyValueSpecification\",\"valueRequired\":true,\"valueName\":\"search_term_string\"}}],\"inLanguage\":\"en-US\"},{\"@type\":\"Organization\",\"@id\":\"https:\\\/\\\/wines.coral.rs\\\/#organization\",\"name\":\"Coral Wines\",\"url\":\"https:\\\/\\\/wines.coral.rs\\\/\",\"logo\":{\"@type\":\"ImageObject\",\"inLanguage\":\"en-US\",\"@id\":\"https:\\\/\\\/wines.coral.rs\\\/#\\\/schema\\\/logo\\\/image\\\/\",\"url\":\"https:\\\/\\\/wines.coral.rs\\\/wp-content\\\/uploads\\\/2025\\\/12\\\/logo-wines.svg\",\"contentUrl\":\"https:\\\/\\\/wines.coral.rs\\\/wp-content\\\/uploads\\\/2025\\\/12\\\/logo-wines.svg\",\"width\":384,\"height\":618,\"caption\":\"Coral Wines\"},\"image\":{\"@id\":\"https:\\\/\\\/wines.coral.rs\\\/#\\\/schema\\\/logo\\\/image\\\/\"},\"sameAs\":[\"https:\\\/\\\/www.facebook.com\\\/profile.php?id=61587431066738\",\"https:\\\/\\\/www.linkedin.com\\\/company\\\/coral-wines\",\"https:\\\/\\\/www.instagram.com\\\/coral.wines\"]}]}<\/script>\n<!-- \/ Yoast SEO plugin. -->","yoast_head_json":{"title":"Bock Magnifico 2020 - Bock Pince Winery - Coral Wines","robots":{"index":"noindex","follow":"follow","max-snippet":"max-snippet:-1","max-image-preview":"max-image-preview:large","max-video-preview":"max-video-preview:-1"},"og_locale":"en_US","og_type":"article","og_title":"Bock Magnifico 2020 - Bock Pince Winery - Coral Wines","og_description":"Bock Magnifico 2020 is a premium dry red 100% Merlot wine from Vill\u00e1ny with deep aromas of chocolate, rum-soaked cherries, dried plums, and tobacco; it was aged for 24 months in barrique barrels and won a gold medal at VinAgora 2025, featuring a full body and a storage potential of 10\u201320+ years.","og_url":"https:\/\/wines.coral.rs\/en\/product\/bock-magnifico-2020-bock-pince-winery\/","og_site_name":"Coral Wines","article_publisher":"https:\/\/www.facebook.com\/profile.php?id=61587431066738","article_modified_time":"2026-02-13T09:11:58+00:00","og_image":[{"width":1000,"height":1000,"url":"https:\/\/wines.coral.rs\/wp-content\/uploads\/2025\/09\/New-Project-9.jpg","type":"image\/jpeg"}],"twitter_card":"summary_large_image","twitter_misc":{"Est. reading time":"1 minute"},"schema":{"@context":"https:\/\/schema.org","@graph":[{"@type":"WebPage","@id":"https:\/\/wines.coral.rs\/en\/product\/bock-magnifico-2020-bock-pince-winery\/","url":"https:\/\/wines.coral.rs\/en\/product\/bock-magnifico-2020-bock-pince-winery\/","name":"Bock Magnifico 2020 - Bock Pince Winery - Coral Wines","isPartOf":{"@id":"https:\/\/wines.coral.rs\/#website"},"primaryImageOfPage":{"@id":"https:\/\/wines.coral.rs\/en\/product\/bock-magnifico-2020-bock-pince-winery\/#primaryimage"},"image":{"@id":"https:\/\/wines.coral.rs\/en\/product\/bock-magnifico-2020-bock-pince-winery\/#primaryimage"},"thumbnailUrl":"https:\/\/wines.coral.rs\/wp-content\/uploads\/2025\/09\/New-Project-9.jpg","datePublished":"2025-09-30T20:14:49+00:00","dateModified":"2026-02-13T09:11:58+00:00","breadcrumb":{"@id":"https:\/\/wines.coral.rs\/en\/product\/bock-magnifico-2020-bock-pince-winery\/#breadcrumb"},"inLanguage":"en-US","potentialAction":[{"@type":"ReadAction","target":["https:\/\/wines.coral.rs\/en\/product\/bock-magnifico-2020-bock-pince-winery\/"]}]},{"@type":"ImageObject","inLanguage":"en-US","@id":"https:\/\/wines.coral.rs\/en\/product\/bock-magnifico-2020-bock-pince-winery\/#primaryimage","url":"https:\/\/wines.coral.rs\/wp-content\/uploads\/2025\/09\/New-Project-9.jpg","contentUrl":"https:\/\/wines.coral.rs\/wp-content\/uploads\/2025\/09\/New-Project-9.jpg","width":1000,"height":1000},{"@type":"BreadcrumbList","@id":"https:\/\/wines.coral.rs\/en\/product\/bock-magnifico-2020-bock-pince-winery\/#breadcrumb","itemListElement":[{"@type":"ListItem","position":1,"name":"Home","item":"https:\/\/wines.coral.rs\/en\/home\/"},{"@type":"ListItem","position":2,"name":"Shop","item":"https:\/\/wines.coral.rs\/en\/shop\/"},{"@type":"ListItem","position":3,"name":"Bock Magnifico 2020 &#8211; Bock Pince Winery"}]},{"@type":"WebSite","@id":"https:\/\/wines.coral.rs\/#website","url":"https:\/\/wines.coral.rs\/","name":"Coral Wines","description":"","publisher":{"@id":"https:\/\/wines.coral.rs\/#organization"},"potentialAction":[{"@type":"SearchAction","target":{"@type":"EntryPoint","urlTemplate":"https:\/\/wines.coral.rs\/?s={search_term_string}"},"query-input":{"@type":"PropertyValueSpecification","valueRequired":true,"valueName":"search_term_string"}}],"inLanguage":"en-US"},{"@type":"Organization","@id":"https:\/\/wines.coral.rs\/#organization","name":"Coral Wines","url":"https:\/\/wines.coral.rs\/","logo":{"@type":"ImageObject","inLanguage":"en-US","@id":"https:\/\/wines.coral.rs\/#\/schema\/logo\/image\/","url":"https:\/\/wines.coral.rs\/wp-content\/uploads\/2025\/12\/logo-wines.svg","contentUrl":"https:\/\/wines.coral.rs\/wp-content\/uploads\/2025\/12\/logo-wines.svg","width":384,"height":618,"caption":"Coral Wines"},"image":{"@id":"https:\/\/wines.coral.rs\/#\/schema\/logo\/image\/"},"sameAs":["https:\/\/www.facebook.com\/profile.php?id=61587431066738","https:\/\/www.linkedin.com\/company\/coral-wines","https:\/\/www.instagram.com\/coral.wines"]}]}},"_links":{"self":[{"href":"https:\/\/wines.coral.rs\/en\/wp-json\/wp\/v2\/product\/47447","targetHints":{"allow":["GET"]}}],"collection":[{"href":"https:\/\/wines.coral.rs\/en\/wp-json\/wp\/v2\/product"}],"about":[{"href":"https:\/\/wines.coral.rs\/en\/wp-json\/wp\/v2\/types\/product"}],"version-history":[{"count":0,"href":"https:\/\/wines.coral.rs\/en\/wp-json\/wp\/v2\/product\/47447\/revisions"}],"wp:featuredmedia":[{"embeddable":true,"href":"https:\/\/wines.coral.rs\/en\/wp-json\/wp\/v2\/media\/47317"}],"wp:attachment":[{"href":"https:\/\/wines.coral.rs\/en\/wp-json\/wp\/v2\/media?parent=47447"}],"wp:term":[{"taxonomy":"product_brand","embeddable":true,"href":"https:\/\/wines.coral.rs\/en\/wp-json\/wp\/v2\/product_brand?post=47447"},{"taxonomy":"product_cat","embeddable":true,"href":"https:\/\/wines.coral.rs\/en\/wp-json\/wp\/v2\/product_cat?post=47447"},{"taxonomy":"product_tag","embeddable":true,"href":"https:\/\/wines.coral.rs\/en\/wp-json\/wp\/v2\/product_tag?post=47447"}],"curies":[{"name":"wp","href":"https:\/\/api.w.org\/{rel}","templated":true}]}}