{"id":47475,"date":"2025-09-24T13:51:12","date_gmt":"2025-09-24T13:51:12","guid":{"rendered":"https:\/\/wines.coral.rs\/product\/gere-villany-franc-ordogarok-2021-attila-gere-winery\/"},"modified":"2026-03-22T19:17:15","modified_gmt":"2026-03-22T19:17:15","slug":"gere-villany-franc-ordogarok-2021-attila-gere-winery","status":"publish","type":"product","link":"https:\/\/wines.coral.rs\/en\/product\/gere-villany-franc-ordogarok-2021-attila-gere-winery\/","title":{"rendered":"Gere Vill\u00e1ny Franc \u00d6rd\u00f6g\u00e1rok 2021 &#8211; Attila Gere Winery"},"content":{"rendered":"<p data-start=\"3930\" data-end=\"4247\"><strong data-start=\"3930\" data-end=\"3968\">Gere Vill\u00e1ny Franc \u00d6rd\u00f6g\u00e1rok 2021<\/strong> is an elegant and <strong data-start=\"3984\" data-end=\"4009\">full-bodied red wine<\/strong> crafted from <strong data-start=\"4025\" data-end=\"4055\">100% Cabernet Franc grapes<\/strong> from the esteemed <em data-start=\"4068\" data-end=\"4079\">\u00d6rd\u00f6g\u00e1rok<\/em> site in the <em data-start=\"4091\" data-end=\"4100\">Vill\u00e1ny<\/em> wine region, featuring <strong data-start=\"4115\" data-end=\"4136\">14\u201314.5% alcohol<\/strong>, making it a serious choice among fine red wines.<\/p>\n<p data-start=\"4249\" data-end=\"4494\">In the glass, it reveals <strong data-start=\"4266\" data-end=\"4317\">intense aromas of ripe red and black fruits<\/strong>, exquisitely balanced with <strong data-start=\"4348\" data-end=\"4380\">notes of smoke, coffee, and chocolate<\/strong>, which harmoniously complement its <strong data-start=\"4412\" data-end=\"4452\">soft tannins and a long, juicy finish<\/strong>.<\/p>\n<p data-start=\"4496\" data-end=\"4819\">Thanks to <strong data-start=\"4509\" data-end=\"4564\">aging in barrique barrels and excellent structure<\/strong>, the wine has <strong data-start=\"4575\" data-end=\"4612\">aging potential for several years<\/strong>, and it <strong data-start=\"4628\" data-end=\"4687\">pairs best with beef, lamb, game, and aged cheeses<\/strong>, making it ideal for anyone seeking a <strong data-start=\"4728\" data-end=\"4777\">rich and complex red wine with character<\/strong>.<\/p>\n","protected":false},"excerpt":{"rendered":"<p><strong data-start=\"249\" data-end=\"287\">Gere Vill\u00e1ny Franc \u00d6rd\u00f6g\u00e1rok 2021<\/strong> is a <strong data-start=\"291\" data-end=\"322\">full-bodied dry red wine<\/strong> made from 100% <strong data-start=\"343\" data-end=\"368\">Cabernet Franc grapes<\/strong>, expressing the <strong data-start=\"384\" data-end=\"431\">warm, elegant character of the Vill\u00e1ny wine region<\/strong> with <strong data-start=\"435\" data-end=\"492\">intense aromas of red and black fruits, smoke, and coffee<\/strong>, and boasts a <strong data-start=\"500\" data-end=\"524\">long, rich finish.<\/strong><\/p>\n","protected":false},"featured_media":47480,"template":"","meta":{"_acf_changed":false},"product_brand":[890],"product_cat":[580],"product_tag":[583,587,599,585],"class_list":{"0":"post-47475","1":"product","2":"type-product","3":"status-publish","4":"has-post-thumbnail","6":"product_brand-attila-gere-pinceszete","7":"product_cat-red-wine","8":"product_tag-dry-2","9":"product_tag-hungary","10":"product_tag-medium-strong","11":"product_tag-red","14":"first","15":"instock","16":"shipping-taxable","17":"purchasable","18":"product-type-simple"},"acf":[],"yoast_head":"<!-- This site is optimized with the Yoast SEO plugin v27.3 - https:\/\/yoast.com\/product\/yoast-seo-wordpress\/ -->\n<title>Gere Vill\u00e1ny Franc \u00d6rd\u00f6g\u00e1rok 2021 - Attila Gere Winery - Coral Wines<\/title>\n<meta name=\"robots\" content=\"noindex, follow, max-snippet:-1, max-image-preview:large, max-video-preview:-1\" \/>\n<meta property=\"og:locale\" content=\"en_US\" \/>\n<meta property=\"og:type\" content=\"article\" \/>\n<meta property=\"og:title\" content=\"Gere Vill\u00e1ny Franc \u00d6rd\u00f6g\u00e1rok 2021 - Attila Gere Winery - Coral Wines\" \/>\n<meta property=\"og:description\" content=\"Gere Vill\u00e1ny Franc \u00d6rd\u00f6g\u00e1rok 2021 is a full-bodied dry red wine made from 100% Cabernet Franc grapes, expressing the warm, elegant character of the Vill\u00e1ny wine region with intense aromas of red and black fruits, smoke, and coffee, and boasts a long, rich finish.\" \/>\n<meta property=\"og:url\" content=\"https:\/\/wines.coral.rs\/en\/product\/gere-villany-franc-ordogarok-2021-attila-gere-winery\/\" \/>\n<meta property=\"og:site_name\" content=\"Coral Wines\" \/>\n<meta property=\"article:publisher\" content=\"https:\/\/www.facebook.com\/profile.php?id=61587431066738\" \/>\n<meta property=\"article:modified_time\" content=\"2026-03-22T19:17:15+00:00\" \/>\n<meta property=\"og:image\" content=\"https:\/\/wines.coral.rs\/wp-content\/uploads\/2025\/09\/New-Project-20.jpg\" \/>\n\t<meta property=\"og:image:width\" content=\"1000\" \/>\n\t<meta property=\"og:image:height\" content=\"1000\" \/>\n\t<meta property=\"og:image:type\" content=\"image\/jpeg\" \/>\n<meta name=\"twitter:card\" content=\"summary_large_image\" \/>\n<meta name=\"twitter:label1\" content=\"Est. reading time\" \/>\n\t<meta name=\"twitter:data1\" content=\"1 minute\" \/>\n<script type=\"application\/ld+json\" class=\"yoast-schema-graph\">{\"@context\":\"https:\\\/\\\/schema.org\",\"@graph\":[{\"@type\":\"WebPage\",\"@id\":\"https:\\\/\\\/wines.coral.rs\\\/en\\\/product\\\/gere-villany-franc-ordogarok-2021-attila-gere-winery\\\/\",\"url\":\"https:\\\/\\\/wines.coral.rs\\\/en\\\/product\\\/gere-villany-franc-ordogarok-2021-attila-gere-winery\\\/\",\"name\":\"Gere Vill\u00e1ny Franc \u00d6rd\u00f6g\u00e1rok 2021 - Attila Gere Winery - Coral Wines\",\"isPartOf\":{\"@id\":\"https:\\\/\\\/wines.coral.rs\\\/#website\"},\"primaryImageOfPage\":{\"@id\":\"https:\\\/\\\/wines.coral.rs\\\/en\\\/product\\\/gere-villany-franc-ordogarok-2021-attila-gere-winery\\\/#primaryimage\"},\"image\":{\"@id\":\"https:\\\/\\\/wines.coral.rs\\\/en\\\/product\\\/gere-villany-franc-ordogarok-2021-attila-gere-winery\\\/#primaryimage\"},\"thumbnailUrl\":\"https:\\\/\\\/wines.coral.rs\\\/wp-content\\\/uploads\\\/2025\\\/09\\\/New-Project-20.jpg\",\"datePublished\":\"2025-09-24T13:51:12+00:00\",\"dateModified\":\"2026-03-22T19:17:15+00:00\",\"breadcrumb\":{\"@id\":\"https:\\\/\\\/wines.coral.rs\\\/en\\\/product\\\/gere-villany-franc-ordogarok-2021-attila-gere-winery\\\/#breadcrumb\"},\"inLanguage\":\"en-US\",\"potentialAction\":[{\"@type\":\"ReadAction\",\"target\":[\"https:\\\/\\\/wines.coral.rs\\\/en\\\/product\\\/gere-villany-franc-ordogarok-2021-attila-gere-winery\\\/\"]}]},{\"@type\":\"ImageObject\",\"inLanguage\":\"en-US\",\"@id\":\"https:\\\/\\\/wines.coral.rs\\\/en\\\/product\\\/gere-villany-franc-ordogarok-2021-attila-gere-winery\\\/#primaryimage\",\"url\":\"https:\\\/\\\/wines.coral.rs\\\/wp-content\\\/uploads\\\/2025\\\/09\\\/New-Project-20.jpg\",\"contentUrl\":\"https:\\\/\\\/wines.coral.rs\\\/wp-content\\\/uploads\\\/2025\\\/09\\\/New-Project-20.jpg\",\"width\":1000,\"height\":1000},{\"@type\":\"BreadcrumbList\",\"@id\":\"https:\\\/\\\/wines.coral.rs\\\/en\\\/product\\\/gere-villany-franc-ordogarok-2021-attila-gere-winery\\\/#breadcrumb\",\"itemListElement\":[{\"@type\":\"ListItem\",\"position\":1,\"name\":\"Home\",\"item\":\"https:\\\/\\\/wines.coral.rs\\\/en\\\/home\\\/\"},{\"@type\":\"ListItem\",\"position\":2,\"name\":\"Shop\",\"item\":\"https:\\\/\\\/wines.coral.rs\\\/en\\\/shop\\\/\"},{\"@type\":\"ListItem\",\"position\":3,\"name\":\"Gere Vill\u00e1ny Franc \u00d6rd\u00f6g\u00e1rok 2021 &#8211; Attila Gere Winery\"}]},{\"@type\":\"WebSite\",\"@id\":\"https:\\\/\\\/wines.coral.rs\\\/#website\",\"url\":\"https:\\\/\\\/wines.coral.rs\\\/\",\"name\":\"Coral Wines\",\"description\":\"\",\"publisher\":{\"@id\":\"https:\\\/\\\/wines.coral.rs\\\/#organization\"},\"potentialAction\":[{\"@type\":\"SearchAction\",\"target\":{\"@type\":\"EntryPoint\",\"urlTemplate\":\"https:\\\/\\\/wines.coral.rs\\\/?s={search_term_string}\"},\"query-input\":{\"@type\":\"PropertyValueSpecification\",\"valueRequired\":true,\"valueName\":\"search_term_string\"}}],\"inLanguage\":\"en-US\"},{\"@type\":\"Organization\",\"@id\":\"https:\\\/\\\/wines.coral.rs\\\/#organization\",\"name\":\"Coral Wines\",\"url\":\"https:\\\/\\\/wines.coral.rs\\\/\",\"logo\":{\"@type\":\"ImageObject\",\"inLanguage\":\"en-US\",\"@id\":\"https:\\\/\\\/wines.coral.rs\\\/#\\\/schema\\\/logo\\\/image\\\/\",\"url\":\"https:\\\/\\\/wines.coral.rs\\\/wp-content\\\/uploads\\\/2025\\\/12\\\/logo-wines.svg\",\"contentUrl\":\"https:\\\/\\\/wines.coral.rs\\\/wp-content\\\/uploads\\\/2025\\\/12\\\/logo-wines.svg\",\"width\":384,\"height\":618,\"caption\":\"Coral Wines\"},\"image\":{\"@id\":\"https:\\\/\\\/wines.coral.rs\\\/#\\\/schema\\\/logo\\\/image\\\/\"},\"sameAs\":[\"https:\\\/\\\/www.facebook.com\\\/profile.php?id=61587431066738\",\"https:\\\/\\\/www.linkedin.com\\\/company\\\/coral-wines\",\"https:\\\/\\\/www.instagram.com\\\/coral.wines\"]}]}<\/script>\n<!-- \/ Yoast SEO plugin. -->","yoast_head_json":{"title":"Gere Vill\u00e1ny Franc \u00d6rd\u00f6g\u00e1rok 2021 - Attila Gere Winery - Coral Wines","robots":{"index":"noindex","follow":"follow","max-snippet":"max-snippet:-1","max-image-preview":"max-image-preview:large","max-video-preview":"max-video-preview:-1"},"og_locale":"en_US","og_type":"article","og_title":"Gere Vill\u00e1ny Franc \u00d6rd\u00f6g\u00e1rok 2021 - Attila Gere Winery - Coral Wines","og_description":"Gere Vill\u00e1ny Franc \u00d6rd\u00f6g\u00e1rok 2021 is a full-bodied dry red wine made from 100% Cabernet Franc grapes, expressing the warm, elegant character of the Vill\u00e1ny wine region with intense aromas of red and black fruits, smoke, and coffee, and boasts a long, rich finish.","og_url":"https:\/\/wines.coral.rs\/en\/product\/gere-villany-franc-ordogarok-2021-attila-gere-winery\/","og_site_name":"Coral Wines","article_publisher":"https:\/\/www.facebook.com\/profile.php?id=61587431066738","article_modified_time":"2026-03-22T19:17:15+00:00","og_image":[{"width":1000,"height":1000,"url":"https:\/\/wines.coral.rs\/wp-content\/uploads\/2025\/09\/New-Project-20.jpg","type":"image\/jpeg"}],"twitter_card":"summary_large_image","twitter_misc":{"Est. reading time":"1 minute"},"schema":{"@context":"https:\/\/schema.org","@graph":[{"@type":"WebPage","@id":"https:\/\/wines.coral.rs\/en\/product\/gere-villany-franc-ordogarok-2021-attila-gere-winery\/","url":"https:\/\/wines.coral.rs\/en\/product\/gere-villany-franc-ordogarok-2021-attila-gere-winery\/","name":"Gere Vill\u00e1ny Franc \u00d6rd\u00f6g\u00e1rok 2021 - Attila Gere Winery - Coral Wines","isPartOf":{"@id":"https:\/\/wines.coral.rs\/#website"},"primaryImageOfPage":{"@id":"https:\/\/wines.coral.rs\/en\/product\/gere-villany-franc-ordogarok-2021-attila-gere-winery\/#primaryimage"},"image":{"@id":"https:\/\/wines.coral.rs\/en\/product\/gere-villany-franc-ordogarok-2021-attila-gere-winery\/#primaryimage"},"thumbnailUrl":"https:\/\/wines.coral.rs\/wp-content\/uploads\/2025\/09\/New-Project-20.jpg","datePublished":"2025-09-24T13:51:12+00:00","dateModified":"2026-03-22T19:17:15+00:00","breadcrumb":{"@id":"https:\/\/wines.coral.rs\/en\/product\/gere-villany-franc-ordogarok-2021-attila-gere-winery\/#breadcrumb"},"inLanguage":"en-US","potentialAction":[{"@type":"ReadAction","target":["https:\/\/wines.coral.rs\/en\/product\/gere-villany-franc-ordogarok-2021-attila-gere-winery\/"]}]},{"@type":"ImageObject","inLanguage":"en-US","@id":"https:\/\/wines.coral.rs\/en\/product\/gere-villany-franc-ordogarok-2021-attila-gere-winery\/#primaryimage","url":"https:\/\/wines.coral.rs\/wp-content\/uploads\/2025\/09\/New-Project-20.jpg","contentUrl":"https:\/\/wines.coral.rs\/wp-content\/uploads\/2025\/09\/New-Project-20.jpg","width":1000,"height":1000},{"@type":"BreadcrumbList","@id":"https:\/\/wines.coral.rs\/en\/product\/gere-villany-franc-ordogarok-2021-attila-gere-winery\/#breadcrumb","itemListElement":[{"@type":"ListItem","position":1,"name":"Home","item":"https:\/\/wines.coral.rs\/en\/home\/"},{"@type":"ListItem","position":2,"name":"Shop","item":"https:\/\/wines.coral.rs\/en\/shop\/"},{"@type":"ListItem","position":3,"name":"Gere Vill\u00e1ny Franc \u00d6rd\u00f6g\u00e1rok 2021 &#8211; Attila Gere Winery"}]},{"@type":"WebSite","@id":"https:\/\/wines.coral.rs\/#website","url":"https:\/\/wines.coral.rs\/","name":"Coral Wines","description":"","publisher":{"@id":"https:\/\/wines.coral.rs\/#organization"},"potentialAction":[{"@type":"SearchAction","target":{"@type":"EntryPoint","urlTemplate":"https:\/\/wines.coral.rs\/?s={search_term_string}"},"query-input":{"@type":"PropertyValueSpecification","valueRequired":true,"valueName":"search_term_string"}}],"inLanguage":"en-US"},{"@type":"Organization","@id":"https:\/\/wines.coral.rs\/#organization","name":"Coral Wines","url":"https:\/\/wines.coral.rs\/","logo":{"@type":"ImageObject","inLanguage":"en-US","@id":"https:\/\/wines.coral.rs\/#\/schema\/logo\/image\/","url":"https:\/\/wines.coral.rs\/wp-content\/uploads\/2025\/12\/logo-wines.svg","contentUrl":"https:\/\/wines.coral.rs\/wp-content\/uploads\/2025\/12\/logo-wines.svg","width":384,"height":618,"caption":"Coral Wines"},"image":{"@id":"https:\/\/wines.coral.rs\/#\/schema\/logo\/image\/"},"sameAs":["https:\/\/www.facebook.com\/profile.php?id=61587431066738","https:\/\/www.linkedin.com\/company\/coral-wines","https:\/\/www.instagram.com\/coral.wines"]}]}},"_links":{"self":[{"href":"https:\/\/wines.coral.rs\/en\/wp-json\/wp\/v2\/product\/47475","targetHints":{"allow":["GET"]}}],"collection":[{"href":"https:\/\/wines.coral.rs\/en\/wp-json\/wp\/v2\/product"}],"about":[{"href":"https:\/\/wines.coral.rs\/en\/wp-json\/wp\/v2\/types\/product"}],"version-history":[{"count":0,"href":"https:\/\/wines.coral.rs\/en\/wp-json\/wp\/v2\/product\/47475\/revisions"}],"wp:featuredmedia":[{"embeddable":true,"href":"https:\/\/wines.coral.rs\/en\/wp-json\/wp\/v2\/media\/47480"}],"wp:attachment":[{"href":"https:\/\/wines.coral.rs\/en\/wp-json\/wp\/v2\/media?parent=47475"}],"wp:term":[{"taxonomy":"product_brand","embeddable":true,"href":"https:\/\/wines.coral.rs\/en\/wp-json\/wp\/v2\/product_brand?post=47475"},{"taxonomy":"product_cat","embeddable":true,"href":"https:\/\/wines.coral.rs\/en\/wp-json\/wp\/v2\/product_cat?post=47475"},{"taxonomy":"product_tag","embeddable":true,"href":"https:\/\/wines.coral.rs\/en\/wp-json\/wp\/v2\/product_tag?post=47475"}],"curies":[{"name":"wp","href":"https:\/\/api.w.org\/{rel}","templated":true}]}}