{"id":47681,"date":"2026-02-10T21:53:29","date_gmt":"2026-02-10T21:53:29","guid":{"rendered":"https:\/\/wines.coral.rs\/product\/kekfrankos-2020-wassmann-weingut-winery\/"},"modified":"2026-02-18T13:51:24","modified_gmt":"2026-02-18T13:51:24","slug":"kekfrankos-2020-wassmann-weingut-winery","status":"publish","type":"product","link":"https:\/\/wines.coral.rs\/en\/product\/kekfrankos-2020-wassmann-weingut-winery\/","title":{"rendered":"K\u00e9kfrankos 2020 &#8211; Wassmann Weingut Winery"},"content":{"rendered":"<p data-start=\"3320\" data-end=\"3725\"><strong data-start=\"3320\" data-end=\"3348\">Wassmann K\u00e9kfrankos 2020<\/strong> is a quintessential red wine crafted from 100% <em data-start=\"3399\" data-end=\"3411\">K\u00e9kfrankos<\/em> grapes sourced from the renowned vineyards of <em data-start=\"3440\" data-end=\"3452\">V\u00e1ros Hegy<\/em> and <em data-start=\"3455\" data-end=\"3465\">Hidegk\u00fat<\/em> in Hungary&#8217;s Vill\u00e1ny wine region. It is produced at Wassmann Winery, which adheres to biodynamic principles, employing minimal intervention and a natural approach to fermentation and aging in used barrique barrels. <\/p>\n<p data-start=\"3727\" data-end=\"4076\">The aroma clearly reveals ripe <strong data-start=\"3760\" data-end=\"3796\">cherries, cocoa, and delicate vanilla notes<\/strong>, complemented by subtle aromatic traces of bitter almond and herbal nuances. On the palate, the wine is juicy and balanced, with a pronounced fruit texture and fine tannins, culminating in a long, soft finish with hints of <strong data-start=\"3997\" data-end=\"4035\">dark chocolate and spicy undertones<\/strong>. <\/p>\n<p data-start=\"4078\" data-end=\"4469\">The production process is based on spontaneous fermentation and malolactic conversion, with the wine aging for nearly 18 months in wooden barrels before bottling. This imparts additional complexity and structure. Thanks to its excellent balance and pronounced acidity, the wine can be enjoyed now, yet also possesses solid potential for further development in the bottle until approximately 2030.  <\/p>\n","protected":false},"excerpt":{"rendered":"<p><strong data-start=\"3044\" data-end=\"3072\">Wassmann K\u00e9kfrankos 2020<\/strong> is a <em data-start=\"3076\" data-end=\"3119\">juicy, dry red wine from the Vill\u00e1ny region<\/em> with aromas of ripe cherries, cocoa, and vanilla, a long, soft finish, and excellent aging potential, pairing well with more intense dishes.<\/p>\n","protected":false},"featured_media":47682,"template":"","meta":{"_acf_changed":false},"product_brand":[893],"product_cat":[725,580],"product_tag":[583,587,728,585],"class_list":{"0":"post-47681","1":"product","2":"type-product","3":"status-publish","4":"has-post-thumbnail","6":"product_brand-wassmann-weingut","7":"product_cat-natural-wines","8":"product_cat-red-wine","9":"product_tag-dry-2","10":"product_tag-hungary","11":"product_tag-natural","12":"product_tag-red","15":"first","16":"instock","17":"shipping-taxable","18":"purchasable","19":"product-type-simple"},"acf":[],"yoast_head":"<!-- This site is optimized with the Yoast SEO plugin v27.3 - https:\/\/yoast.com\/product\/yoast-seo-wordpress\/ -->\n<title>K\u00e9kfrankos 2020 - Wassmann Weingut Winery - Coral Wines<\/title>\n<meta name=\"robots\" content=\"noindex, follow, max-snippet:-1, max-image-preview:large, max-video-preview:-1\" \/>\n<meta property=\"og:locale\" content=\"en_US\" \/>\n<meta property=\"og:type\" content=\"article\" \/>\n<meta property=\"og:title\" content=\"K\u00e9kfrankos 2020 - Wassmann Weingut Winery - Coral Wines\" \/>\n<meta property=\"og:description\" content=\"Wassmann K\u00e9kfrankos 2020 is a juicy, dry red wine from the Vill\u00e1ny region with aromas of ripe cherries, cocoa, and vanilla, a long, soft finish, and excellent aging potential, pairing well with more intense dishes.\" \/>\n<meta property=\"og:url\" content=\"https:\/\/wines.coral.rs\/en\/product\/kekfrankos-2020-wassmann-weingut-winery\/\" \/>\n<meta property=\"og:site_name\" content=\"Coral Wines\" \/>\n<meta property=\"article:publisher\" content=\"https:\/\/www.facebook.com\/profile.php?id=61587431066738\" \/>\n<meta property=\"article:modified_time\" content=\"2026-02-18T13:51:24+00:00\" \/>\n<meta property=\"og:image\" content=\"https:\/\/wines.coral.rs\/wp-content\/uploads\/2026\/02\/New-Project-35.jpg\" \/>\n\t<meta property=\"og:image:width\" content=\"1000\" \/>\n\t<meta property=\"og:image:height\" content=\"1000\" \/>\n\t<meta property=\"og:image:type\" content=\"image\/jpeg\" \/>\n<meta name=\"twitter:card\" content=\"summary_large_image\" \/>\n<meta name=\"twitter:label1\" content=\"Est. reading time\" \/>\n\t<meta name=\"twitter:data1\" content=\"1 minute\" \/>\n<script type=\"application\/ld+json\" class=\"yoast-schema-graph\">{\"@context\":\"https:\\\/\\\/schema.org\",\"@graph\":[{\"@type\":\"WebPage\",\"@id\":\"https:\\\/\\\/wines.coral.rs\\\/en\\\/product\\\/kekfrankos-2020-wassmann-weingut-winery\\\/\",\"url\":\"https:\\\/\\\/wines.coral.rs\\\/en\\\/product\\\/kekfrankos-2020-wassmann-weingut-winery\\\/\",\"name\":\"K\u00e9kfrankos 2020 - Wassmann Weingut Winery - Coral Wines\",\"isPartOf\":{\"@id\":\"https:\\\/\\\/wines.coral.rs\\\/#website\"},\"primaryImageOfPage\":{\"@id\":\"https:\\\/\\\/wines.coral.rs\\\/en\\\/product\\\/kekfrankos-2020-wassmann-weingut-winery\\\/#primaryimage\"},\"image\":{\"@id\":\"https:\\\/\\\/wines.coral.rs\\\/en\\\/product\\\/kekfrankos-2020-wassmann-weingut-winery\\\/#primaryimage\"},\"thumbnailUrl\":\"https:\\\/\\\/wines.coral.rs\\\/wp-content\\\/uploads\\\/2026\\\/02\\\/New-Project-35.jpg\",\"datePublished\":\"2026-02-10T21:53:29+00:00\",\"dateModified\":\"2026-02-18T13:51:24+00:00\",\"breadcrumb\":{\"@id\":\"https:\\\/\\\/wines.coral.rs\\\/en\\\/product\\\/kekfrankos-2020-wassmann-weingut-winery\\\/#breadcrumb\"},\"inLanguage\":\"en-US\",\"potentialAction\":[{\"@type\":\"ReadAction\",\"target\":[\"https:\\\/\\\/wines.coral.rs\\\/en\\\/product\\\/kekfrankos-2020-wassmann-weingut-winery\\\/\"]}]},{\"@type\":\"ImageObject\",\"inLanguage\":\"en-US\",\"@id\":\"https:\\\/\\\/wines.coral.rs\\\/en\\\/product\\\/kekfrankos-2020-wassmann-weingut-winery\\\/#primaryimage\",\"url\":\"https:\\\/\\\/wines.coral.rs\\\/wp-content\\\/uploads\\\/2026\\\/02\\\/New-Project-35.jpg\",\"contentUrl\":\"https:\\\/\\\/wines.coral.rs\\\/wp-content\\\/uploads\\\/2026\\\/02\\\/New-Project-35.jpg\",\"width\":1000,\"height\":1000},{\"@type\":\"BreadcrumbList\",\"@id\":\"https:\\\/\\\/wines.coral.rs\\\/en\\\/product\\\/kekfrankos-2020-wassmann-weingut-winery\\\/#breadcrumb\",\"itemListElement\":[{\"@type\":\"ListItem\",\"position\":1,\"name\":\"Home\",\"item\":\"https:\\\/\\\/wines.coral.rs\\\/en\\\/home\\\/\"},{\"@type\":\"ListItem\",\"position\":2,\"name\":\"Shop\",\"item\":\"https:\\\/\\\/wines.coral.rs\\\/en\\\/shop\\\/\"},{\"@type\":\"ListItem\",\"position\":3,\"name\":\"K\u00e9kfrankos 2020 &#8211; Wassmann Weingut Winery\"}]},{\"@type\":\"WebSite\",\"@id\":\"https:\\\/\\\/wines.coral.rs\\\/#website\",\"url\":\"https:\\\/\\\/wines.coral.rs\\\/\",\"name\":\"Coral Wines\",\"description\":\"\",\"publisher\":{\"@id\":\"https:\\\/\\\/wines.coral.rs\\\/#organization\"},\"potentialAction\":[{\"@type\":\"SearchAction\",\"target\":{\"@type\":\"EntryPoint\",\"urlTemplate\":\"https:\\\/\\\/wines.coral.rs\\\/?s={search_term_string}\"},\"query-input\":{\"@type\":\"PropertyValueSpecification\",\"valueRequired\":true,\"valueName\":\"search_term_string\"}}],\"inLanguage\":\"en-US\"},{\"@type\":\"Organization\",\"@id\":\"https:\\\/\\\/wines.coral.rs\\\/#organization\",\"name\":\"Coral Wines\",\"url\":\"https:\\\/\\\/wines.coral.rs\\\/\",\"logo\":{\"@type\":\"ImageObject\",\"inLanguage\":\"en-US\",\"@id\":\"https:\\\/\\\/wines.coral.rs\\\/#\\\/schema\\\/logo\\\/image\\\/\",\"url\":\"https:\\\/\\\/wines.coral.rs\\\/wp-content\\\/uploads\\\/2025\\\/12\\\/logo-wines.svg\",\"contentUrl\":\"https:\\\/\\\/wines.coral.rs\\\/wp-content\\\/uploads\\\/2025\\\/12\\\/logo-wines.svg\",\"width\":384,\"height\":618,\"caption\":\"Coral Wines\"},\"image\":{\"@id\":\"https:\\\/\\\/wines.coral.rs\\\/#\\\/schema\\\/logo\\\/image\\\/\"},\"sameAs\":[\"https:\\\/\\\/www.facebook.com\\\/profile.php?id=61587431066738\",\"https:\\\/\\\/www.linkedin.com\\\/company\\\/coral-wines\",\"https:\\\/\\\/www.instagram.com\\\/coral.wines\"]}]}<\/script>\n<!-- \/ Yoast SEO plugin. -->","yoast_head_json":{"title":"K\u00e9kfrankos 2020 - Wassmann Weingut Winery - Coral Wines","robots":{"index":"noindex","follow":"follow","max-snippet":"max-snippet:-1","max-image-preview":"max-image-preview:large","max-video-preview":"max-video-preview:-1"},"og_locale":"en_US","og_type":"article","og_title":"K\u00e9kfrankos 2020 - Wassmann Weingut Winery - Coral Wines","og_description":"Wassmann K\u00e9kfrankos 2020 is a juicy, dry red wine from the Vill\u00e1ny region with aromas of ripe cherries, cocoa, and vanilla, a long, soft finish, and excellent aging potential, pairing well with more intense dishes.","og_url":"https:\/\/wines.coral.rs\/en\/product\/kekfrankos-2020-wassmann-weingut-winery\/","og_site_name":"Coral Wines","article_publisher":"https:\/\/www.facebook.com\/profile.php?id=61587431066738","article_modified_time":"2026-02-18T13:51:24+00:00","og_image":[{"width":1000,"height":1000,"url":"https:\/\/wines.coral.rs\/wp-content\/uploads\/2026\/02\/New-Project-35.jpg","type":"image\/jpeg"}],"twitter_card":"summary_large_image","twitter_misc":{"Est. reading time":"1 minute"},"schema":{"@context":"https:\/\/schema.org","@graph":[{"@type":"WebPage","@id":"https:\/\/wines.coral.rs\/en\/product\/kekfrankos-2020-wassmann-weingut-winery\/","url":"https:\/\/wines.coral.rs\/en\/product\/kekfrankos-2020-wassmann-weingut-winery\/","name":"K\u00e9kfrankos 2020 - Wassmann Weingut Winery - Coral Wines","isPartOf":{"@id":"https:\/\/wines.coral.rs\/#website"},"primaryImageOfPage":{"@id":"https:\/\/wines.coral.rs\/en\/product\/kekfrankos-2020-wassmann-weingut-winery\/#primaryimage"},"image":{"@id":"https:\/\/wines.coral.rs\/en\/product\/kekfrankos-2020-wassmann-weingut-winery\/#primaryimage"},"thumbnailUrl":"https:\/\/wines.coral.rs\/wp-content\/uploads\/2026\/02\/New-Project-35.jpg","datePublished":"2026-02-10T21:53:29+00:00","dateModified":"2026-02-18T13:51:24+00:00","breadcrumb":{"@id":"https:\/\/wines.coral.rs\/en\/product\/kekfrankos-2020-wassmann-weingut-winery\/#breadcrumb"},"inLanguage":"en-US","potentialAction":[{"@type":"ReadAction","target":["https:\/\/wines.coral.rs\/en\/product\/kekfrankos-2020-wassmann-weingut-winery\/"]}]},{"@type":"ImageObject","inLanguage":"en-US","@id":"https:\/\/wines.coral.rs\/en\/product\/kekfrankos-2020-wassmann-weingut-winery\/#primaryimage","url":"https:\/\/wines.coral.rs\/wp-content\/uploads\/2026\/02\/New-Project-35.jpg","contentUrl":"https:\/\/wines.coral.rs\/wp-content\/uploads\/2026\/02\/New-Project-35.jpg","width":1000,"height":1000},{"@type":"BreadcrumbList","@id":"https:\/\/wines.coral.rs\/en\/product\/kekfrankos-2020-wassmann-weingut-winery\/#breadcrumb","itemListElement":[{"@type":"ListItem","position":1,"name":"Home","item":"https:\/\/wines.coral.rs\/en\/home\/"},{"@type":"ListItem","position":2,"name":"Shop","item":"https:\/\/wines.coral.rs\/en\/shop\/"},{"@type":"ListItem","position":3,"name":"K\u00e9kfrankos 2020 &#8211; Wassmann Weingut Winery"}]},{"@type":"WebSite","@id":"https:\/\/wines.coral.rs\/#website","url":"https:\/\/wines.coral.rs\/","name":"Coral Wines","description":"","publisher":{"@id":"https:\/\/wines.coral.rs\/#organization"},"potentialAction":[{"@type":"SearchAction","target":{"@type":"EntryPoint","urlTemplate":"https:\/\/wines.coral.rs\/?s={search_term_string}"},"query-input":{"@type":"PropertyValueSpecification","valueRequired":true,"valueName":"search_term_string"}}],"inLanguage":"en-US"},{"@type":"Organization","@id":"https:\/\/wines.coral.rs\/#organization","name":"Coral Wines","url":"https:\/\/wines.coral.rs\/","logo":{"@type":"ImageObject","inLanguage":"en-US","@id":"https:\/\/wines.coral.rs\/#\/schema\/logo\/image\/","url":"https:\/\/wines.coral.rs\/wp-content\/uploads\/2025\/12\/logo-wines.svg","contentUrl":"https:\/\/wines.coral.rs\/wp-content\/uploads\/2025\/12\/logo-wines.svg","width":384,"height":618,"caption":"Coral Wines"},"image":{"@id":"https:\/\/wines.coral.rs\/#\/schema\/logo\/image\/"},"sameAs":["https:\/\/www.facebook.com\/profile.php?id=61587431066738","https:\/\/www.linkedin.com\/company\/coral-wines","https:\/\/www.instagram.com\/coral.wines"]}]}},"_links":{"self":[{"href":"https:\/\/wines.coral.rs\/en\/wp-json\/wp\/v2\/product\/47681","targetHints":{"allow":["GET"]}}],"collection":[{"href":"https:\/\/wines.coral.rs\/en\/wp-json\/wp\/v2\/product"}],"about":[{"href":"https:\/\/wines.coral.rs\/en\/wp-json\/wp\/v2\/types\/product"}],"version-history":[{"count":0,"href":"https:\/\/wines.coral.rs\/en\/wp-json\/wp\/v2\/product\/47681\/revisions"}],"wp:featuredmedia":[{"embeddable":true,"href":"https:\/\/wines.coral.rs\/en\/wp-json\/wp\/v2\/media\/47682"}],"wp:attachment":[{"href":"https:\/\/wines.coral.rs\/en\/wp-json\/wp\/v2\/media?parent=47681"}],"wp:term":[{"taxonomy":"product_brand","embeddable":true,"href":"https:\/\/wines.coral.rs\/en\/wp-json\/wp\/v2\/product_brand?post=47681"},{"taxonomy":"product_cat","embeddable":true,"href":"https:\/\/wines.coral.rs\/en\/wp-json\/wp\/v2\/product_cat?post=47681"},{"taxonomy":"product_tag","embeddable":true,"href":"https:\/\/wines.coral.rs\/en\/wp-json\/wp\/v2\/product_tag?post=47681"}],"curies":[{"name":"wp","href":"https:\/\/api.w.org\/{rel}","templated":true}]}}