{"id":47868,"date":"2026-02-13T21:53:39","date_gmt":"2026-02-13T21:53:39","guid":{"rendered":"https:\/\/wines.coral.rs\/product\/oleles-merlot-2022-vida-borbirtok-winery\/"},"modified":"2026-02-19T08:47:34","modified_gmt":"2026-02-19T08:47:34","slug":"oleles-merlot-2022-vida-borbirtok-winery","status":"publish","type":"product","link":"https:\/\/wines.coral.rs\/en\/product\/oleles-merlot-2022-vida-borbirtok-winery\/","title":{"rendered":"\u00d6lel\u00e9s Merlot 2022 &#8211; Vida Borbirtok Winery"},"content":{"rendered":"<p><strong data-start=\"2603\" data-end=\"2640\">Vida Borbirtok \u00d6lel\u00e9s Merlot 2022<\/strong> is a <strong data-start=\"2644\" data-end=\"2671\">dry, still red wine<\/strong> made from 100% <strong data-start=\"2699\" data-end=\"2709\">Merlot<\/strong> from the <strong data-start=\"2723\" data-end=\"2736\">Szeksz\u00e1rd<\/strong> wine region in Hungary. The grapes were hand-picked and fermented after cold soaking, and the wine was aged for approximately <strong data-start=\"2838\" data-end=\"2880\">12 months in large oak barrels<\/strong>, giving it a combination of <strong data-start=\"2906\" data-end=\"2959\">red berry aromas and spicy nuances<\/strong>, along with balanced acidity and a medium body. This is an example of the traditional <em data-start=\"3031\" data-end=\"3046\">Szeksz\u00e1rd<\/em> Merlot style with a clearly expressed fruity profile and stable structure.  <\/p>\n","protected":false},"excerpt":{"rendered":"<p><strong data-start=\"2414\" data-end=\"2451\">Vida Borbirtok \u00d6lel\u00e9s Merlot 2022<\/strong> is a dry red <strong data-start=\"2478\" data-end=\"2488\">Merlot<\/strong> from the Szeksz\u00e1rd wine region with aromas of red berries, a medium body, and balanced acidity.<\/p>\n","protected":false},"featured_media":47869,"template":"","meta":{"_acf_changed":false},"product_brand":[1751],"product_cat":[580],"product_tag":[583,587,585,615],"class_list":{"0":"post-47868","1":"product","2":"type-product","3":"status-publish","4":"has-post-thumbnail","6":"product_brand-vida-borbirtok","7":"product_cat-red-wine","8":"product_tag-dry-2","9":"product_tag-hungary","10":"product_tag-red","11":"product_tag-still","14":"first","15":"instock","16":"shipping-taxable","17":"purchasable","18":"product-type-simple"},"acf":[],"yoast_head":"<!-- This site is optimized with the Yoast SEO plugin v27.3 - https:\/\/yoast.com\/product\/yoast-seo-wordpress\/ -->\n<title>\u00d6lel\u00e9s Merlot 2022 - Vida Borbirtok Winery - Coral Wines<\/title>\n<meta name=\"robots\" content=\"noindex, follow, max-snippet:-1, max-image-preview:large, max-video-preview:-1\" \/>\n<meta property=\"og:locale\" content=\"en_US\" \/>\n<meta property=\"og:type\" content=\"article\" \/>\n<meta property=\"og:title\" content=\"\u00d6lel\u00e9s Merlot 2022 - Vida Borbirtok Winery - Coral Wines\" \/>\n<meta property=\"og:description\" content=\"Vida Borbirtok \u00d6lel\u00e9s Merlot 2022 is a dry red Merlot from the Szeksz\u00e1rd wine region with aromas of red berries, a medium body, and balanced acidity.\" \/>\n<meta property=\"og:url\" content=\"https:\/\/wines.coral.rs\/en\/product\/oleles-merlot-2022-vida-borbirtok-winery\/\" \/>\n<meta property=\"og:site_name\" content=\"Coral Wines\" \/>\n<meta property=\"article:publisher\" content=\"https:\/\/www.facebook.com\/profile.php?id=61587431066738\" \/>\n<meta property=\"article:modified_time\" content=\"2026-02-19T08:47:34+00:00\" \/>\n<meta property=\"og:image\" content=\"https:\/\/wines.coral.rs\/wp-content\/uploads\/2026\/02\/New-Project-45.png\" \/>\n\t<meta property=\"og:image:width\" content=\"1000\" \/>\n\t<meta property=\"og:image:height\" content=\"1000\" \/>\n\t<meta property=\"og:image:type\" content=\"image\/png\" \/>\n<meta name=\"twitter:card\" content=\"summary_large_image\" \/>\n<script type=\"application\/ld+json\" class=\"yoast-schema-graph\">{\"@context\":\"https:\\\/\\\/schema.org\",\"@graph\":[{\"@type\":\"WebPage\",\"@id\":\"https:\\\/\\\/wines.coral.rs\\\/en\\\/product\\\/oleles-merlot-2022-vida-borbirtok-winery\\\/\",\"url\":\"https:\\\/\\\/wines.coral.rs\\\/en\\\/product\\\/oleles-merlot-2022-vida-borbirtok-winery\\\/\",\"name\":\"\u00d6lel\u00e9s Merlot 2022 - Vida Borbirtok Winery - Coral Wines\",\"isPartOf\":{\"@id\":\"https:\\\/\\\/wines.coral.rs\\\/#website\"},\"primaryImageOfPage\":{\"@id\":\"https:\\\/\\\/wines.coral.rs\\\/en\\\/product\\\/oleles-merlot-2022-vida-borbirtok-winery\\\/#primaryimage\"},\"image\":{\"@id\":\"https:\\\/\\\/wines.coral.rs\\\/en\\\/product\\\/oleles-merlot-2022-vida-borbirtok-winery\\\/#primaryimage\"},\"thumbnailUrl\":\"https:\\\/\\\/wines.coral.rs\\\/wp-content\\\/uploads\\\/2026\\\/02\\\/New-Project-45.png\",\"datePublished\":\"2026-02-13T21:53:39+00:00\",\"dateModified\":\"2026-02-19T08:47:34+00:00\",\"breadcrumb\":{\"@id\":\"https:\\\/\\\/wines.coral.rs\\\/en\\\/product\\\/oleles-merlot-2022-vida-borbirtok-winery\\\/#breadcrumb\"},\"inLanguage\":\"en-US\",\"potentialAction\":[{\"@type\":\"ReadAction\",\"target\":[\"https:\\\/\\\/wines.coral.rs\\\/en\\\/product\\\/oleles-merlot-2022-vida-borbirtok-winery\\\/\"]}]},{\"@type\":\"ImageObject\",\"inLanguage\":\"en-US\",\"@id\":\"https:\\\/\\\/wines.coral.rs\\\/en\\\/product\\\/oleles-merlot-2022-vida-borbirtok-winery\\\/#primaryimage\",\"url\":\"https:\\\/\\\/wines.coral.rs\\\/wp-content\\\/uploads\\\/2026\\\/02\\\/New-Project-45.png\",\"contentUrl\":\"https:\\\/\\\/wines.coral.rs\\\/wp-content\\\/uploads\\\/2026\\\/02\\\/New-Project-45.png\",\"width\":1000,\"height\":1000},{\"@type\":\"BreadcrumbList\",\"@id\":\"https:\\\/\\\/wines.coral.rs\\\/en\\\/product\\\/oleles-merlot-2022-vida-borbirtok-winery\\\/#breadcrumb\",\"itemListElement\":[{\"@type\":\"ListItem\",\"position\":1,\"name\":\"Home\",\"item\":\"https:\\\/\\\/wines.coral.rs\\\/en\\\/home\\\/\"},{\"@type\":\"ListItem\",\"position\":2,\"name\":\"Shop\",\"item\":\"https:\\\/\\\/wines.coral.rs\\\/en\\\/shop\\\/\"},{\"@type\":\"ListItem\",\"position\":3,\"name\":\"\u00d6lel\u00e9s Merlot 2022 &#8211; Vida Borbirtok Winery\"}]},{\"@type\":\"WebSite\",\"@id\":\"https:\\\/\\\/wines.coral.rs\\\/#website\",\"url\":\"https:\\\/\\\/wines.coral.rs\\\/\",\"name\":\"Coral Wines\",\"description\":\"\",\"publisher\":{\"@id\":\"https:\\\/\\\/wines.coral.rs\\\/#organization\"},\"potentialAction\":[{\"@type\":\"SearchAction\",\"target\":{\"@type\":\"EntryPoint\",\"urlTemplate\":\"https:\\\/\\\/wines.coral.rs\\\/?s={search_term_string}\"},\"query-input\":{\"@type\":\"PropertyValueSpecification\",\"valueRequired\":true,\"valueName\":\"search_term_string\"}}],\"inLanguage\":\"en-US\"},{\"@type\":\"Organization\",\"@id\":\"https:\\\/\\\/wines.coral.rs\\\/#organization\",\"name\":\"Coral Wines\",\"url\":\"https:\\\/\\\/wines.coral.rs\\\/\",\"logo\":{\"@type\":\"ImageObject\",\"inLanguage\":\"en-US\",\"@id\":\"https:\\\/\\\/wines.coral.rs\\\/#\\\/schema\\\/logo\\\/image\\\/\",\"url\":\"https:\\\/\\\/wines.coral.rs\\\/wp-content\\\/uploads\\\/2025\\\/12\\\/logo-wines.svg\",\"contentUrl\":\"https:\\\/\\\/wines.coral.rs\\\/wp-content\\\/uploads\\\/2025\\\/12\\\/logo-wines.svg\",\"width\":384,\"height\":618,\"caption\":\"Coral Wines\"},\"image\":{\"@id\":\"https:\\\/\\\/wines.coral.rs\\\/#\\\/schema\\\/logo\\\/image\\\/\"},\"sameAs\":[\"https:\\\/\\\/www.facebook.com\\\/profile.php?id=61587431066738\",\"https:\\\/\\\/www.linkedin.com\\\/company\\\/coral-wines\",\"https:\\\/\\\/www.instagram.com\\\/coral.wines\"]}]}<\/script>\n<!-- \/ Yoast SEO plugin. -->","yoast_head_json":{"title":"\u00d6lel\u00e9s Merlot 2022 - Vida Borbirtok Winery - Coral Wines","robots":{"index":"noindex","follow":"follow","max-snippet":"max-snippet:-1","max-image-preview":"max-image-preview:large","max-video-preview":"max-video-preview:-1"},"og_locale":"en_US","og_type":"article","og_title":"\u00d6lel\u00e9s Merlot 2022 - Vida Borbirtok Winery - Coral Wines","og_description":"Vida Borbirtok \u00d6lel\u00e9s Merlot 2022 is a dry red Merlot from the Szeksz\u00e1rd wine region with aromas of red berries, a medium body, and balanced acidity.","og_url":"https:\/\/wines.coral.rs\/en\/product\/oleles-merlot-2022-vida-borbirtok-winery\/","og_site_name":"Coral Wines","article_publisher":"https:\/\/www.facebook.com\/profile.php?id=61587431066738","article_modified_time":"2026-02-19T08:47:34+00:00","og_image":[{"width":1000,"height":1000,"url":"https:\/\/wines.coral.rs\/wp-content\/uploads\/2026\/02\/New-Project-45.png","type":"image\/png"}],"twitter_card":"summary_large_image","schema":{"@context":"https:\/\/schema.org","@graph":[{"@type":"WebPage","@id":"https:\/\/wines.coral.rs\/en\/product\/oleles-merlot-2022-vida-borbirtok-winery\/","url":"https:\/\/wines.coral.rs\/en\/product\/oleles-merlot-2022-vida-borbirtok-winery\/","name":"\u00d6lel\u00e9s Merlot 2022 - Vida Borbirtok Winery - Coral Wines","isPartOf":{"@id":"https:\/\/wines.coral.rs\/#website"},"primaryImageOfPage":{"@id":"https:\/\/wines.coral.rs\/en\/product\/oleles-merlot-2022-vida-borbirtok-winery\/#primaryimage"},"image":{"@id":"https:\/\/wines.coral.rs\/en\/product\/oleles-merlot-2022-vida-borbirtok-winery\/#primaryimage"},"thumbnailUrl":"https:\/\/wines.coral.rs\/wp-content\/uploads\/2026\/02\/New-Project-45.png","datePublished":"2026-02-13T21:53:39+00:00","dateModified":"2026-02-19T08:47:34+00:00","breadcrumb":{"@id":"https:\/\/wines.coral.rs\/en\/product\/oleles-merlot-2022-vida-borbirtok-winery\/#breadcrumb"},"inLanguage":"en-US","potentialAction":[{"@type":"ReadAction","target":["https:\/\/wines.coral.rs\/en\/product\/oleles-merlot-2022-vida-borbirtok-winery\/"]}]},{"@type":"ImageObject","inLanguage":"en-US","@id":"https:\/\/wines.coral.rs\/en\/product\/oleles-merlot-2022-vida-borbirtok-winery\/#primaryimage","url":"https:\/\/wines.coral.rs\/wp-content\/uploads\/2026\/02\/New-Project-45.png","contentUrl":"https:\/\/wines.coral.rs\/wp-content\/uploads\/2026\/02\/New-Project-45.png","width":1000,"height":1000},{"@type":"BreadcrumbList","@id":"https:\/\/wines.coral.rs\/en\/product\/oleles-merlot-2022-vida-borbirtok-winery\/#breadcrumb","itemListElement":[{"@type":"ListItem","position":1,"name":"Home","item":"https:\/\/wines.coral.rs\/en\/home\/"},{"@type":"ListItem","position":2,"name":"Shop","item":"https:\/\/wines.coral.rs\/en\/shop\/"},{"@type":"ListItem","position":3,"name":"\u00d6lel\u00e9s Merlot 2022 &#8211; Vida Borbirtok Winery"}]},{"@type":"WebSite","@id":"https:\/\/wines.coral.rs\/#website","url":"https:\/\/wines.coral.rs\/","name":"Coral Wines","description":"","publisher":{"@id":"https:\/\/wines.coral.rs\/#organization"},"potentialAction":[{"@type":"SearchAction","target":{"@type":"EntryPoint","urlTemplate":"https:\/\/wines.coral.rs\/?s={search_term_string}"},"query-input":{"@type":"PropertyValueSpecification","valueRequired":true,"valueName":"search_term_string"}}],"inLanguage":"en-US"},{"@type":"Organization","@id":"https:\/\/wines.coral.rs\/#organization","name":"Coral Wines","url":"https:\/\/wines.coral.rs\/","logo":{"@type":"ImageObject","inLanguage":"en-US","@id":"https:\/\/wines.coral.rs\/#\/schema\/logo\/image\/","url":"https:\/\/wines.coral.rs\/wp-content\/uploads\/2025\/12\/logo-wines.svg","contentUrl":"https:\/\/wines.coral.rs\/wp-content\/uploads\/2025\/12\/logo-wines.svg","width":384,"height":618,"caption":"Coral Wines"},"image":{"@id":"https:\/\/wines.coral.rs\/#\/schema\/logo\/image\/"},"sameAs":["https:\/\/www.facebook.com\/profile.php?id=61587431066738","https:\/\/www.linkedin.com\/company\/coral-wines","https:\/\/www.instagram.com\/coral.wines"]}]}},"_links":{"self":[{"href":"https:\/\/wines.coral.rs\/en\/wp-json\/wp\/v2\/product\/47868","targetHints":{"allow":["GET"]}}],"collection":[{"href":"https:\/\/wines.coral.rs\/en\/wp-json\/wp\/v2\/product"}],"about":[{"href":"https:\/\/wines.coral.rs\/en\/wp-json\/wp\/v2\/types\/product"}],"version-history":[{"count":0,"href":"https:\/\/wines.coral.rs\/en\/wp-json\/wp\/v2\/product\/47868\/revisions"}],"wp:featuredmedia":[{"embeddable":true,"href":"https:\/\/wines.coral.rs\/en\/wp-json\/wp\/v2\/media\/47869"}],"wp:attachment":[{"href":"https:\/\/wines.coral.rs\/en\/wp-json\/wp\/v2\/media?parent=47868"}],"wp:term":[{"taxonomy":"product_brand","embeddable":true,"href":"https:\/\/wines.coral.rs\/en\/wp-json\/wp\/v2\/product_brand?post=47868"},{"taxonomy":"product_cat","embeddable":true,"href":"https:\/\/wines.coral.rs\/en\/wp-json\/wp\/v2\/product_cat?post=47868"},{"taxonomy":"product_tag","embeddable":true,"href":"https:\/\/wines.coral.rs\/en\/wp-json\/wp\/v2\/product_tag?post=47868"}],"curies":[{"name":"wp","href":"https:\/\/api.w.org\/{rel}","templated":true}]}}