{"id":47912,"date":"2026-02-14T16:13:23","date_gmt":"2026-02-14T16:13:23","guid":{"rendered":"https:\/\/wines.coral.rs\/product\/valles-premium-bikaver-kekfrankos-merlot-cabernet-franc-kadarka-2020-vida-borbirtok-winery\/"},"modified":"2026-02-15T14:41:29","modified_gmt":"2026-02-15T14:41:29","slug":"valles-premium-bikaver-kekfrankos-merlot-cabernet-franc-kadarka-2020-vida-borbirtok-winery","status":"publish","type":"product","link":"https:\/\/wines.coral.rs\/en\/product\/valles-premium-bikaver-kekfrankos-merlot-cabernet-franc-kadarka-2020-vida-borbirtok-winery\/","title":{"rendered":"Valles Pr\u00e9mium Bikav\u00e9r K\u00e9kfrankos, Merlot, Cabernet Franc, Kadarka 2020 &#8211; Vida Borbirtok Winery"},"content":{"rendered":"<p><strong data-start=\"3010\" data-end=\"3070\">Vida Csal\u00e1di Borbirtok Valles Pr\u00e9mium Bikav\u00e9r 2020 (DRS)<\/strong> is a <strong data-start=\"3074\" data-end=\"3130\">dry, still red wine in the traditional Bikav\u00e9r style<\/strong> from the <strong data-start=\"3144\" data-end=\"3157\">Szeksz\u00e1rd<\/strong> wine region in Hungary, crafted from carefully selected <strong data-start=\"3211\" data-end=\"3259\">K\u00e9kfrankos, Merlot, Cabernet Franc, and Kadarka<\/strong> grape varieties. The grapes are hand-picked and fermented at a controlled temperature, with the wine aged in oak barrels to develop complex aromas of red fruit, spicy notes, and elegant tannins. This premium Bikav\u00e9r has been recognized as one of the best in <strong data-start=\"3521\" data-end=\"3539\">VinCE magazine&#8217;s<\/strong> tasting, noted for its pronounced aromatics and balance.<\/p>\n","protected":false},"excerpt":{"rendered":"<p><strong data-start=\"2723\" data-end=\"2783\">Vida Csal\u00e1di Borbirtok Valles Pr\u00e9mium Bikav\u00e9r 2020 (DRS)<\/strong> is a <strong data-start=\"2787\" data-end=\"2815\">dry red Bikav\u00e9r wine<\/strong>, a blend of <strong data-start=\"2828\" data-end=\"2876\">K\u00e9kfrankos, Merlot, Cabernet Franc, and Kadarka<\/strong> with aromas of ripe red berries, spicy notes, and a balanced structure.<\/p>\n","protected":false},"featured_media":47913,"template":"","meta":{"_acf_changed":false},"product_brand":[1751],"product_cat":[605,580],"product_tag":[583,587,585,615],"class_list":{"0":"post-47912","1":"product","2":"type-product","3":"status-publish","4":"has-post-thumbnail","6":"product_brand-vida-borbirtok","7":"product_cat-award-winning-wines","8":"product_cat-red-wine","9":"product_tag-dry-2","10":"product_tag-hungary","11":"product_tag-red","12":"product_tag-still","15":"first","16":"instock","17":"shipping-taxable","18":"purchasable","19":"product-type-simple"},"acf":[],"yoast_head":"<!-- This site is optimized with the Yoast SEO plugin v27.3 - https:\/\/yoast.com\/product\/yoast-seo-wordpress\/ -->\n<title>Valles Pr\u00e9mium Bikav\u00e9r K\u00e9kfrankos, Merlot, Cabernet Franc, Kadarka 2020 - Vida Borbirtok Winery - Coral Wines<\/title>\n<meta name=\"robots\" content=\"noindex, follow, max-snippet:-1, max-image-preview:large, max-video-preview:-1\" \/>\n<meta property=\"og:locale\" content=\"en_US\" \/>\n<meta property=\"og:type\" content=\"article\" \/>\n<meta property=\"og:title\" content=\"Valles Pr\u00e9mium Bikav\u00e9r K\u00e9kfrankos, Merlot, Cabernet Franc, Kadarka 2020 - Vida Borbirtok Winery - Coral Wines\" \/>\n<meta property=\"og:description\" content=\"Vida Csal\u00e1di Borbirtok Valles Pr\u00e9mium Bikav\u00e9r 2020 (DRS) is a dry red Bikav\u00e9r wine, a blend of K\u00e9kfrankos, Merlot, Cabernet Franc, and Kadarka with aromas of ripe red berries, spicy notes, and a balanced structure.\" \/>\n<meta property=\"og:url\" content=\"https:\/\/wines.coral.rs\/en\/product\/valles-premium-bikaver-kekfrankos-merlot-cabernet-franc-kadarka-2020-vida-borbirtok-winery\/\" \/>\n<meta property=\"og:site_name\" content=\"Coral Wines\" \/>\n<meta property=\"article:publisher\" content=\"https:\/\/www.facebook.com\/profile.php?id=61587431066738\" \/>\n<meta property=\"article:modified_time\" content=\"2026-02-15T14:41:29+00:00\" \/>\n<meta property=\"og:image\" content=\"https:\/\/wines.coral.rs\/wp-content\/uploads\/2026\/02\/New-Project-40-1.png\" \/>\n\t<meta property=\"og:image:width\" content=\"1000\" \/>\n\t<meta property=\"og:image:height\" content=\"1000\" \/>\n\t<meta property=\"og:image:type\" content=\"image\/png\" \/>\n<meta name=\"twitter:card\" content=\"summary_large_image\" \/>\n<script type=\"application\/ld+json\" class=\"yoast-schema-graph\">{\"@context\":\"https:\\\/\\\/schema.org\",\"@graph\":[{\"@type\":\"WebPage\",\"@id\":\"https:\\\/\\\/wines.coral.rs\\\/en\\\/product\\\/valles-premium-bikaver-kekfrankos-merlot-cabernet-franc-kadarka-2020-vida-borbirtok-winery\\\/\",\"url\":\"https:\\\/\\\/wines.coral.rs\\\/en\\\/product\\\/valles-premium-bikaver-kekfrankos-merlot-cabernet-franc-kadarka-2020-vida-borbirtok-winery\\\/\",\"name\":\"Valles Pr\u00e9mium Bikav\u00e9r K\u00e9kfrankos, Merlot, Cabernet Franc, Kadarka 2020 - Vida Borbirtok Winery - Coral Wines\",\"isPartOf\":{\"@id\":\"https:\\\/\\\/wines.coral.rs\\\/#website\"},\"primaryImageOfPage\":{\"@id\":\"https:\\\/\\\/wines.coral.rs\\\/en\\\/product\\\/valles-premium-bikaver-kekfrankos-merlot-cabernet-franc-kadarka-2020-vida-borbirtok-winery\\\/#primaryimage\"},\"image\":{\"@id\":\"https:\\\/\\\/wines.coral.rs\\\/en\\\/product\\\/valles-premium-bikaver-kekfrankos-merlot-cabernet-franc-kadarka-2020-vida-borbirtok-winery\\\/#primaryimage\"},\"thumbnailUrl\":\"https:\\\/\\\/wines.coral.rs\\\/wp-content\\\/uploads\\\/2026\\\/02\\\/New-Project-40-1.png\",\"datePublished\":\"2026-02-14T16:13:23+00:00\",\"dateModified\":\"2026-02-15T14:41:29+00:00\",\"breadcrumb\":{\"@id\":\"https:\\\/\\\/wines.coral.rs\\\/en\\\/product\\\/valles-premium-bikaver-kekfrankos-merlot-cabernet-franc-kadarka-2020-vida-borbirtok-winery\\\/#breadcrumb\"},\"inLanguage\":\"en-US\",\"potentialAction\":[{\"@type\":\"ReadAction\",\"target\":[\"https:\\\/\\\/wines.coral.rs\\\/en\\\/product\\\/valles-premium-bikaver-kekfrankos-merlot-cabernet-franc-kadarka-2020-vida-borbirtok-winery\\\/\"]}]},{\"@type\":\"ImageObject\",\"inLanguage\":\"en-US\",\"@id\":\"https:\\\/\\\/wines.coral.rs\\\/en\\\/product\\\/valles-premium-bikaver-kekfrankos-merlot-cabernet-franc-kadarka-2020-vida-borbirtok-winery\\\/#primaryimage\",\"url\":\"https:\\\/\\\/wines.coral.rs\\\/wp-content\\\/uploads\\\/2026\\\/02\\\/New-Project-40-1.png\",\"contentUrl\":\"https:\\\/\\\/wines.coral.rs\\\/wp-content\\\/uploads\\\/2026\\\/02\\\/New-Project-40-1.png\",\"width\":1000,\"height\":1000},{\"@type\":\"BreadcrumbList\",\"@id\":\"https:\\\/\\\/wines.coral.rs\\\/en\\\/product\\\/valles-premium-bikaver-kekfrankos-merlot-cabernet-franc-kadarka-2020-vida-borbirtok-winery\\\/#breadcrumb\",\"itemListElement\":[{\"@type\":\"ListItem\",\"position\":1,\"name\":\"Home\",\"item\":\"https:\\\/\\\/wines.coral.rs\\\/en\\\/home\\\/\"},{\"@type\":\"ListItem\",\"position\":2,\"name\":\"Shop\",\"item\":\"https:\\\/\\\/wines.coral.rs\\\/en\\\/shop\\\/\"},{\"@type\":\"ListItem\",\"position\":3,\"name\":\"Valles Pr\u00e9mium Bikav\u00e9r K\u00e9kfrankos, Merlot, Cabernet Franc, Kadarka 2020 &#8211; Vida Borbirtok Winery\"}]},{\"@type\":\"WebSite\",\"@id\":\"https:\\\/\\\/wines.coral.rs\\\/#website\",\"url\":\"https:\\\/\\\/wines.coral.rs\\\/\",\"name\":\"Coral Wines\",\"description\":\"\",\"publisher\":{\"@id\":\"https:\\\/\\\/wines.coral.rs\\\/#organization\"},\"potentialAction\":[{\"@type\":\"SearchAction\",\"target\":{\"@type\":\"EntryPoint\",\"urlTemplate\":\"https:\\\/\\\/wines.coral.rs\\\/?s={search_term_string}\"},\"query-input\":{\"@type\":\"PropertyValueSpecification\",\"valueRequired\":true,\"valueName\":\"search_term_string\"}}],\"inLanguage\":\"en-US\"},{\"@type\":\"Organization\",\"@id\":\"https:\\\/\\\/wines.coral.rs\\\/#organization\",\"name\":\"Coral Wines\",\"url\":\"https:\\\/\\\/wines.coral.rs\\\/\",\"logo\":{\"@type\":\"ImageObject\",\"inLanguage\":\"en-US\",\"@id\":\"https:\\\/\\\/wines.coral.rs\\\/#\\\/schema\\\/logo\\\/image\\\/\",\"url\":\"https:\\\/\\\/wines.coral.rs\\\/wp-content\\\/uploads\\\/2025\\\/12\\\/logo-wines.svg\",\"contentUrl\":\"https:\\\/\\\/wines.coral.rs\\\/wp-content\\\/uploads\\\/2025\\\/12\\\/logo-wines.svg\",\"width\":384,\"height\":618,\"caption\":\"Coral Wines\"},\"image\":{\"@id\":\"https:\\\/\\\/wines.coral.rs\\\/#\\\/schema\\\/logo\\\/image\\\/\"},\"sameAs\":[\"https:\\\/\\\/www.facebook.com\\\/profile.php?id=61587431066738\",\"https:\\\/\\\/www.linkedin.com\\\/company\\\/coral-wines\",\"https:\\\/\\\/www.instagram.com\\\/coral.wines\"]}]}<\/script>\n<!-- \/ Yoast SEO plugin. -->","yoast_head_json":{"title":"Valles Pr\u00e9mium Bikav\u00e9r K\u00e9kfrankos, Merlot, Cabernet Franc, Kadarka 2020 - Vida Borbirtok Winery - Coral Wines","robots":{"index":"noindex","follow":"follow","max-snippet":"max-snippet:-1","max-image-preview":"max-image-preview:large","max-video-preview":"max-video-preview:-1"},"og_locale":"en_US","og_type":"article","og_title":"Valles Pr\u00e9mium Bikav\u00e9r K\u00e9kfrankos, Merlot, Cabernet Franc, Kadarka 2020 - Vida Borbirtok Winery - Coral Wines","og_description":"Vida Csal\u00e1di Borbirtok Valles Pr\u00e9mium Bikav\u00e9r 2020 (DRS) is a dry red Bikav\u00e9r wine, a blend of K\u00e9kfrankos, Merlot, Cabernet Franc, and Kadarka with aromas of ripe red berries, spicy notes, and a balanced structure.","og_url":"https:\/\/wines.coral.rs\/en\/product\/valles-premium-bikaver-kekfrankos-merlot-cabernet-franc-kadarka-2020-vida-borbirtok-winery\/","og_site_name":"Coral Wines","article_publisher":"https:\/\/www.facebook.com\/profile.php?id=61587431066738","article_modified_time":"2026-02-15T14:41:29+00:00","og_image":[{"width":1000,"height":1000,"url":"https:\/\/wines.coral.rs\/wp-content\/uploads\/2026\/02\/New-Project-40-1.png","type":"image\/png"}],"twitter_card":"summary_large_image","schema":{"@context":"https:\/\/schema.org","@graph":[{"@type":"WebPage","@id":"https:\/\/wines.coral.rs\/en\/product\/valles-premium-bikaver-kekfrankos-merlot-cabernet-franc-kadarka-2020-vida-borbirtok-winery\/","url":"https:\/\/wines.coral.rs\/en\/product\/valles-premium-bikaver-kekfrankos-merlot-cabernet-franc-kadarka-2020-vida-borbirtok-winery\/","name":"Valles Pr\u00e9mium Bikav\u00e9r K\u00e9kfrankos, Merlot, Cabernet Franc, Kadarka 2020 - Vida Borbirtok Winery - Coral Wines","isPartOf":{"@id":"https:\/\/wines.coral.rs\/#website"},"primaryImageOfPage":{"@id":"https:\/\/wines.coral.rs\/en\/product\/valles-premium-bikaver-kekfrankos-merlot-cabernet-franc-kadarka-2020-vida-borbirtok-winery\/#primaryimage"},"image":{"@id":"https:\/\/wines.coral.rs\/en\/product\/valles-premium-bikaver-kekfrankos-merlot-cabernet-franc-kadarka-2020-vida-borbirtok-winery\/#primaryimage"},"thumbnailUrl":"https:\/\/wines.coral.rs\/wp-content\/uploads\/2026\/02\/New-Project-40-1.png","datePublished":"2026-02-14T16:13:23+00:00","dateModified":"2026-02-15T14:41:29+00:00","breadcrumb":{"@id":"https:\/\/wines.coral.rs\/en\/product\/valles-premium-bikaver-kekfrankos-merlot-cabernet-franc-kadarka-2020-vida-borbirtok-winery\/#breadcrumb"},"inLanguage":"en-US","potentialAction":[{"@type":"ReadAction","target":["https:\/\/wines.coral.rs\/en\/product\/valles-premium-bikaver-kekfrankos-merlot-cabernet-franc-kadarka-2020-vida-borbirtok-winery\/"]}]},{"@type":"ImageObject","inLanguage":"en-US","@id":"https:\/\/wines.coral.rs\/en\/product\/valles-premium-bikaver-kekfrankos-merlot-cabernet-franc-kadarka-2020-vida-borbirtok-winery\/#primaryimage","url":"https:\/\/wines.coral.rs\/wp-content\/uploads\/2026\/02\/New-Project-40-1.png","contentUrl":"https:\/\/wines.coral.rs\/wp-content\/uploads\/2026\/02\/New-Project-40-1.png","width":1000,"height":1000},{"@type":"BreadcrumbList","@id":"https:\/\/wines.coral.rs\/en\/product\/valles-premium-bikaver-kekfrankos-merlot-cabernet-franc-kadarka-2020-vida-borbirtok-winery\/#breadcrumb","itemListElement":[{"@type":"ListItem","position":1,"name":"Home","item":"https:\/\/wines.coral.rs\/en\/home\/"},{"@type":"ListItem","position":2,"name":"Shop","item":"https:\/\/wines.coral.rs\/en\/shop\/"},{"@type":"ListItem","position":3,"name":"Valles Pr\u00e9mium Bikav\u00e9r K\u00e9kfrankos, Merlot, Cabernet Franc, Kadarka 2020 &#8211; Vida Borbirtok Winery"}]},{"@type":"WebSite","@id":"https:\/\/wines.coral.rs\/#website","url":"https:\/\/wines.coral.rs\/","name":"Coral Wines","description":"","publisher":{"@id":"https:\/\/wines.coral.rs\/#organization"},"potentialAction":[{"@type":"SearchAction","target":{"@type":"EntryPoint","urlTemplate":"https:\/\/wines.coral.rs\/?s={search_term_string}"},"query-input":{"@type":"PropertyValueSpecification","valueRequired":true,"valueName":"search_term_string"}}],"inLanguage":"en-US"},{"@type":"Organization","@id":"https:\/\/wines.coral.rs\/#organization","name":"Coral Wines","url":"https:\/\/wines.coral.rs\/","logo":{"@type":"ImageObject","inLanguage":"en-US","@id":"https:\/\/wines.coral.rs\/#\/schema\/logo\/image\/","url":"https:\/\/wines.coral.rs\/wp-content\/uploads\/2025\/12\/logo-wines.svg","contentUrl":"https:\/\/wines.coral.rs\/wp-content\/uploads\/2025\/12\/logo-wines.svg","width":384,"height":618,"caption":"Coral Wines"},"image":{"@id":"https:\/\/wines.coral.rs\/#\/schema\/logo\/image\/"},"sameAs":["https:\/\/www.facebook.com\/profile.php?id=61587431066738","https:\/\/www.linkedin.com\/company\/coral-wines","https:\/\/www.instagram.com\/coral.wines"]}]}},"_links":{"self":[{"href":"https:\/\/wines.coral.rs\/en\/wp-json\/wp\/v2\/product\/47912","targetHints":{"allow":["GET"]}}],"collection":[{"href":"https:\/\/wines.coral.rs\/en\/wp-json\/wp\/v2\/product"}],"about":[{"href":"https:\/\/wines.coral.rs\/en\/wp-json\/wp\/v2\/types\/product"}],"version-history":[{"count":0,"href":"https:\/\/wines.coral.rs\/en\/wp-json\/wp\/v2\/product\/47912\/revisions"}],"wp:featuredmedia":[{"embeddable":true,"href":"https:\/\/wines.coral.rs\/en\/wp-json\/wp\/v2\/media\/47913"}],"wp:attachment":[{"href":"https:\/\/wines.coral.rs\/en\/wp-json\/wp\/v2\/media?parent=47912"}],"wp:term":[{"taxonomy":"product_brand","embeddable":true,"href":"https:\/\/wines.coral.rs\/en\/wp-json\/wp\/v2\/product_brand?post=47912"},{"taxonomy":"product_cat","embeddable":true,"href":"https:\/\/wines.coral.rs\/en\/wp-json\/wp\/v2\/product_cat?post=47912"},{"taxonomy":"product_tag","embeddable":true,"href":"https:\/\/wines.coral.rs\/en\/wp-json\/wp\/v2\/product_tag?post=47912"}],"curies":[{"name":"wp","href":"https:\/\/api.w.org\/{rel}","templated":true}]}}