{"id":47915,"date":"2026-02-15T15:06:45","date_gmt":"2026-02-15T15:06:45","guid":{"rendered":"https:\/\/wines.coral.rs\/product\/estate-furmint-2022-erzsebet-pince\/"},"modified":"2026-02-18T13:40:21","modified_gmt":"2026-02-18T13:40:21","slug":"estate-furmint-2022-erzsebet-pince","status":"publish","type":"product","link":"https:\/\/wines.coral.rs\/en\/product\/estate-furmint-2022-erzsebet-pince\/","title":{"rendered":"Estate Furmint 2022 &#8211; Erzs\u00e9bet Pince Winery"},"content":{"rendered":"<p data-start=\"3595\" data-end=\"4078\"><strong data-start=\"3595\" data-end=\"3613\">Estate Furmint 2022<\/strong> is a classic <strong data-start=\"3646\" data-end=\"3696\">dry Tokaj white wine made from 100% Furmint grapes<\/strong>, created as a blend from four carefully selected vineyards (Betsek, Kir\u00e1ly, Zaf\u00edr, and P\u00e9csi) with diverse volcanic and loamy terroirs, providing complexity, depth, and mineral structure. The aromatic profile includes fresh notes of <strong data-start=\"3939\" data-end=\"3968\">peach, pear, and citrus<\/strong>, with a discreet tropical character and a long, balanced finish. <\/p>\n<p data-start=\"4080\" data-end=\"4532\">The winemaking combines traditional techniques such as <strong data-start=\"4135\" data-end=\"4159\">vertical pressing<\/strong> and fermentation with partial aging in <strong data-start=\"4198\" data-end=\"4233\">oak barrels for around 6 months<\/strong>, adding a fine layer of complexity and texture. With alcohol around <strong data-start=\"4308\" data-end=\"4315\">13%<\/strong> and vibrant acidity, the wine is refreshing and elegant\u2014ideal both for special occasions and alongside carefully chosen dishes. <\/p>\n<p data-start=\"4534\" data-end=\"4962\">The recommended <strong data-start=\"4546\" data-end=\"4580\">serving temperature of 8\u201312 \u00b0C<\/strong> highlights its fine minerality and aromatic intensity, while the wine pairs beautifully with a range of lighter gastronomic options\u2014from seafood and fish, through light salads and white meat to cheeses\u2014offering a pleasant, fresh tasting experience. For Tokaj lovers, Estate Furmint is an excellent blend of regional character and a sophisticated style. <\/p>\n","protected":false},"excerpt":{"rendered":"<p><strong data-start=\"36\" data-end=\"54\">Estate Furmint 2022<\/strong> is a <strong data-start=\"58\" data-end=\"99\">dry white wine made from 100% Furmint grapes<\/strong> with <strong data-start=\"103\" data-end=\"153\">balanced aromas of peach, pear, and citrus<\/strong>, <strong data-start=\"155\" data-end=\"182\">refreshing acidity<\/strong>, and a <strong data-start=\"185\" data-end=\"205\">long finish<\/strong> that expresses the mineral character and structure typical of the Tokaj region in Hungary.<\/p>\n","protected":false},"featured_media":47917,"template":"","meta":{"_acf_changed":false},"product_brand":[1981],"product_cat":[605,651],"product_tag":[1351,583,587,652],"class_list":{"0":"post-47915","1":"product","2":"type-product","3":"status-publish","4":"has-post-thumbnail","6":"product_brand-erzsebet-pince","7":"product_cat-award-winning-wines","8":"product_cat-white-wine","9":"product_tag-award-winning","10":"product_tag-dry-2","11":"product_tag-hungary","12":"product_tag-white","15":"first","16":"instock","17":"shipping-taxable","18":"purchasable","19":"product-type-simple"},"acf":[],"yoast_head":"<!-- This site is optimized with the Yoast SEO plugin v27.3 - https:\/\/yoast.com\/product\/yoast-seo-wordpress\/ -->\n<title>Estate Furmint 2022 - Erzs\u00e9bet Pince Winery - Coral Wines<\/title>\n<meta name=\"robots\" content=\"noindex, follow, max-snippet:-1, max-image-preview:large, max-video-preview:-1\" \/>\n<meta property=\"og:locale\" content=\"en_US\" \/>\n<meta property=\"og:type\" content=\"article\" \/>\n<meta property=\"og:title\" content=\"Estate Furmint 2022 - Erzs\u00e9bet Pince Winery - Coral Wines\" \/>\n<meta property=\"og:description\" content=\"Estate Furmint 2022 is a dry white wine made from 100% Furmint grapes with balanced aromas of peach, pear, and citrus, refreshing acidity, and a long finish that expresses the mineral character and structure typical of the Tokaj region in Hungary.\" \/>\n<meta property=\"og:url\" content=\"https:\/\/wines.coral.rs\/en\/product\/estate-furmint-2022-erzsebet-pince\/\" \/>\n<meta property=\"og:site_name\" content=\"Coral Wines\" \/>\n<meta property=\"article:publisher\" content=\"https:\/\/www.facebook.com\/profile.php?id=61587431066738\" \/>\n<meta property=\"article:modified_time\" content=\"2026-02-18T13:40:21+00:00\" \/>\n<meta property=\"og:image\" content=\"https:\/\/wines.coral.rs\/wp-content\/uploads\/2026\/02\/New-Project-29.jpg\" \/>\n\t<meta property=\"og:image:width\" content=\"1000\" \/>\n\t<meta property=\"og:image:height\" content=\"1000\" \/>\n\t<meta property=\"og:image:type\" content=\"image\/jpeg\" \/>\n<meta name=\"twitter:card\" content=\"summary_large_image\" \/>\n<meta name=\"twitter:label1\" content=\"Est. reading time\" \/>\n\t<meta name=\"twitter:data1\" content=\"1 minute\" \/>\n<script type=\"application\/ld+json\" class=\"yoast-schema-graph\">{\"@context\":\"https:\\\/\\\/schema.org\",\"@graph\":[{\"@type\":\"WebPage\",\"@id\":\"https:\\\/\\\/wines.coral.rs\\\/en\\\/product\\\/estate-furmint-2022-erzsebet-pince\\\/\",\"url\":\"https:\\\/\\\/wines.coral.rs\\\/en\\\/product\\\/estate-furmint-2022-erzsebet-pince\\\/\",\"name\":\"Estate Furmint 2022 - Erzs\u00e9bet Pince Winery - Coral Wines\",\"isPartOf\":{\"@id\":\"https:\\\/\\\/wines.coral.rs\\\/#website\"},\"primaryImageOfPage\":{\"@id\":\"https:\\\/\\\/wines.coral.rs\\\/en\\\/product\\\/estate-furmint-2022-erzsebet-pince\\\/#primaryimage\"},\"image\":{\"@id\":\"https:\\\/\\\/wines.coral.rs\\\/en\\\/product\\\/estate-furmint-2022-erzsebet-pince\\\/#primaryimage\"},\"thumbnailUrl\":\"https:\\\/\\\/wines.coral.rs\\\/wp-content\\\/uploads\\\/2026\\\/02\\\/New-Project-29.jpg\",\"datePublished\":\"2026-02-15T15:06:45+00:00\",\"dateModified\":\"2026-02-18T13:40:21+00:00\",\"breadcrumb\":{\"@id\":\"https:\\\/\\\/wines.coral.rs\\\/en\\\/product\\\/estate-furmint-2022-erzsebet-pince\\\/#breadcrumb\"},\"inLanguage\":\"en-US\",\"potentialAction\":[{\"@type\":\"ReadAction\",\"target\":[\"https:\\\/\\\/wines.coral.rs\\\/en\\\/product\\\/estate-furmint-2022-erzsebet-pince\\\/\"]}]},{\"@type\":\"ImageObject\",\"inLanguage\":\"en-US\",\"@id\":\"https:\\\/\\\/wines.coral.rs\\\/en\\\/product\\\/estate-furmint-2022-erzsebet-pince\\\/#primaryimage\",\"url\":\"https:\\\/\\\/wines.coral.rs\\\/wp-content\\\/uploads\\\/2026\\\/02\\\/New-Project-29.jpg\",\"contentUrl\":\"https:\\\/\\\/wines.coral.rs\\\/wp-content\\\/uploads\\\/2026\\\/02\\\/New-Project-29.jpg\",\"width\":1000,\"height\":1000},{\"@type\":\"BreadcrumbList\",\"@id\":\"https:\\\/\\\/wines.coral.rs\\\/en\\\/product\\\/estate-furmint-2022-erzsebet-pince\\\/#breadcrumb\",\"itemListElement\":[{\"@type\":\"ListItem\",\"position\":1,\"name\":\"Home\",\"item\":\"https:\\\/\\\/wines.coral.rs\\\/en\\\/home\\\/\"},{\"@type\":\"ListItem\",\"position\":2,\"name\":\"Shop\",\"item\":\"https:\\\/\\\/wines.coral.rs\\\/en\\\/shop\\\/\"},{\"@type\":\"ListItem\",\"position\":3,\"name\":\"Estate Furmint 2022 &#8211; Erzs\u00e9bet Pince Winery\"}]},{\"@type\":\"WebSite\",\"@id\":\"https:\\\/\\\/wines.coral.rs\\\/#website\",\"url\":\"https:\\\/\\\/wines.coral.rs\\\/\",\"name\":\"Coral Wines\",\"description\":\"\",\"publisher\":{\"@id\":\"https:\\\/\\\/wines.coral.rs\\\/#organization\"},\"potentialAction\":[{\"@type\":\"SearchAction\",\"target\":{\"@type\":\"EntryPoint\",\"urlTemplate\":\"https:\\\/\\\/wines.coral.rs\\\/?s={search_term_string}\"},\"query-input\":{\"@type\":\"PropertyValueSpecification\",\"valueRequired\":true,\"valueName\":\"search_term_string\"}}],\"inLanguage\":\"en-US\"},{\"@type\":\"Organization\",\"@id\":\"https:\\\/\\\/wines.coral.rs\\\/#organization\",\"name\":\"Coral Wines\",\"url\":\"https:\\\/\\\/wines.coral.rs\\\/\",\"logo\":{\"@type\":\"ImageObject\",\"inLanguage\":\"en-US\",\"@id\":\"https:\\\/\\\/wines.coral.rs\\\/#\\\/schema\\\/logo\\\/image\\\/\",\"url\":\"https:\\\/\\\/wines.coral.rs\\\/wp-content\\\/uploads\\\/2025\\\/12\\\/logo-wines.svg\",\"contentUrl\":\"https:\\\/\\\/wines.coral.rs\\\/wp-content\\\/uploads\\\/2025\\\/12\\\/logo-wines.svg\",\"width\":384,\"height\":618,\"caption\":\"Coral Wines\"},\"image\":{\"@id\":\"https:\\\/\\\/wines.coral.rs\\\/#\\\/schema\\\/logo\\\/image\\\/\"},\"sameAs\":[\"https:\\\/\\\/www.facebook.com\\\/profile.php?id=61587431066738\",\"https:\\\/\\\/www.linkedin.com\\\/company\\\/coral-wines\",\"https:\\\/\\\/www.instagram.com\\\/coral.wines\"]}]}<\/script>\n<!-- \/ Yoast SEO plugin. -->","yoast_head_json":{"title":"Estate Furmint 2022 - Erzs\u00e9bet Pince Winery - Coral Wines","robots":{"index":"noindex","follow":"follow","max-snippet":"max-snippet:-1","max-image-preview":"max-image-preview:large","max-video-preview":"max-video-preview:-1"},"og_locale":"en_US","og_type":"article","og_title":"Estate Furmint 2022 - Erzs\u00e9bet Pince Winery - Coral Wines","og_description":"Estate Furmint 2022 is a dry white wine made from 100% Furmint grapes with balanced aromas of peach, pear, and citrus, refreshing acidity, and a long finish that expresses the mineral character and structure typical of the Tokaj region in Hungary.","og_url":"https:\/\/wines.coral.rs\/en\/product\/estate-furmint-2022-erzsebet-pince\/","og_site_name":"Coral Wines","article_publisher":"https:\/\/www.facebook.com\/profile.php?id=61587431066738","article_modified_time":"2026-02-18T13:40:21+00:00","og_image":[{"width":1000,"height":1000,"url":"https:\/\/wines.coral.rs\/wp-content\/uploads\/2026\/02\/New-Project-29.jpg","type":"image\/jpeg"}],"twitter_card":"summary_large_image","twitter_misc":{"Est. reading time":"1 minute"},"schema":{"@context":"https:\/\/schema.org","@graph":[{"@type":"WebPage","@id":"https:\/\/wines.coral.rs\/en\/product\/estate-furmint-2022-erzsebet-pince\/","url":"https:\/\/wines.coral.rs\/en\/product\/estate-furmint-2022-erzsebet-pince\/","name":"Estate Furmint 2022 - Erzs\u00e9bet Pince Winery - Coral Wines","isPartOf":{"@id":"https:\/\/wines.coral.rs\/#website"},"primaryImageOfPage":{"@id":"https:\/\/wines.coral.rs\/en\/product\/estate-furmint-2022-erzsebet-pince\/#primaryimage"},"image":{"@id":"https:\/\/wines.coral.rs\/en\/product\/estate-furmint-2022-erzsebet-pince\/#primaryimage"},"thumbnailUrl":"https:\/\/wines.coral.rs\/wp-content\/uploads\/2026\/02\/New-Project-29.jpg","datePublished":"2026-02-15T15:06:45+00:00","dateModified":"2026-02-18T13:40:21+00:00","breadcrumb":{"@id":"https:\/\/wines.coral.rs\/en\/product\/estate-furmint-2022-erzsebet-pince\/#breadcrumb"},"inLanguage":"en-US","potentialAction":[{"@type":"ReadAction","target":["https:\/\/wines.coral.rs\/en\/product\/estate-furmint-2022-erzsebet-pince\/"]}]},{"@type":"ImageObject","inLanguage":"en-US","@id":"https:\/\/wines.coral.rs\/en\/product\/estate-furmint-2022-erzsebet-pince\/#primaryimage","url":"https:\/\/wines.coral.rs\/wp-content\/uploads\/2026\/02\/New-Project-29.jpg","contentUrl":"https:\/\/wines.coral.rs\/wp-content\/uploads\/2026\/02\/New-Project-29.jpg","width":1000,"height":1000},{"@type":"BreadcrumbList","@id":"https:\/\/wines.coral.rs\/en\/product\/estate-furmint-2022-erzsebet-pince\/#breadcrumb","itemListElement":[{"@type":"ListItem","position":1,"name":"Home","item":"https:\/\/wines.coral.rs\/en\/home\/"},{"@type":"ListItem","position":2,"name":"Shop","item":"https:\/\/wines.coral.rs\/en\/shop\/"},{"@type":"ListItem","position":3,"name":"Estate Furmint 2022 &#8211; Erzs\u00e9bet Pince Winery"}]},{"@type":"WebSite","@id":"https:\/\/wines.coral.rs\/#website","url":"https:\/\/wines.coral.rs\/","name":"Coral Wines","description":"","publisher":{"@id":"https:\/\/wines.coral.rs\/#organization"},"potentialAction":[{"@type":"SearchAction","target":{"@type":"EntryPoint","urlTemplate":"https:\/\/wines.coral.rs\/?s={search_term_string}"},"query-input":{"@type":"PropertyValueSpecification","valueRequired":true,"valueName":"search_term_string"}}],"inLanguage":"en-US"},{"@type":"Organization","@id":"https:\/\/wines.coral.rs\/#organization","name":"Coral Wines","url":"https:\/\/wines.coral.rs\/","logo":{"@type":"ImageObject","inLanguage":"en-US","@id":"https:\/\/wines.coral.rs\/#\/schema\/logo\/image\/","url":"https:\/\/wines.coral.rs\/wp-content\/uploads\/2025\/12\/logo-wines.svg","contentUrl":"https:\/\/wines.coral.rs\/wp-content\/uploads\/2025\/12\/logo-wines.svg","width":384,"height":618,"caption":"Coral Wines"},"image":{"@id":"https:\/\/wines.coral.rs\/#\/schema\/logo\/image\/"},"sameAs":["https:\/\/www.facebook.com\/profile.php?id=61587431066738","https:\/\/www.linkedin.com\/company\/coral-wines","https:\/\/www.instagram.com\/coral.wines"]}]}},"_links":{"self":[{"href":"https:\/\/wines.coral.rs\/en\/wp-json\/wp\/v2\/product\/47915","targetHints":{"allow":["GET"]}}],"collection":[{"href":"https:\/\/wines.coral.rs\/en\/wp-json\/wp\/v2\/product"}],"about":[{"href":"https:\/\/wines.coral.rs\/en\/wp-json\/wp\/v2\/types\/product"}],"version-history":[{"count":0,"href":"https:\/\/wines.coral.rs\/en\/wp-json\/wp\/v2\/product\/47915\/revisions"}],"wp:featuredmedia":[{"embeddable":true,"href":"https:\/\/wines.coral.rs\/en\/wp-json\/wp\/v2\/media\/47917"}],"wp:attachment":[{"href":"https:\/\/wines.coral.rs\/en\/wp-json\/wp\/v2\/media?parent=47915"}],"wp:term":[{"taxonomy":"product_brand","embeddable":true,"href":"https:\/\/wines.coral.rs\/en\/wp-json\/wp\/v2\/product_brand?post=47915"},{"taxonomy":"product_cat","embeddable":true,"href":"https:\/\/wines.coral.rs\/en\/wp-json\/wp\/v2\/product_cat?post=47915"},{"taxonomy":"product_tag","embeddable":true,"href":"https:\/\/wines.coral.rs\/en\/wp-json\/wp\/v2\/product_tag?post=47915"}],"curies":[{"name":"wp","href":"https:\/\/api.w.org\/{rel}","templated":true}]}}