{"id":47936,"date":"2026-02-15T22:11:38","date_gmt":"2026-02-15T22:11:38","guid":{"rendered":"https:\/\/wines.coral.rs\/product\/tunderrozsa-rose-kekfrankos-2025-vida-borbirtok-winery\/"},"modified":"2026-02-15T22:18:50","modified_gmt":"2026-02-15T22:18:50","slug":"tunderrozsa-rose-kekfrankos-2025-vida-borbirtok-winery","status":"publish","type":"product","link":"https:\/\/wines.coral.rs\/en\/product\/tunderrozsa-rose-kekfrankos-2025-vida-borbirtok-winery\/","title":{"rendered":"T\u00fcnd\u00e9rr\u00f3zsa Ros\u00e9 K\u00e9kfrankos 2025 &#8211; Vida Borbirtok Winery"},"content":{"rendered":"<p><strong data-start=\"2399\" data-end=\"2453\">Vida Csal\u00e1di Borbirtok T\u00fcnd\u00e9rr\u00f3zsa Ros\u00e9 2025 (DRS)<\/strong> is a <strong data-start=\"2457\" data-end=\"2482\">dry, still ros\u00e9 wine<\/strong> made from <strong data-start=\"2498\" data-end=\"2512\">K\u00e9kfrankos<\/strong> grapes from the <strong data-start=\"2533\" data-end=\"2546\">Szeksz\u00e1rd<\/strong> wine region in Hungary. The grapes were harvested from the Hidaspetre and Bakta vineyards and fermented at a controlled low temperature for 14 days, resulting in <strong data-start=\"2698\" data-end=\"2747\">refreshing red berry aromas<\/strong> and elegant freshness. This wine is an excellent representative of the traditional Szeksz\u00e1rd ros\u00e9 style, ideal for light salads and summer dishes.<\/p>\n","protected":false},"excerpt":{"rendered":"<p><strong data-start=\"2172\" data-end=\"2226\">Vida Csal\u00e1di Borbirtok T\u00fcnd\u00e9rr\u00f3zsa Ros\u00e9 2025 (DRS)<\/strong> is a <strong data-start=\"2230\" data-end=\"2254\">dry still ros\u00e9 wine<\/strong> of the <strong data-start=\"2264\" data-end=\"2278\">K\u00e9kfrankos<\/strong> variety with <strong data-start=\"2290\" data-end=\"2317\">red berry<\/strong> aromas and refreshing acidity.<\/p>\n","protected":false},"featured_media":47937,"template":"","meta":{"_acf_changed":false},"product_brand":[1751],"product_cat":[640],"product_tag":[583,587,644,615],"class_list":{"0":"post-47936","1":"product","2":"type-product","3":"status-publish","4":"has-post-thumbnail","6":"product_brand-vida-borbirtok","7":"product_cat-rose-wine","8":"product_tag-dry-2","9":"product_tag-hungary","10":"product_tag-rose","11":"product_tag-still","14":"first","15":"instock","16":"shipping-taxable","17":"purchasable","18":"product-type-simple"},"acf":[],"yoast_head":"<!-- This site is optimized with the Yoast SEO plugin v27.3 - https:\/\/yoast.com\/product\/yoast-seo-wordpress\/ -->\n<title>T\u00fcnd\u00e9rr\u00f3zsa Ros\u00e9 K\u00e9kfrankos 2025 - Vida Borbirtok Winery - Coral Wines<\/title>\n<meta name=\"robots\" content=\"noindex, follow, max-snippet:-1, max-image-preview:large, max-video-preview:-1\" \/>\n<meta property=\"og:locale\" content=\"en_US\" \/>\n<meta property=\"og:type\" content=\"article\" \/>\n<meta property=\"og:title\" content=\"T\u00fcnd\u00e9rr\u00f3zsa Ros\u00e9 K\u00e9kfrankos 2025 - Vida Borbirtok Winery - Coral Wines\" \/>\n<meta property=\"og:description\" content=\"Vida Csal\u00e1di Borbirtok T\u00fcnd\u00e9rr\u00f3zsa Ros\u00e9 2025 (DRS) is a dry still ros\u00e9 wine of the K\u00e9kfrankos variety with red berry aromas and refreshing acidity.\" \/>\n<meta property=\"og:url\" content=\"https:\/\/wines.coral.rs\/en\/product\/tunderrozsa-rose-kekfrankos-2025-vida-borbirtok-winery\/\" \/>\n<meta property=\"og:site_name\" content=\"Coral Wines\" \/>\n<meta property=\"article:publisher\" content=\"https:\/\/www.facebook.com\/profile.php?id=61587431066738\" \/>\n<meta property=\"article:modified_time\" content=\"2026-02-15T22:18:50+00:00\" \/>\n<meta property=\"og:image\" content=\"https:\/\/wines.coral.rs\/wp-content\/uploads\/2026\/02\/New-Project-41-1.png\" \/>\n\t<meta property=\"og:image:width\" content=\"1000\" \/>\n\t<meta property=\"og:image:height\" content=\"1000\" \/>\n\t<meta property=\"og:image:type\" content=\"image\/png\" \/>\n<meta name=\"twitter:card\" content=\"summary_large_image\" \/>\n<script type=\"application\/ld+json\" class=\"yoast-schema-graph\">{\"@context\":\"https:\\\/\\\/schema.org\",\"@graph\":[{\"@type\":\"WebPage\",\"@id\":\"https:\\\/\\\/wines.coral.rs\\\/en\\\/product\\\/tunderrozsa-rose-kekfrankos-2025-vida-borbirtok-winery\\\/\",\"url\":\"https:\\\/\\\/wines.coral.rs\\\/en\\\/product\\\/tunderrozsa-rose-kekfrankos-2025-vida-borbirtok-winery\\\/\",\"name\":\"T\u00fcnd\u00e9rr\u00f3zsa Ros\u00e9 K\u00e9kfrankos 2025 - Vida Borbirtok Winery - Coral Wines\",\"isPartOf\":{\"@id\":\"https:\\\/\\\/wines.coral.rs\\\/#website\"},\"primaryImageOfPage\":{\"@id\":\"https:\\\/\\\/wines.coral.rs\\\/en\\\/product\\\/tunderrozsa-rose-kekfrankos-2025-vida-borbirtok-winery\\\/#primaryimage\"},\"image\":{\"@id\":\"https:\\\/\\\/wines.coral.rs\\\/en\\\/product\\\/tunderrozsa-rose-kekfrankos-2025-vida-borbirtok-winery\\\/#primaryimage\"},\"thumbnailUrl\":\"https:\\\/\\\/wines.coral.rs\\\/wp-content\\\/uploads\\\/2026\\\/02\\\/New-Project-41-1.png\",\"datePublished\":\"2026-02-15T22:11:38+00:00\",\"dateModified\":\"2026-02-15T22:18:50+00:00\",\"breadcrumb\":{\"@id\":\"https:\\\/\\\/wines.coral.rs\\\/en\\\/product\\\/tunderrozsa-rose-kekfrankos-2025-vida-borbirtok-winery\\\/#breadcrumb\"},\"inLanguage\":\"en-US\",\"potentialAction\":[{\"@type\":\"ReadAction\",\"target\":[\"https:\\\/\\\/wines.coral.rs\\\/en\\\/product\\\/tunderrozsa-rose-kekfrankos-2025-vida-borbirtok-winery\\\/\"]}]},{\"@type\":\"ImageObject\",\"inLanguage\":\"en-US\",\"@id\":\"https:\\\/\\\/wines.coral.rs\\\/en\\\/product\\\/tunderrozsa-rose-kekfrankos-2025-vida-borbirtok-winery\\\/#primaryimage\",\"url\":\"https:\\\/\\\/wines.coral.rs\\\/wp-content\\\/uploads\\\/2026\\\/02\\\/New-Project-41-1.png\",\"contentUrl\":\"https:\\\/\\\/wines.coral.rs\\\/wp-content\\\/uploads\\\/2026\\\/02\\\/New-Project-41-1.png\",\"width\":1000,\"height\":1000},{\"@type\":\"BreadcrumbList\",\"@id\":\"https:\\\/\\\/wines.coral.rs\\\/en\\\/product\\\/tunderrozsa-rose-kekfrankos-2025-vida-borbirtok-winery\\\/#breadcrumb\",\"itemListElement\":[{\"@type\":\"ListItem\",\"position\":1,\"name\":\"Home\",\"item\":\"https:\\\/\\\/wines.coral.rs\\\/en\\\/home\\\/\"},{\"@type\":\"ListItem\",\"position\":2,\"name\":\"Shop\",\"item\":\"https:\\\/\\\/wines.coral.rs\\\/en\\\/shop\\\/\"},{\"@type\":\"ListItem\",\"position\":3,\"name\":\"T\u00fcnd\u00e9rr\u00f3zsa Ros\u00e9 K\u00e9kfrankos 2025 &#8211; Vida Borbirtok Winery\"}]},{\"@type\":\"WebSite\",\"@id\":\"https:\\\/\\\/wines.coral.rs\\\/#website\",\"url\":\"https:\\\/\\\/wines.coral.rs\\\/\",\"name\":\"Coral Wines\",\"description\":\"\",\"publisher\":{\"@id\":\"https:\\\/\\\/wines.coral.rs\\\/#organization\"},\"potentialAction\":[{\"@type\":\"SearchAction\",\"target\":{\"@type\":\"EntryPoint\",\"urlTemplate\":\"https:\\\/\\\/wines.coral.rs\\\/?s={search_term_string}\"},\"query-input\":{\"@type\":\"PropertyValueSpecification\",\"valueRequired\":true,\"valueName\":\"search_term_string\"}}],\"inLanguage\":\"en-US\"},{\"@type\":\"Organization\",\"@id\":\"https:\\\/\\\/wines.coral.rs\\\/#organization\",\"name\":\"Coral Wines\",\"url\":\"https:\\\/\\\/wines.coral.rs\\\/\",\"logo\":{\"@type\":\"ImageObject\",\"inLanguage\":\"en-US\",\"@id\":\"https:\\\/\\\/wines.coral.rs\\\/#\\\/schema\\\/logo\\\/image\\\/\",\"url\":\"https:\\\/\\\/wines.coral.rs\\\/wp-content\\\/uploads\\\/2025\\\/12\\\/logo-wines.svg\",\"contentUrl\":\"https:\\\/\\\/wines.coral.rs\\\/wp-content\\\/uploads\\\/2025\\\/12\\\/logo-wines.svg\",\"width\":384,\"height\":618,\"caption\":\"Coral Wines\"},\"image\":{\"@id\":\"https:\\\/\\\/wines.coral.rs\\\/#\\\/schema\\\/logo\\\/image\\\/\"},\"sameAs\":[\"https:\\\/\\\/www.facebook.com\\\/profile.php?id=61587431066738\",\"https:\\\/\\\/www.linkedin.com\\\/company\\\/coral-wines\",\"https:\\\/\\\/www.instagram.com\\\/coral.wines\"]}]}<\/script>\n<!-- \/ Yoast SEO plugin. -->","yoast_head_json":{"title":"T\u00fcnd\u00e9rr\u00f3zsa Ros\u00e9 K\u00e9kfrankos 2025 - Vida Borbirtok Winery - Coral Wines","robots":{"index":"noindex","follow":"follow","max-snippet":"max-snippet:-1","max-image-preview":"max-image-preview:large","max-video-preview":"max-video-preview:-1"},"og_locale":"en_US","og_type":"article","og_title":"T\u00fcnd\u00e9rr\u00f3zsa Ros\u00e9 K\u00e9kfrankos 2025 - Vida Borbirtok Winery - Coral Wines","og_description":"Vida Csal\u00e1di Borbirtok T\u00fcnd\u00e9rr\u00f3zsa Ros\u00e9 2025 (DRS) is a dry still ros\u00e9 wine of the K\u00e9kfrankos variety with red berry aromas and refreshing acidity.","og_url":"https:\/\/wines.coral.rs\/en\/product\/tunderrozsa-rose-kekfrankos-2025-vida-borbirtok-winery\/","og_site_name":"Coral Wines","article_publisher":"https:\/\/www.facebook.com\/profile.php?id=61587431066738","article_modified_time":"2026-02-15T22:18:50+00:00","og_image":[{"width":1000,"height":1000,"url":"https:\/\/wines.coral.rs\/wp-content\/uploads\/2026\/02\/New-Project-41-1.png","type":"image\/png"}],"twitter_card":"summary_large_image","schema":{"@context":"https:\/\/schema.org","@graph":[{"@type":"WebPage","@id":"https:\/\/wines.coral.rs\/en\/product\/tunderrozsa-rose-kekfrankos-2025-vida-borbirtok-winery\/","url":"https:\/\/wines.coral.rs\/en\/product\/tunderrozsa-rose-kekfrankos-2025-vida-borbirtok-winery\/","name":"T\u00fcnd\u00e9rr\u00f3zsa Ros\u00e9 K\u00e9kfrankos 2025 - Vida Borbirtok Winery - Coral Wines","isPartOf":{"@id":"https:\/\/wines.coral.rs\/#website"},"primaryImageOfPage":{"@id":"https:\/\/wines.coral.rs\/en\/product\/tunderrozsa-rose-kekfrankos-2025-vida-borbirtok-winery\/#primaryimage"},"image":{"@id":"https:\/\/wines.coral.rs\/en\/product\/tunderrozsa-rose-kekfrankos-2025-vida-borbirtok-winery\/#primaryimage"},"thumbnailUrl":"https:\/\/wines.coral.rs\/wp-content\/uploads\/2026\/02\/New-Project-41-1.png","datePublished":"2026-02-15T22:11:38+00:00","dateModified":"2026-02-15T22:18:50+00:00","breadcrumb":{"@id":"https:\/\/wines.coral.rs\/en\/product\/tunderrozsa-rose-kekfrankos-2025-vida-borbirtok-winery\/#breadcrumb"},"inLanguage":"en-US","potentialAction":[{"@type":"ReadAction","target":["https:\/\/wines.coral.rs\/en\/product\/tunderrozsa-rose-kekfrankos-2025-vida-borbirtok-winery\/"]}]},{"@type":"ImageObject","inLanguage":"en-US","@id":"https:\/\/wines.coral.rs\/en\/product\/tunderrozsa-rose-kekfrankos-2025-vida-borbirtok-winery\/#primaryimage","url":"https:\/\/wines.coral.rs\/wp-content\/uploads\/2026\/02\/New-Project-41-1.png","contentUrl":"https:\/\/wines.coral.rs\/wp-content\/uploads\/2026\/02\/New-Project-41-1.png","width":1000,"height":1000},{"@type":"BreadcrumbList","@id":"https:\/\/wines.coral.rs\/en\/product\/tunderrozsa-rose-kekfrankos-2025-vida-borbirtok-winery\/#breadcrumb","itemListElement":[{"@type":"ListItem","position":1,"name":"Home","item":"https:\/\/wines.coral.rs\/en\/home\/"},{"@type":"ListItem","position":2,"name":"Shop","item":"https:\/\/wines.coral.rs\/en\/shop\/"},{"@type":"ListItem","position":3,"name":"T\u00fcnd\u00e9rr\u00f3zsa Ros\u00e9 K\u00e9kfrankos 2025 &#8211; Vida Borbirtok Winery"}]},{"@type":"WebSite","@id":"https:\/\/wines.coral.rs\/#website","url":"https:\/\/wines.coral.rs\/","name":"Coral Wines","description":"","publisher":{"@id":"https:\/\/wines.coral.rs\/#organization"},"potentialAction":[{"@type":"SearchAction","target":{"@type":"EntryPoint","urlTemplate":"https:\/\/wines.coral.rs\/?s={search_term_string}"},"query-input":{"@type":"PropertyValueSpecification","valueRequired":true,"valueName":"search_term_string"}}],"inLanguage":"en-US"},{"@type":"Organization","@id":"https:\/\/wines.coral.rs\/#organization","name":"Coral Wines","url":"https:\/\/wines.coral.rs\/","logo":{"@type":"ImageObject","inLanguage":"en-US","@id":"https:\/\/wines.coral.rs\/#\/schema\/logo\/image\/","url":"https:\/\/wines.coral.rs\/wp-content\/uploads\/2025\/12\/logo-wines.svg","contentUrl":"https:\/\/wines.coral.rs\/wp-content\/uploads\/2025\/12\/logo-wines.svg","width":384,"height":618,"caption":"Coral Wines"},"image":{"@id":"https:\/\/wines.coral.rs\/#\/schema\/logo\/image\/"},"sameAs":["https:\/\/www.facebook.com\/profile.php?id=61587431066738","https:\/\/www.linkedin.com\/company\/coral-wines","https:\/\/www.instagram.com\/coral.wines"]}]}},"_links":{"self":[{"href":"https:\/\/wines.coral.rs\/en\/wp-json\/wp\/v2\/product\/47936","targetHints":{"allow":["GET"]}}],"collection":[{"href":"https:\/\/wines.coral.rs\/en\/wp-json\/wp\/v2\/product"}],"about":[{"href":"https:\/\/wines.coral.rs\/en\/wp-json\/wp\/v2\/types\/product"}],"version-history":[{"count":0,"href":"https:\/\/wines.coral.rs\/en\/wp-json\/wp\/v2\/product\/47936\/revisions"}],"wp:featuredmedia":[{"embeddable":true,"href":"https:\/\/wines.coral.rs\/en\/wp-json\/wp\/v2\/media\/47937"}],"wp:attachment":[{"href":"https:\/\/wines.coral.rs\/en\/wp-json\/wp\/v2\/media?parent=47936"}],"wp:term":[{"taxonomy":"product_brand","embeddable":true,"href":"https:\/\/wines.coral.rs\/en\/wp-json\/wp\/v2\/product_brand?post=47936"},{"taxonomy":"product_cat","embeddable":true,"href":"https:\/\/wines.coral.rs\/en\/wp-json\/wp\/v2\/product_cat?post=47936"},{"taxonomy":"product_tag","embeddable":true,"href":"https:\/\/wines.coral.rs\/en\/wp-json\/wp\/v2\/product_tag?post=47936"}],"curies":[{"name":"wp","href":"https:\/\/api.w.org\/{rel}","templated":true}]}}