{"id":47982,"date":"2026-02-16T20:40:44","date_gmt":"2026-02-16T20:40:44","guid":{"rendered":"https:\/\/wines.coral.rs\/product\/fuzio-viognier-pinot-gris-sauvignon-blanc-2023-gal-tibor-winery\/"},"modified":"2026-02-16T20:47:05","modified_gmt":"2026-02-16T20:47:05","slug":"fuzio-viognier-pinot-gris-sauvignon-blanc-2023-gal-tibor-winery","status":"publish","type":"product","link":"https:\/\/wines.coral.rs\/en\/product\/fuzio-viognier-pinot-gris-sauvignon-blanc-2023-gal-tibor-winery\/","title":{"rendered":"Fuzio Viognier, Pinot Gris, Sauvignon Blanc 2023 &#8211; G\u00e1l Tibor Winery"},"content":{"rendered":"<p><strong data-start=\"3295\" data-end=\"3319\">G\u00e1l Tibor Fuzio 2023<\/strong> is a <strong data-start=\"3323\" data-end=\"3347\">dry still white wine<\/strong> from the <strong data-start=\"3361\" data-end=\"3369\">Eger<\/strong> wine region in Hungary, made as a blend (cuv\u00e9e) of <strong data-start=\"3419\" data-end=\"3462\">Viognier, Pinot Gris, and Sauvignon Blanc<\/strong>. The grapes were hand-harvested in September, fermented in a split regimen\u2014part in stainless-steel tanks, part in small oak barrels\u2014and aged for around <strong data-start=\"3609\" data-end=\"3621\">6 months<\/strong> to achieve a complex texture and balanced acidity. The wine offers <strong data-start=\"3692\" data-end=\"3749\">ripe fruit aromas with fine spicy and floral notes<\/strong>, a creamy texture, and a balanced finish, making it a fine example of a modern white blend style from Eger.<\/p>\n","protected":false},"excerpt":{"rendered":"<p data-start=\"2959\" data-end=\"3275\"><strong data-start=\"2959\" data-end=\"2983\">G\u00e1l Tibor Fuzio 2023<\/strong> is a <strong data-start=\"2987\" data-end=\"3018\">dry still white cuv\u00e9e<\/strong> made from <strong data-start=\"3033\" data-end=\"3076\">Sauvignon Blanc, Pinot Gris, and Viognier<\/strong> grapes from the <strong data-start=\"3097\" data-end=\"3116\">Eger (Hungary)<\/strong> wine region, with aromas of ripe fruit and subtle spicy notes, elegantly aged in a barrel\/tank combination and finished with refreshing acidity.<\/p>\n","protected":false},"featured_media":47983,"template":"","meta":{"_acf_changed":false},"product_brand":[2160],"product_cat":[651],"product_tag":[583,587,615,652],"class_list":{"0":"post-47982","1":"product","2":"type-product","3":"status-publish","4":"has-post-thumbnail","6":"product_brand-gal-tibor","7":"product_cat-white-wine","8":"product_tag-dry-2","9":"product_tag-hungary","10":"product_tag-still","11":"product_tag-white","14":"first","15":"instock","16":"shipping-taxable","17":"purchasable","18":"product-type-simple"},"acf":[],"yoast_head":"<!-- This site is optimized with the Yoast SEO plugin v27.3 - https:\/\/yoast.com\/product\/yoast-seo-wordpress\/ -->\n<title>Fuzio Viognier, Pinot Gris, Sauvignon Blanc 2023 - G\u00e1l Tibor Winery - Coral Wines<\/title>\n<meta name=\"robots\" content=\"noindex, follow, max-snippet:-1, max-image-preview:large, max-video-preview:-1\" \/>\n<meta property=\"og:locale\" content=\"en_US\" \/>\n<meta property=\"og:type\" content=\"article\" \/>\n<meta property=\"og:title\" content=\"Fuzio Viognier, Pinot Gris, Sauvignon Blanc 2023 - G\u00e1l Tibor Winery - Coral Wines\" \/>\n<meta property=\"og:description\" content=\"G\u00e1l Tibor Fuzio 2023 is a dry still white cuv\u00e9e made from Sauvignon Blanc, Pinot Gris, and Viognier grapes from the Eger (Hungary) wine region, with aromas of ripe fruit and subtle spicy notes, elegantly aged in a barrel\/tank combination and finished with refreshing acidity.\" \/>\n<meta property=\"og:url\" content=\"https:\/\/wines.coral.rs\/en\/product\/fuzio-viognier-pinot-gris-sauvignon-blanc-2023-gal-tibor-winery\/\" \/>\n<meta property=\"og:site_name\" content=\"Coral Wines\" \/>\n<meta property=\"article:publisher\" content=\"https:\/\/www.facebook.com\/profile.php?id=61587431066738\" \/>\n<meta property=\"article:modified_time\" content=\"2026-02-16T20:47:05+00:00\" \/>\n<meta property=\"og:image\" content=\"https:\/\/wines.coral.rs\/wp-content\/uploads\/2026\/02\/New-Project-41-2.png\" \/>\n\t<meta property=\"og:image:width\" content=\"1000\" \/>\n\t<meta property=\"og:image:height\" content=\"1000\" \/>\n\t<meta property=\"og:image:type\" content=\"image\/png\" \/>\n<meta name=\"twitter:card\" content=\"summary_large_image\" \/>\n<script type=\"application\/ld+json\" class=\"yoast-schema-graph\">{\"@context\":\"https:\\\/\\\/schema.org\",\"@graph\":[{\"@type\":\"WebPage\",\"@id\":\"https:\\\/\\\/wines.coral.rs\\\/en\\\/product\\\/fuzio-viognier-pinot-gris-sauvignon-blanc-2023-gal-tibor-winery\\\/\",\"url\":\"https:\\\/\\\/wines.coral.rs\\\/en\\\/product\\\/fuzio-viognier-pinot-gris-sauvignon-blanc-2023-gal-tibor-winery\\\/\",\"name\":\"Fuzio Viognier, Pinot Gris, Sauvignon Blanc 2023 - G\u00e1l Tibor Winery - Coral Wines\",\"isPartOf\":{\"@id\":\"https:\\\/\\\/wines.coral.rs\\\/#website\"},\"primaryImageOfPage\":{\"@id\":\"https:\\\/\\\/wines.coral.rs\\\/en\\\/product\\\/fuzio-viognier-pinot-gris-sauvignon-blanc-2023-gal-tibor-winery\\\/#primaryimage\"},\"image\":{\"@id\":\"https:\\\/\\\/wines.coral.rs\\\/en\\\/product\\\/fuzio-viognier-pinot-gris-sauvignon-blanc-2023-gal-tibor-winery\\\/#primaryimage\"},\"thumbnailUrl\":\"https:\\\/\\\/wines.coral.rs\\\/wp-content\\\/uploads\\\/2026\\\/02\\\/New-Project-41-2.png\",\"datePublished\":\"2026-02-16T20:40:44+00:00\",\"dateModified\":\"2026-02-16T20:47:05+00:00\",\"breadcrumb\":{\"@id\":\"https:\\\/\\\/wines.coral.rs\\\/en\\\/product\\\/fuzio-viognier-pinot-gris-sauvignon-blanc-2023-gal-tibor-winery\\\/#breadcrumb\"},\"inLanguage\":\"en-US\",\"potentialAction\":[{\"@type\":\"ReadAction\",\"target\":[\"https:\\\/\\\/wines.coral.rs\\\/en\\\/product\\\/fuzio-viognier-pinot-gris-sauvignon-blanc-2023-gal-tibor-winery\\\/\"]}]},{\"@type\":\"ImageObject\",\"inLanguage\":\"en-US\",\"@id\":\"https:\\\/\\\/wines.coral.rs\\\/en\\\/product\\\/fuzio-viognier-pinot-gris-sauvignon-blanc-2023-gal-tibor-winery\\\/#primaryimage\",\"url\":\"https:\\\/\\\/wines.coral.rs\\\/wp-content\\\/uploads\\\/2026\\\/02\\\/New-Project-41-2.png\",\"contentUrl\":\"https:\\\/\\\/wines.coral.rs\\\/wp-content\\\/uploads\\\/2026\\\/02\\\/New-Project-41-2.png\",\"width\":1000,\"height\":1000},{\"@type\":\"BreadcrumbList\",\"@id\":\"https:\\\/\\\/wines.coral.rs\\\/en\\\/product\\\/fuzio-viognier-pinot-gris-sauvignon-blanc-2023-gal-tibor-winery\\\/#breadcrumb\",\"itemListElement\":[{\"@type\":\"ListItem\",\"position\":1,\"name\":\"Home\",\"item\":\"https:\\\/\\\/wines.coral.rs\\\/en\\\/home\\\/\"},{\"@type\":\"ListItem\",\"position\":2,\"name\":\"Shop\",\"item\":\"https:\\\/\\\/wines.coral.rs\\\/en\\\/shop\\\/\"},{\"@type\":\"ListItem\",\"position\":3,\"name\":\"Fuzio Viognier, Pinot Gris, Sauvignon Blanc 2023 &#8211; G\u00e1l Tibor Winery\"}]},{\"@type\":\"WebSite\",\"@id\":\"https:\\\/\\\/wines.coral.rs\\\/#website\",\"url\":\"https:\\\/\\\/wines.coral.rs\\\/\",\"name\":\"Coral Wines\",\"description\":\"\",\"publisher\":{\"@id\":\"https:\\\/\\\/wines.coral.rs\\\/#organization\"},\"potentialAction\":[{\"@type\":\"SearchAction\",\"target\":{\"@type\":\"EntryPoint\",\"urlTemplate\":\"https:\\\/\\\/wines.coral.rs\\\/?s={search_term_string}\"},\"query-input\":{\"@type\":\"PropertyValueSpecification\",\"valueRequired\":true,\"valueName\":\"search_term_string\"}}],\"inLanguage\":\"en-US\"},{\"@type\":\"Organization\",\"@id\":\"https:\\\/\\\/wines.coral.rs\\\/#organization\",\"name\":\"Coral Wines\",\"url\":\"https:\\\/\\\/wines.coral.rs\\\/\",\"logo\":{\"@type\":\"ImageObject\",\"inLanguage\":\"en-US\",\"@id\":\"https:\\\/\\\/wines.coral.rs\\\/#\\\/schema\\\/logo\\\/image\\\/\",\"url\":\"https:\\\/\\\/wines.coral.rs\\\/wp-content\\\/uploads\\\/2025\\\/12\\\/logo-wines.svg\",\"contentUrl\":\"https:\\\/\\\/wines.coral.rs\\\/wp-content\\\/uploads\\\/2025\\\/12\\\/logo-wines.svg\",\"width\":384,\"height\":618,\"caption\":\"Coral Wines\"},\"image\":{\"@id\":\"https:\\\/\\\/wines.coral.rs\\\/#\\\/schema\\\/logo\\\/image\\\/\"},\"sameAs\":[\"https:\\\/\\\/www.facebook.com\\\/profile.php?id=61587431066738\",\"https:\\\/\\\/www.linkedin.com\\\/company\\\/coral-wines\",\"https:\\\/\\\/www.instagram.com\\\/coral.wines\"]}]}<\/script>\n<!-- \/ Yoast SEO plugin. -->","yoast_head_json":{"title":"Fuzio Viognier, Pinot Gris, Sauvignon Blanc 2023 - G\u00e1l Tibor Winery - Coral Wines","robots":{"index":"noindex","follow":"follow","max-snippet":"max-snippet:-1","max-image-preview":"max-image-preview:large","max-video-preview":"max-video-preview:-1"},"og_locale":"en_US","og_type":"article","og_title":"Fuzio Viognier, Pinot Gris, Sauvignon Blanc 2023 - G\u00e1l Tibor Winery - Coral Wines","og_description":"G\u00e1l Tibor Fuzio 2023 is a dry still white cuv\u00e9e made from Sauvignon Blanc, Pinot Gris, and Viognier grapes from the Eger (Hungary) wine region, with aromas of ripe fruit and subtle spicy notes, elegantly aged in a barrel\/tank combination and finished with refreshing acidity.","og_url":"https:\/\/wines.coral.rs\/en\/product\/fuzio-viognier-pinot-gris-sauvignon-blanc-2023-gal-tibor-winery\/","og_site_name":"Coral Wines","article_publisher":"https:\/\/www.facebook.com\/profile.php?id=61587431066738","article_modified_time":"2026-02-16T20:47:05+00:00","og_image":[{"width":1000,"height":1000,"url":"https:\/\/wines.coral.rs\/wp-content\/uploads\/2026\/02\/New-Project-41-2.png","type":"image\/png"}],"twitter_card":"summary_large_image","schema":{"@context":"https:\/\/schema.org","@graph":[{"@type":"WebPage","@id":"https:\/\/wines.coral.rs\/en\/product\/fuzio-viognier-pinot-gris-sauvignon-blanc-2023-gal-tibor-winery\/","url":"https:\/\/wines.coral.rs\/en\/product\/fuzio-viognier-pinot-gris-sauvignon-blanc-2023-gal-tibor-winery\/","name":"Fuzio Viognier, Pinot Gris, Sauvignon Blanc 2023 - G\u00e1l Tibor Winery - Coral Wines","isPartOf":{"@id":"https:\/\/wines.coral.rs\/#website"},"primaryImageOfPage":{"@id":"https:\/\/wines.coral.rs\/en\/product\/fuzio-viognier-pinot-gris-sauvignon-blanc-2023-gal-tibor-winery\/#primaryimage"},"image":{"@id":"https:\/\/wines.coral.rs\/en\/product\/fuzio-viognier-pinot-gris-sauvignon-blanc-2023-gal-tibor-winery\/#primaryimage"},"thumbnailUrl":"https:\/\/wines.coral.rs\/wp-content\/uploads\/2026\/02\/New-Project-41-2.png","datePublished":"2026-02-16T20:40:44+00:00","dateModified":"2026-02-16T20:47:05+00:00","breadcrumb":{"@id":"https:\/\/wines.coral.rs\/en\/product\/fuzio-viognier-pinot-gris-sauvignon-blanc-2023-gal-tibor-winery\/#breadcrumb"},"inLanguage":"en-US","potentialAction":[{"@type":"ReadAction","target":["https:\/\/wines.coral.rs\/en\/product\/fuzio-viognier-pinot-gris-sauvignon-blanc-2023-gal-tibor-winery\/"]}]},{"@type":"ImageObject","inLanguage":"en-US","@id":"https:\/\/wines.coral.rs\/en\/product\/fuzio-viognier-pinot-gris-sauvignon-blanc-2023-gal-tibor-winery\/#primaryimage","url":"https:\/\/wines.coral.rs\/wp-content\/uploads\/2026\/02\/New-Project-41-2.png","contentUrl":"https:\/\/wines.coral.rs\/wp-content\/uploads\/2026\/02\/New-Project-41-2.png","width":1000,"height":1000},{"@type":"BreadcrumbList","@id":"https:\/\/wines.coral.rs\/en\/product\/fuzio-viognier-pinot-gris-sauvignon-blanc-2023-gal-tibor-winery\/#breadcrumb","itemListElement":[{"@type":"ListItem","position":1,"name":"Home","item":"https:\/\/wines.coral.rs\/en\/home\/"},{"@type":"ListItem","position":2,"name":"Shop","item":"https:\/\/wines.coral.rs\/en\/shop\/"},{"@type":"ListItem","position":3,"name":"Fuzio Viognier, Pinot Gris, Sauvignon Blanc 2023 &#8211; G\u00e1l Tibor Winery"}]},{"@type":"WebSite","@id":"https:\/\/wines.coral.rs\/#website","url":"https:\/\/wines.coral.rs\/","name":"Coral Wines","description":"","publisher":{"@id":"https:\/\/wines.coral.rs\/#organization"},"potentialAction":[{"@type":"SearchAction","target":{"@type":"EntryPoint","urlTemplate":"https:\/\/wines.coral.rs\/?s={search_term_string}"},"query-input":{"@type":"PropertyValueSpecification","valueRequired":true,"valueName":"search_term_string"}}],"inLanguage":"en-US"},{"@type":"Organization","@id":"https:\/\/wines.coral.rs\/#organization","name":"Coral Wines","url":"https:\/\/wines.coral.rs\/","logo":{"@type":"ImageObject","inLanguage":"en-US","@id":"https:\/\/wines.coral.rs\/#\/schema\/logo\/image\/","url":"https:\/\/wines.coral.rs\/wp-content\/uploads\/2025\/12\/logo-wines.svg","contentUrl":"https:\/\/wines.coral.rs\/wp-content\/uploads\/2025\/12\/logo-wines.svg","width":384,"height":618,"caption":"Coral Wines"},"image":{"@id":"https:\/\/wines.coral.rs\/#\/schema\/logo\/image\/"},"sameAs":["https:\/\/www.facebook.com\/profile.php?id=61587431066738","https:\/\/www.linkedin.com\/company\/coral-wines","https:\/\/www.instagram.com\/coral.wines"]}]}},"_links":{"self":[{"href":"https:\/\/wines.coral.rs\/en\/wp-json\/wp\/v2\/product\/47982","targetHints":{"allow":["GET"]}}],"collection":[{"href":"https:\/\/wines.coral.rs\/en\/wp-json\/wp\/v2\/product"}],"about":[{"href":"https:\/\/wines.coral.rs\/en\/wp-json\/wp\/v2\/types\/product"}],"version-history":[{"count":0,"href":"https:\/\/wines.coral.rs\/en\/wp-json\/wp\/v2\/product\/47982\/revisions"}],"wp:featuredmedia":[{"embeddable":true,"href":"https:\/\/wines.coral.rs\/en\/wp-json\/wp\/v2\/media\/47983"}],"wp:attachment":[{"href":"https:\/\/wines.coral.rs\/en\/wp-json\/wp\/v2\/media?parent=47982"}],"wp:term":[{"taxonomy":"product_brand","embeddable":true,"href":"https:\/\/wines.coral.rs\/en\/wp-json\/wp\/v2\/product_brand?post=47982"},{"taxonomy":"product_cat","embeddable":true,"href":"https:\/\/wines.coral.rs\/en\/wp-json\/wp\/v2\/product_cat?post=47982"},{"taxonomy":"product_tag","embeddable":true,"href":"https:\/\/wines.coral.rs\/en\/wp-json\/wp\/v2\/product_tag?post=47982"}],"curies":[{"name":"wp","href":"https:\/\/api.w.org\/{rel}","templated":true}]}}