{"id":48010,"date":"2026-02-16T22:42:35","date_gmt":"2026-02-16T22:42:35","guid":{"rendered":"https:\/\/wines.coral.rs\/product\/tokaji-furmint-szent-tamas-2020-zsirai-pinceszet-winery\/"},"modified":"2026-02-18T13:48:26","modified_gmt":"2026-02-18T13:48:26","slug":"tokaji-furmint-szent-tamas-2020-zsirai-pinceszet-winery","status":"publish","type":"product","link":"https:\/\/wines.coral.rs\/en\/product\/tokaji-furmint-szent-tamas-2020-zsirai-pinceszet-winery\/","title":{"rendered":"Tokaji Furmint Szent Tam\u00e1s 2020 &#8211; Zsirai Pinc\u00e9szet Winery"},"content":{"rendered":"<p data-start=\"3820\" data-end=\"4209\"><strong data-start=\"3820\" data-end=\"4001\">Tokaji Furmint Szent Tam\u00e1s 2020 is a dry wine made from 100% Furmint from the unique <em data-start=\"3915\" data-end=\"3928\">Szent Tam\u00e1s<\/em> vineyard in the Tokaj region, delivering pronounced minerality and elegance.<\/strong> The vineyard reflects its terroir through a rich aromatic profile, built on layers of citrus, ripe fruit, and subtle floral notes, with a robust yet fresh structure.<\/p>\n<p data-start=\"4211\" data-end=\"4540\">Even in the name, a strong character is felt \u2013 <strong data-start=\"4247\" data-end=\"4285\">bright acidity and mineral tones<\/strong> clearly dominate, while spontaneous fermentation and 9 months of ageing in oak barrels add complexity and depth to the aromas. On the palate, the wine is balanced, with a long finish and a clearly defined terroir character. <\/p>\n<p data-start=\"4542\" data-end=\"4853\">Thanks to its structure and elegant minerality, Szent Tam\u00e1s is an ideal match for<strong> seafood, light white meats, or aromatic cheeses<\/strong>, and it also has <strong data-start=\"4699\" data-end=\"4733\">excellent long-term ageing potential<\/strong>, making it especially appealing to lovers of serious dry Furmint wines.<\/p>\n","protected":false},"excerpt":{"rendered":"<p><strong data-start=\"4880\" data-end=\"5090\">Tokaji Furmint Szent Tam\u00e1s 2020 is a premium dry wine<\/strong> with a pronounced<strong data-start=\"4880\" data-end=\"5090\"> mineral character, complex aromas, and excellent ageing potential, <\/strong>faithfully reflecting the terroir of one of Tokaj\u2019s finest vineyards.<\/p>\n","protected":false},"featured_media":48011,"template":"","meta":{"_acf_changed":false},"product_brand":[2314],"product_cat":[651],"product_tag":[583,587,652],"class_list":{"0":"post-48010","1":"product","2":"type-product","3":"status-publish","4":"has-post-thumbnail","6":"product_brand-zsirai-pinceszet","7":"product_cat-white-wine","8":"product_tag-dry-2","9":"product_tag-hungary","10":"product_tag-white","13":"first","14":"instock","15":"shipping-taxable","16":"purchasable","17":"product-type-simple"},"acf":[],"yoast_head":"<!-- This site is optimized with the Yoast SEO plugin v27.3 - https:\/\/yoast.com\/product\/yoast-seo-wordpress\/ -->\n<title>Tokaji Furmint Szent Tam\u00e1s 2020 - Zsirai Pinc\u00e9szet Winery - Coral Wines<\/title>\n<meta name=\"robots\" content=\"noindex, follow, max-snippet:-1, max-image-preview:large, max-video-preview:-1\" \/>\n<meta property=\"og:locale\" content=\"en_US\" \/>\n<meta property=\"og:type\" content=\"article\" \/>\n<meta property=\"og:title\" content=\"Tokaji Furmint Szent Tam\u00e1s 2020 - Zsirai Pinc\u00e9szet Winery - Coral Wines\" \/>\n<meta property=\"og:description\" content=\"Tokaji Furmint Szent Tam\u00e1s 2020 is a premium dry wine with a pronounced mineral character, complex aromas, and excellent ageing potential, faithfully reflecting the terroir of one of Tokaj\u2019s finest vineyards.\" \/>\n<meta property=\"og:url\" content=\"https:\/\/wines.coral.rs\/en\/product\/tokaji-furmint-szent-tamas-2020-zsirai-pinceszet-winery\/\" \/>\n<meta property=\"og:site_name\" content=\"Coral Wines\" \/>\n<meta property=\"article:publisher\" content=\"https:\/\/www.facebook.com\/profile.php?id=61587431066738\" \/>\n<meta property=\"article:modified_time\" content=\"2026-02-18T13:48:26+00:00\" \/>\n<meta property=\"og:image\" content=\"https:\/\/wines.coral.rs\/wp-content\/uploads\/2026\/02\/New-Project-34-2.jpg\" \/>\n\t<meta property=\"og:image:width\" content=\"1000\" \/>\n\t<meta property=\"og:image:height\" content=\"1000\" \/>\n\t<meta property=\"og:image:type\" content=\"image\/jpeg\" \/>\n<meta name=\"twitter:card\" content=\"summary_large_image\" \/>\n<meta name=\"twitter:label1\" content=\"Est. reading time\" \/>\n\t<meta name=\"twitter:data1\" content=\"1 minute\" \/>\n<script type=\"application\/ld+json\" class=\"yoast-schema-graph\">{\"@context\":\"https:\\\/\\\/schema.org\",\"@graph\":[{\"@type\":\"WebPage\",\"@id\":\"https:\\\/\\\/wines.coral.rs\\\/en\\\/product\\\/tokaji-furmint-szent-tamas-2020-zsirai-pinceszet-winery\\\/\",\"url\":\"https:\\\/\\\/wines.coral.rs\\\/en\\\/product\\\/tokaji-furmint-szent-tamas-2020-zsirai-pinceszet-winery\\\/\",\"name\":\"Tokaji Furmint Szent Tam\u00e1s 2020 - Zsirai Pinc\u00e9szet Winery - Coral Wines\",\"isPartOf\":{\"@id\":\"https:\\\/\\\/wines.coral.rs\\\/#website\"},\"primaryImageOfPage\":{\"@id\":\"https:\\\/\\\/wines.coral.rs\\\/en\\\/product\\\/tokaji-furmint-szent-tamas-2020-zsirai-pinceszet-winery\\\/#primaryimage\"},\"image\":{\"@id\":\"https:\\\/\\\/wines.coral.rs\\\/en\\\/product\\\/tokaji-furmint-szent-tamas-2020-zsirai-pinceszet-winery\\\/#primaryimage\"},\"thumbnailUrl\":\"https:\\\/\\\/wines.coral.rs\\\/wp-content\\\/uploads\\\/2026\\\/02\\\/New-Project-34-2.jpg\",\"datePublished\":\"2026-02-16T22:42:35+00:00\",\"dateModified\":\"2026-02-18T13:48:26+00:00\",\"breadcrumb\":{\"@id\":\"https:\\\/\\\/wines.coral.rs\\\/en\\\/product\\\/tokaji-furmint-szent-tamas-2020-zsirai-pinceszet-winery\\\/#breadcrumb\"},\"inLanguage\":\"en-US\",\"potentialAction\":[{\"@type\":\"ReadAction\",\"target\":[\"https:\\\/\\\/wines.coral.rs\\\/en\\\/product\\\/tokaji-furmint-szent-tamas-2020-zsirai-pinceszet-winery\\\/\"]}]},{\"@type\":\"ImageObject\",\"inLanguage\":\"en-US\",\"@id\":\"https:\\\/\\\/wines.coral.rs\\\/en\\\/product\\\/tokaji-furmint-szent-tamas-2020-zsirai-pinceszet-winery\\\/#primaryimage\",\"url\":\"https:\\\/\\\/wines.coral.rs\\\/wp-content\\\/uploads\\\/2026\\\/02\\\/New-Project-34-2.jpg\",\"contentUrl\":\"https:\\\/\\\/wines.coral.rs\\\/wp-content\\\/uploads\\\/2026\\\/02\\\/New-Project-34-2.jpg\",\"width\":1000,\"height\":1000},{\"@type\":\"BreadcrumbList\",\"@id\":\"https:\\\/\\\/wines.coral.rs\\\/en\\\/product\\\/tokaji-furmint-szent-tamas-2020-zsirai-pinceszet-winery\\\/#breadcrumb\",\"itemListElement\":[{\"@type\":\"ListItem\",\"position\":1,\"name\":\"Home\",\"item\":\"https:\\\/\\\/wines.coral.rs\\\/en\\\/home\\\/\"},{\"@type\":\"ListItem\",\"position\":2,\"name\":\"Shop\",\"item\":\"https:\\\/\\\/wines.coral.rs\\\/en\\\/shop\\\/\"},{\"@type\":\"ListItem\",\"position\":3,\"name\":\"Tokaji Furmint Szent Tam\u00e1s 2020 &#8211; Zsirai Pinc\u00e9szet Winery\"}]},{\"@type\":\"WebSite\",\"@id\":\"https:\\\/\\\/wines.coral.rs\\\/#website\",\"url\":\"https:\\\/\\\/wines.coral.rs\\\/\",\"name\":\"Coral Wines\",\"description\":\"\",\"publisher\":{\"@id\":\"https:\\\/\\\/wines.coral.rs\\\/#organization\"},\"potentialAction\":[{\"@type\":\"SearchAction\",\"target\":{\"@type\":\"EntryPoint\",\"urlTemplate\":\"https:\\\/\\\/wines.coral.rs\\\/?s={search_term_string}\"},\"query-input\":{\"@type\":\"PropertyValueSpecification\",\"valueRequired\":true,\"valueName\":\"search_term_string\"}}],\"inLanguage\":\"en-US\"},{\"@type\":\"Organization\",\"@id\":\"https:\\\/\\\/wines.coral.rs\\\/#organization\",\"name\":\"Coral Wines\",\"url\":\"https:\\\/\\\/wines.coral.rs\\\/\",\"logo\":{\"@type\":\"ImageObject\",\"inLanguage\":\"en-US\",\"@id\":\"https:\\\/\\\/wines.coral.rs\\\/#\\\/schema\\\/logo\\\/image\\\/\",\"url\":\"https:\\\/\\\/wines.coral.rs\\\/wp-content\\\/uploads\\\/2025\\\/12\\\/logo-wines.svg\",\"contentUrl\":\"https:\\\/\\\/wines.coral.rs\\\/wp-content\\\/uploads\\\/2025\\\/12\\\/logo-wines.svg\",\"width\":384,\"height\":618,\"caption\":\"Coral Wines\"},\"image\":{\"@id\":\"https:\\\/\\\/wines.coral.rs\\\/#\\\/schema\\\/logo\\\/image\\\/\"},\"sameAs\":[\"https:\\\/\\\/www.facebook.com\\\/profile.php?id=61587431066738\",\"https:\\\/\\\/www.linkedin.com\\\/company\\\/coral-wines\",\"https:\\\/\\\/www.instagram.com\\\/coral.wines\"]}]}<\/script>\n<!-- \/ Yoast SEO plugin. -->","yoast_head_json":{"title":"Tokaji Furmint Szent Tam\u00e1s 2020 - Zsirai Pinc\u00e9szet Winery - Coral Wines","robots":{"index":"noindex","follow":"follow","max-snippet":"max-snippet:-1","max-image-preview":"max-image-preview:large","max-video-preview":"max-video-preview:-1"},"og_locale":"en_US","og_type":"article","og_title":"Tokaji Furmint Szent Tam\u00e1s 2020 - Zsirai Pinc\u00e9szet Winery - Coral Wines","og_description":"Tokaji Furmint Szent Tam\u00e1s 2020 is a premium dry wine with a pronounced mineral character, complex aromas, and excellent ageing potential, faithfully reflecting the terroir of one of Tokaj\u2019s finest vineyards.","og_url":"https:\/\/wines.coral.rs\/en\/product\/tokaji-furmint-szent-tamas-2020-zsirai-pinceszet-winery\/","og_site_name":"Coral Wines","article_publisher":"https:\/\/www.facebook.com\/profile.php?id=61587431066738","article_modified_time":"2026-02-18T13:48:26+00:00","og_image":[{"width":1000,"height":1000,"url":"https:\/\/wines.coral.rs\/wp-content\/uploads\/2026\/02\/New-Project-34-2.jpg","type":"image\/jpeg"}],"twitter_card":"summary_large_image","twitter_misc":{"Est. reading time":"1 minute"},"schema":{"@context":"https:\/\/schema.org","@graph":[{"@type":"WebPage","@id":"https:\/\/wines.coral.rs\/en\/product\/tokaji-furmint-szent-tamas-2020-zsirai-pinceszet-winery\/","url":"https:\/\/wines.coral.rs\/en\/product\/tokaji-furmint-szent-tamas-2020-zsirai-pinceszet-winery\/","name":"Tokaji Furmint Szent Tam\u00e1s 2020 - Zsirai Pinc\u00e9szet Winery - Coral Wines","isPartOf":{"@id":"https:\/\/wines.coral.rs\/#website"},"primaryImageOfPage":{"@id":"https:\/\/wines.coral.rs\/en\/product\/tokaji-furmint-szent-tamas-2020-zsirai-pinceszet-winery\/#primaryimage"},"image":{"@id":"https:\/\/wines.coral.rs\/en\/product\/tokaji-furmint-szent-tamas-2020-zsirai-pinceszet-winery\/#primaryimage"},"thumbnailUrl":"https:\/\/wines.coral.rs\/wp-content\/uploads\/2026\/02\/New-Project-34-2.jpg","datePublished":"2026-02-16T22:42:35+00:00","dateModified":"2026-02-18T13:48:26+00:00","breadcrumb":{"@id":"https:\/\/wines.coral.rs\/en\/product\/tokaji-furmint-szent-tamas-2020-zsirai-pinceszet-winery\/#breadcrumb"},"inLanguage":"en-US","potentialAction":[{"@type":"ReadAction","target":["https:\/\/wines.coral.rs\/en\/product\/tokaji-furmint-szent-tamas-2020-zsirai-pinceszet-winery\/"]}]},{"@type":"ImageObject","inLanguage":"en-US","@id":"https:\/\/wines.coral.rs\/en\/product\/tokaji-furmint-szent-tamas-2020-zsirai-pinceszet-winery\/#primaryimage","url":"https:\/\/wines.coral.rs\/wp-content\/uploads\/2026\/02\/New-Project-34-2.jpg","contentUrl":"https:\/\/wines.coral.rs\/wp-content\/uploads\/2026\/02\/New-Project-34-2.jpg","width":1000,"height":1000},{"@type":"BreadcrumbList","@id":"https:\/\/wines.coral.rs\/en\/product\/tokaji-furmint-szent-tamas-2020-zsirai-pinceszet-winery\/#breadcrumb","itemListElement":[{"@type":"ListItem","position":1,"name":"Home","item":"https:\/\/wines.coral.rs\/en\/home\/"},{"@type":"ListItem","position":2,"name":"Shop","item":"https:\/\/wines.coral.rs\/en\/shop\/"},{"@type":"ListItem","position":3,"name":"Tokaji Furmint Szent Tam\u00e1s 2020 &#8211; Zsirai Pinc\u00e9szet Winery"}]},{"@type":"WebSite","@id":"https:\/\/wines.coral.rs\/#website","url":"https:\/\/wines.coral.rs\/","name":"Coral Wines","description":"","publisher":{"@id":"https:\/\/wines.coral.rs\/#organization"},"potentialAction":[{"@type":"SearchAction","target":{"@type":"EntryPoint","urlTemplate":"https:\/\/wines.coral.rs\/?s={search_term_string}"},"query-input":{"@type":"PropertyValueSpecification","valueRequired":true,"valueName":"search_term_string"}}],"inLanguage":"en-US"},{"@type":"Organization","@id":"https:\/\/wines.coral.rs\/#organization","name":"Coral Wines","url":"https:\/\/wines.coral.rs\/","logo":{"@type":"ImageObject","inLanguage":"en-US","@id":"https:\/\/wines.coral.rs\/#\/schema\/logo\/image\/","url":"https:\/\/wines.coral.rs\/wp-content\/uploads\/2025\/12\/logo-wines.svg","contentUrl":"https:\/\/wines.coral.rs\/wp-content\/uploads\/2025\/12\/logo-wines.svg","width":384,"height":618,"caption":"Coral Wines"},"image":{"@id":"https:\/\/wines.coral.rs\/#\/schema\/logo\/image\/"},"sameAs":["https:\/\/www.facebook.com\/profile.php?id=61587431066738","https:\/\/www.linkedin.com\/company\/coral-wines","https:\/\/www.instagram.com\/coral.wines"]}]}},"_links":{"self":[{"href":"https:\/\/wines.coral.rs\/en\/wp-json\/wp\/v2\/product\/48010","targetHints":{"allow":["GET"]}}],"collection":[{"href":"https:\/\/wines.coral.rs\/en\/wp-json\/wp\/v2\/product"}],"about":[{"href":"https:\/\/wines.coral.rs\/en\/wp-json\/wp\/v2\/types\/product"}],"version-history":[{"count":0,"href":"https:\/\/wines.coral.rs\/en\/wp-json\/wp\/v2\/product\/48010\/revisions"}],"wp:featuredmedia":[{"embeddable":true,"href":"https:\/\/wines.coral.rs\/en\/wp-json\/wp\/v2\/media\/48011"}],"wp:attachment":[{"href":"https:\/\/wines.coral.rs\/en\/wp-json\/wp\/v2\/media?parent=48010"}],"wp:term":[{"taxonomy":"product_brand","embeddable":true,"href":"https:\/\/wines.coral.rs\/en\/wp-json\/wp\/v2\/product_brand?post=48010"},{"taxonomy":"product_cat","embeddable":true,"href":"https:\/\/wines.coral.rs\/en\/wp-json\/wp\/v2\/product_cat?post=48010"},{"taxonomy":"product_tag","embeddable":true,"href":"https:\/\/wines.coral.rs\/en\/wp-json\/wp\/v2\/product_tag?post=48010"}],"curies":[{"name":"wp","href":"https:\/\/api.w.org\/{rel}","templated":true}]}}