{"id":48553,"date":"2026-03-10T19:59:21","date_gmt":"2026-03-10T19:59:21","guid":{"rendered":"https:\/\/wines.coral.rs\/product\/negru-de-purcari-cabernet-sauvignon-saperavi-rara-neagra-2019-chateau-purcari-winery\/"},"modified":"2026-03-10T19:59:21","modified_gmt":"2026-03-10T19:59:21","slug":"negru-de-purcari-cabernet-sauvignon-saperavi-rara-neagra-2019-chateau-purcari-winery","status":"publish","type":"product","link":"https:\/\/wines.coral.rs\/en\/product\/negru-de-purcari-cabernet-sauvignon-saperavi-rara-neagra-2019-chateau-purcari-winery\/","title":{"rendered":"Negru de Purcari Cabernet Sauvignon, Saperavi, Rar\u0103 Neagr\u0103 2019 &#8211; Ch\u00e2teau Purcari Winery"},"content":{"rendered":"<p><strong data-start=\"2364\" data-end=\"2389\">Negru de Purcari 2019<\/strong> is one of the most renowned wines from the Moldovan winery <strong data-start=\"2440\" data-end=\"2459\">Ch\u00e2teau Purcari<\/strong>. It is crafted from a blend of <strong data-start=\"2479\" data-end=\"2528\">Cabernet Sauvignon, Saperavi, and Rar\u0103 Neagr\u0103<\/strong>, which yields a complex aromatic profile with <strong data-start=\"2571\" data-end=\"2634\">notes of ripe dark fruit, plum, cherry, and sweet spices<\/strong>. The wine ages for <strong data-start=\"2650\" data-end=\"2701\">18 months in French oak barrique barrels<\/strong>, gaining additional depth and elegance. It is full-bodied, with <strong data-start=\"2762\" data-end=\"2805\">velvety tannins and a long finish<\/strong>, and pairs excellently with <strong data-start=\"2829\" data-end=\"2868\">red meat, game, and aged cheeses<\/strong>.   <\/p>\n","protected":false},"excerpt":{"rendered":"<p><strong data-start=\"2138\" data-end=\"2163\">Negru de Purcari 2019<\/strong> is a <strong data-start=\"2167\" data-end=\"2208\">premium dry red wine from Moldova<\/strong>, a blend of <strong data-start=\"2216\" data-end=\"2265\">Cabernet Sauvignon, Saperavi, and Rar\u0103 Neagr\u0103<\/strong>, featuring <strong data-start=\"2270\" data-end=\"2310\">aromas of dark fruit, plum, and spices<\/strong>, and significant aging potential.<\/p>\n","protected":false},"featured_media":48551,"template":"","meta":{"_acf_changed":false},"product_brand":[4064],"product_cat":[605,580],"product_tag":[1351,583,4065,585,615],"class_list":{"0":"post-48553","1":"product","2":"type-product","3":"status-publish","4":"has-post-thumbnail","6":"product_brand-chateau-purcari","7":"product_cat-award-winning-wines","8":"product_cat-red-wine","9":"product_tag-award-winning","10":"product_tag-dry-2","11":"product_tag-moldova","12":"product_tag-red","13":"product_tag-still","16":"first","17":"instock","18":"shipping-taxable","19":"purchasable","20":"product-type-simple"},"acf":[],"yoast_head":"<!-- This site is optimized with the Yoast SEO plugin v27.3 - https:\/\/yoast.com\/product\/yoast-seo-wordpress\/ -->\n<title>Negru de Purcari Cabernet Sauvignon, Saperavi, Rar\u0103 Neagr\u0103 2019 - Ch\u00e2teau Purcari Winery - Coral Wines<\/title>\n<meta name=\"robots\" content=\"noindex, follow, max-snippet:-1, max-image-preview:large, max-video-preview:-1\" \/>\n<meta property=\"og:locale\" content=\"en_US\" \/>\n<meta property=\"og:type\" content=\"article\" \/>\n<meta property=\"og:title\" content=\"Negru de Purcari Cabernet Sauvignon, Saperavi, Rar\u0103 Neagr\u0103 2019 - Ch\u00e2teau Purcari Winery - Coral Wines\" \/>\n<meta property=\"og:description\" content=\"Negru de Purcari 2019 is a premium dry red wine from Moldova, a blend of Cabernet Sauvignon, Saperavi, and Rar\u0103 Neagr\u0103, featuring aromas of dark fruit, plum, and spices, and significant aging potential.\" \/>\n<meta property=\"og:url\" content=\"https:\/\/wines.coral.rs\/en\/product\/negru-de-purcari-cabernet-sauvignon-saperavi-rara-neagra-2019-chateau-purcari-winery\/\" \/>\n<meta property=\"og:site_name\" content=\"Coral Wines\" \/>\n<meta property=\"article:publisher\" content=\"https:\/\/www.facebook.com\/profile.php?id=61587431066738\" \/>\n<meta property=\"og:image\" content=\"https:\/\/wines.coral.rs\/wp-content\/uploads\/2026\/03\/New-Project-37-6.png\" \/>\n\t<meta property=\"og:image:width\" content=\"1000\" \/>\n\t<meta property=\"og:image:height\" content=\"1000\" \/>\n\t<meta property=\"og:image:type\" content=\"image\/png\" \/>\n<meta name=\"twitter:card\" content=\"summary_large_image\" \/>\n<script type=\"application\/ld+json\" class=\"yoast-schema-graph\">{\"@context\":\"https:\\\/\\\/schema.org\",\"@graph\":[{\"@type\":\"WebPage\",\"@id\":\"https:\\\/\\\/wines.coral.rs\\\/en\\\/product\\\/negru-de-purcari-cabernet-sauvignon-saperavi-rara-neagra-2019-chateau-purcari-winery\\\/\",\"url\":\"https:\\\/\\\/wines.coral.rs\\\/en\\\/product\\\/negru-de-purcari-cabernet-sauvignon-saperavi-rara-neagra-2019-chateau-purcari-winery\\\/\",\"name\":\"Negru de Purcari Cabernet Sauvignon, Saperavi, Rar\u0103 Neagr\u0103 2019 - Ch\u00e2teau Purcari Winery - Coral Wines\",\"isPartOf\":{\"@id\":\"https:\\\/\\\/wines.coral.rs\\\/#website\"},\"primaryImageOfPage\":{\"@id\":\"https:\\\/\\\/wines.coral.rs\\\/en\\\/product\\\/negru-de-purcari-cabernet-sauvignon-saperavi-rara-neagra-2019-chateau-purcari-winery\\\/#primaryimage\"},\"image\":{\"@id\":\"https:\\\/\\\/wines.coral.rs\\\/en\\\/product\\\/negru-de-purcari-cabernet-sauvignon-saperavi-rara-neagra-2019-chateau-purcari-winery\\\/#primaryimage\"},\"thumbnailUrl\":\"https:\\\/\\\/wines.coral.rs\\\/wp-content\\\/uploads\\\/2026\\\/03\\\/New-Project-37-6.png\",\"datePublished\":\"2026-03-10T19:59:21+00:00\",\"breadcrumb\":{\"@id\":\"https:\\\/\\\/wines.coral.rs\\\/en\\\/product\\\/negru-de-purcari-cabernet-sauvignon-saperavi-rara-neagra-2019-chateau-purcari-winery\\\/#breadcrumb\"},\"inLanguage\":\"en-US\",\"potentialAction\":[{\"@type\":\"ReadAction\",\"target\":[\"https:\\\/\\\/wines.coral.rs\\\/en\\\/product\\\/negru-de-purcari-cabernet-sauvignon-saperavi-rara-neagra-2019-chateau-purcari-winery\\\/\"]}]},{\"@type\":\"ImageObject\",\"inLanguage\":\"en-US\",\"@id\":\"https:\\\/\\\/wines.coral.rs\\\/en\\\/product\\\/negru-de-purcari-cabernet-sauvignon-saperavi-rara-neagra-2019-chateau-purcari-winery\\\/#primaryimage\",\"url\":\"https:\\\/\\\/wines.coral.rs\\\/wp-content\\\/uploads\\\/2026\\\/03\\\/New-Project-37-6.png\",\"contentUrl\":\"https:\\\/\\\/wines.coral.rs\\\/wp-content\\\/uploads\\\/2026\\\/03\\\/New-Project-37-6.png\",\"width\":1000,\"height\":1000},{\"@type\":\"BreadcrumbList\",\"@id\":\"https:\\\/\\\/wines.coral.rs\\\/en\\\/product\\\/negru-de-purcari-cabernet-sauvignon-saperavi-rara-neagra-2019-chateau-purcari-winery\\\/#breadcrumb\",\"itemListElement\":[{\"@type\":\"ListItem\",\"position\":1,\"name\":\"Home\",\"item\":\"https:\\\/\\\/wines.coral.rs\\\/en\\\/home\\\/\"},{\"@type\":\"ListItem\",\"position\":2,\"name\":\"Shop\",\"item\":\"https:\\\/\\\/wines.coral.rs\\\/en\\\/shop\\\/\"},{\"@type\":\"ListItem\",\"position\":3,\"name\":\"Negru de Purcari Cabernet Sauvignon, Saperavi, Rar\u0103 Neagr\u0103 2019 &#8211; Ch\u00e2teau Purcari Winery\"}]},{\"@type\":\"WebSite\",\"@id\":\"https:\\\/\\\/wines.coral.rs\\\/#website\",\"url\":\"https:\\\/\\\/wines.coral.rs\\\/\",\"name\":\"Coral Wines\",\"description\":\"\",\"publisher\":{\"@id\":\"https:\\\/\\\/wines.coral.rs\\\/#organization\"},\"potentialAction\":[{\"@type\":\"SearchAction\",\"target\":{\"@type\":\"EntryPoint\",\"urlTemplate\":\"https:\\\/\\\/wines.coral.rs\\\/?s={search_term_string}\"},\"query-input\":{\"@type\":\"PropertyValueSpecification\",\"valueRequired\":true,\"valueName\":\"search_term_string\"}}],\"inLanguage\":\"en-US\"},{\"@type\":\"Organization\",\"@id\":\"https:\\\/\\\/wines.coral.rs\\\/#organization\",\"name\":\"Coral Wines\",\"url\":\"https:\\\/\\\/wines.coral.rs\\\/\",\"logo\":{\"@type\":\"ImageObject\",\"inLanguage\":\"en-US\",\"@id\":\"https:\\\/\\\/wines.coral.rs\\\/#\\\/schema\\\/logo\\\/image\\\/\",\"url\":\"https:\\\/\\\/wines.coral.rs\\\/wp-content\\\/uploads\\\/2025\\\/12\\\/logo-wines.svg\",\"contentUrl\":\"https:\\\/\\\/wines.coral.rs\\\/wp-content\\\/uploads\\\/2025\\\/12\\\/logo-wines.svg\",\"width\":384,\"height\":618,\"caption\":\"Coral Wines\"},\"image\":{\"@id\":\"https:\\\/\\\/wines.coral.rs\\\/#\\\/schema\\\/logo\\\/image\\\/\"},\"sameAs\":[\"https:\\\/\\\/www.facebook.com\\\/profile.php?id=61587431066738\",\"https:\\\/\\\/www.linkedin.com\\\/company\\\/coral-wines\",\"https:\\\/\\\/www.instagram.com\\\/coral.wines\"]}]}<\/script>\n<!-- \/ Yoast SEO plugin. -->","yoast_head_json":{"title":"Negru de Purcari Cabernet Sauvignon, Saperavi, Rar\u0103 Neagr\u0103 2019 - Ch\u00e2teau Purcari Winery - Coral Wines","robots":{"index":"noindex","follow":"follow","max-snippet":"max-snippet:-1","max-image-preview":"max-image-preview:large","max-video-preview":"max-video-preview:-1"},"og_locale":"en_US","og_type":"article","og_title":"Negru de Purcari Cabernet Sauvignon, Saperavi, Rar\u0103 Neagr\u0103 2019 - Ch\u00e2teau Purcari Winery - Coral Wines","og_description":"Negru de Purcari 2019 is a premium dry red wine from Moldova, a blend of Cabernet Sauvignon, Saperavi, and Rar\u0103 Neagr\u0103, featuring aromas of dark fruit, plum, and spices, and significant aging potential.","og_url":"https:\/\/wines.coral.rs\/en\/product\/negru-de-purcari-cabernet-sauvignon-saperavi-rara-neagra-2019-chateau-purcari-winery\/","og_site_name":"Coral Wines","article_publisher":"https:\/\/www.facebook.com\/profile.php?id=61587431066738","og_image":[{"width":1000,"height":1000,"url":"https:\/\/wines.coral.rs\/wp-content\/uploads\/2026\/03\/New-Project-37-6.png","type":"image\/png"}],"twitter_card":"summary_large_image","schema":{"@context":"https:\/\/schema.org","@graph":[{"@type":"WebPage","@id":"https:\/\/wines.coral.rs\/en\/product\/negru-de-purcari-cabernet-sauvignon-saperavi-rara-neagra-2019-chateau-purcari-winery\/","url":"https:\/\/wines.coral.rs\/en\/product\/negru-de-purcari-cabernet-sauvignon-saperavi-rara-neagra-2019-chateau-purcari-winery\/","name":"Negru de Purcari Cabernet Sauvignon, Saperavi, Rar\u0103 Neagr\u0103 2019 - Ch\u00e2teau Purcari Winery - Coral Wines","isPartOf":{"@id":"https:\/\/wines.coral.rs\/#website"},"primaryImageOfPage":{"@id":"https:\/\/wines.coral.rs\/en\/product\/negru-de-purcari-cabernet-sauvignon-saperavi-rara-neagra-2019-chateau-purcari-winery\/#primaryimage"},"image":{"@id":"https:\/\/wines.coral.rs\/en\/product\/negru-de-purcari-cabernet-sauvignon-saperavi-rara-neagra-2019-chateau-purcari-winery\/#primaryimage"},"thumbnailUrl":"https:\/\/wines.coral.rs\/wp-content\/uploads\/2026\/03\/New-Project-37-6.png","datePublished":"2026-03-10T19:59:21+00:00","breadcrumb":{"@id":"https:\/\/wines.coral.rs\/en\/product\/negru-de-purcari-cabernet-sauvignon-saperavi-rara-neagra-2019-chateau-purcari-winery\/#breadcrumb"},"inLanguage":"en-US","potentialAction":[{"@type":"ReadAction","target":["https:\/\/wines.coral.rs\/en\/product\/negru-de-purcari-cabernet-sauvignon-saperavi-rara-neagra-2019-chateau-purcari-winery\/"]}]},{"@type":"ImageObject","inLanguage":"en-US","@id":"https:\/\/wines.coral.rs\/en\/product\/negru-de-purcari-cabernet-sauvignon-saperavi-rara-neagra-2019-chateau-purcari-winery\/#primaryimage","url":"https:\/\/wines.coral.rs\/wp-content\/uploads\/2026\/03\/New-Project-37-6.png","contentUrl":"https:\/\/wines.coral.rs\/wp-content\/uploads\/2026\/03\/New-Project-37-6.png","width":1000,"height":1000},{"@type":"BreadcrumbList","@id":"https:\/\/wines.coral.rs\/en\/product\/negru-de-purcari-cabernet-sauvignon-saperavi-rara-neagra-2019-chateau-purcari-winery\/#breadcrumb","itemListElement":[{"@type":"ListItem","position":1,"name":"Home","item":"https:\/\/wines.coral.rs\/en\/home\/"},{"@type":"ListItem","position":2,"name":"Shop","item":"https:\/\/wines.coral.rs\/en\/shop\/"},{"@type":"ListItem","position":3,"name":"Negru de Purcari Cabernet Sauvignon, Saperavi, Rar\u0103 Neagr\u0103 2019 &#8211; Ch\u00e2teau Purcari Winery"}]},{"@type":"WebSite","@id":"https:\/\/wines.coral.rs\/#website","url":"https:\/\/wines.coral.rs\/","name":"Coral Wines","description":"","publisher":{"@id":"https:\/\/wines.coral.rs\/#organization"},"potentialAction":[{"@type":"SearchAction","target":{"@type":"EntryPoint","urlTemplate":"https:\/\/wines.coral.rs\/?s={search_term_string}"},"query-input":{"@type":"PropertyValueSpecification","valueRequired":true,"valueName":"search_term_string"}}],"inLanguage":"en-US"},{"@type":"Organization","@id":"https:\/\/wines.coral.rs\/#organization","name":"Coral Wines","url":"https:\/\/wines.coral.rs\/","logo":{"@type":"ImageObject","inLanguage":"en-US","@id":"https:\/\/wines.coral.rs\/#\/schema\/logo\/image\/","url":"https:\/\/wines.coral.rs\/wp-content\/uploads\/2025\/12\/logo-wines.svg","contentUrl":"https:\/\/wines.coral.rs\/wp-content\/uploads\/2025\/12\/logo-wines.svg","width":384,"height":618,"caption":"Coral Wines"},"image":{"@id":"https:\/\/wines.coral.rs\/#\/schema\/logo\/image\/"},"sameAs":["https:\/\/www.facebook.com\/profile.php?id=61587431066738","https:\/\/www.linkedin.com\/company\/coral-wines","https:\/\/www.instagram.com\/coral.wines"]}]}},"_links":{"self":[{"href":"https:\/\/wines.coral.rs\/en\/wp-json\/wp\/v2\/product\/48553","targetHints":{"allow":["GET"]}}],"collection":[{"href":"https:\/\/wines.coral.rs\/en\/wp-json\/wp\/v2\/product"}],"about":[{"href":"https:\/\/wines.coral.rs\/en\/wp-json\/wp\/v2\/types\/product"}],"version-history":[{"count":0,"href":"https:\/\/wines.coral.rs\/en\/wp-json\/wp\/v2\/product\/48553\/revisions"}],"wp:featuredmedia":[{"embeddable":true,"href":"https:\/\/wines.coral.rs\/en\/wp-json\/wp\/v2\/media\/48551"}],"wp:attachment":[{"href":"https:\/\/wines.coral.rs\/en\/wp-json\/wp\/v2\/media?parent=48553"}],"wp:term":[{"taxonomy":"product_brand","embeddable":true,"href":"https:\/\/wines.coral.rs\/en\/wp-json\/wp\/v2\/product_brand?post=48553"},{"taxonomy":"product_cat","embeddable":true,"href":"https:\/\/wines.coral.rs\/en\/wp-json\/wp\/v2\/product_cat?post=48553"},{"taxonomy":"product_tag","embeddable":true,"href":"https:\/\/wines.coral.rs\/en\/wp-json\/wp\/v2\/product_tag?post=48553"}],"curies":[{"name":"wp","href":"https:\/\/api.w.org\/{rel}","templated":true}]}}