{"id":48602,"date":"2026-03-11T19:14:57","date_gmt":"2026-03-11T19:14:57","guid":{"rendered":"https:\/\/wines.coral.rs\/product\/cuvee-alexandre-cabernet-sauvignon-carmenere-syrah-petit-verdot-2022-lapostolle-winery\/"},"modified":"2026-03-11T13:00:14","modified_gmt":"2026-03-11T13:00:14","slug":"cuvee-alexandre-cabernet-sauvignon-carmenere-syrah-petit-verdot-2022-lapostolle-winery","status":"publish","type":"product","link":"https:\/\/wines.coral.rs\/en\/product\/cuvee-alexandre-cabernet-sauvignon-carmenere-syrah-petit-verdot-2022-lapostolle-winery\/","title":{"rendered":"Cuv\u00e9e Alexandre Cabernet Sauvignon Carm\u00e9n\u00e8re, Syrah, Petit Verdot 2022 &#8211; Lapostolle Winery"},"content":{"rendered":"<p><strong data-start=\"2507\" data-end=\"2561\">Lapostolle Cuv\u00e9e Alexandre Cabernet Sauvignon 2022<\/strong> comes from the prestigious <em data-start=\"2589\" data-end=\"2597\">Apalta<\/em> region in Chile&#8217;s Colchagua Valley. This blend of <strong data-start=\"2637\" data-end=\"2709\">93% Cabernet Sauvignon, 7% Carm\u00e9n\u00e8re, 2% Syrah, and 2% Petit Verdot<\/strong> is fermented with controlled maceration and then aged in <strong data-start=\"2771\" data-end=\"2804\">French oak barrels<\/strong>, contributing to its complexity, rich aromas of ripe red and dark fruit, and mild spicy tones. It features a <strong data-start=\"2918\" data-end=\"2942\">medium to full body<\/strong> on the palate, with <strong data-start=\"2947\" data-end=\"2997\">well-integrated tannins and a long finish<\/strong>, ideal with <strong data-start=\"3010\" data-end=\"3051\">red meat, mushrooms, or aged cheeses<\/strong>.  <\/p>\n","protected":false},"excerpt":{"rendered":"<p><strong data-start=\"2228\" data-end=\"2282\">Lapostolle Cuv\u00e9e Alexandre Cabernet Sauvignon 2022<\/strong> is a <strong data-start=\"2286\" data-end=\"2330\">dry red wine from the Apalta Valley (Chile)<\/strong>, a blend of <strong data-start=\"2339\" data-end=\"2411\">93% Cabernet Sauvignon, 7% Carm\u00e9n\u00e8re, 2% Syrah, and 2% Petit Verdot<\/strong>, featuring <strong data-start=\"2416\" data-end=\"2486\">aromas of ripe fruit, mild notes of vanilla, and balanced tannins<\/strong>.<\/p>\n","protected":false},"featured_media":48603,"template":"","meta":{"_acf_changed":false},"product_brand":[4687],"product_cat":[580],"product_tag":[4688,583,585,615],"class_list":{"0":"post-48602","1":"product","2":"type-product","3":"status-publish","4":"has-post-thumbnail","6":"product_brand-lapostolle","7":"product_cat-red-wine","8":"product_tag-chile","9":"product_tag-dry-2","10":"product_tag-red","11":"product_tag-still","14":"first","15":"instock","16":"shipping-taxable","17":"purchasable","18":"product-type-simple"},"acf":[],"yoast_head":"<!-- This site is optimized with the Yoast SEO plugin v27.3 - https:\/\/yoast.com\/product\/yoast-seo-wordpress\/ -->\n<title>Cuv\u00e9e Alexandre Cabernet Sauvignon Carm\u00e9n\u00e8re, Syrah, Petit Verdot 2022 - Lapostolle Winery - Coral Wines<\/title>\n<meta name=\"robots\" content=\"noindex, follow, max-snippet:-1, max-image-preview:large, max-video-preview:-1\" \/>\n<meta property=\"og:locale\" content=\"en_US\" \/>\n<meta property=\"og:type\" content=\"article\" \/>\n<meta property=\"og:title\" content=\"Cuv\u00e9e Alexandre Cabernet Sauvignon Carm\u00e9n\u00e8re, Syrah, Petit Verdot 2022 - Lapostolle Winery - Coral Wines\" \/>\n<meta property=\"og:description\" content=\"Lapostolle Cuv\u00e9e Alexandre Cabernet Sauvignon 2022 is a dry red wine from the Apalta Valley (Chile), a blend of 93% Cabernet Sauvignon, 7% Carm\u00e9n\u00e8re, 2% Syrah, and 2% Petit Verdot, featuring aromas of ripe fruit, mild notes of vanilla, and balanced tannins.\" \/>\n<meta property=\"og:url\" content=\"https:\/\/wines.coral.rs\/en\/product\/cuvee-alexandre-cabernet-sauvignon-carmenere-syrah-petit-verdot-2022-lapostolle-winery\/\" \/>\n<meta property=\"og:site_name\" content=\"Coral Wines\" \/>\n<meta property=\"article:publisher\" content=\"https:\/\/www.facebook.com\/profile.php?id=61587431066738\" \/>\n<meta property=\"og:image\" content=\"https:\/\/wines.coral.rs\/wp-content\/uploads\/2026\/03\/New-Project1-6.png\" \/>\n\t<meta property=\"og:image:width\" content=\"1000\" \/>\n\t<meta property=\"og:image:height\" content=\"1000\" \/>\n\t<meta property=\"og:image:type\" content=\"image\/png\" \/>\n<meta name=\"twitter:card\" content=\"summary_large_image\" \/>\n<script type=\"application\/ld+json\" class=\"yoast-schema-graph\">{\"@context\":\"https:\\\/\\\/schema.org\",\"@graph\":[{\"@type\":\"WebPage\",\"@id\":\"https:\\\/\\\/wines.coral.rs\\\/en\\\/product\\\/cuvee-alexandre-cabernet-sauvignon-carmenere-syrah-petit-verdot-2022-lapostolle-winery\\\/\",\"url\":\"https:\\\/\\\/wines.coral.rs\\\/en\\\/product\\\/cuvee-alexandre-cabernet-sauvignon-carmenere-syrah-petit-verdot-2022-lapostolle-winery\\\/\",\"name\":\"Cuv\u00e9e Alexandre Cabernet Sauvignon Carm\u00e9n\u00e8re, Syrah, Petit Verdot 2022 - Lapostolle Winery - Coral Wines\",\"isPartOf\":{\"@id\":\"https:\\\/\\\/wines.coral.rs\\\/#website\"},\"primaryImageOfPage\":{\"@id\":\"https:\\\/\\\/wines.coral.rs\\\/en\\\/product\\\/cuvee-alexandre-cabernet-sauvignon-carmenere-syrah-petit-verdot-2022-lapostolle-winery\\\/#primaryimage\"},\"image\":{\"@id\":\"https:\\\/\\\/wines.coral.rs\\\/en\\\/product\\\/cuvee-alexandre-cabernet-sauvignon-carmenere-syrah-petit-verdot-2022-lapostolle-winery\\\/#primaryimage\"},\"thumbnailUrl\":\"https:\\\/\\\/wines.coral.rs\\\/wp-content\\\/uploads\\\/2026\\\/03\\\/New-Project1-6.png\",\"datePublished\":\"2026-03-11T19:14:57+00:00\",\"breadcrumb\":{\"@id\":\"https:\\\/\\\/wines.coral.rs\\\/en\\\/product\\\/cuvee-alexandre-cabernet-sauvignon-carmenere-syrah-petit-verdot-2022-lapostolle-winery\\\/#breadcrumb\"},\"inLanguage\":\"en-US\",\"potentialAction\":[{\"@type\":\"ReadAction\",\"target\":[\"https:\\\/\\\/wines.coral.rs\\\/en\\\/product\\\/cuvee-alexandre-cabernet-sauvignon-carmenere-syrah-petit-verdot-2022-lapostolle-winery\\\/\"]}]},{\"@type\":\"ImageObject\",\"inLanguage\":\"en-US\",\"@id\":\"https:\\\/\\\/wines.coral.rs\\\/en\\\/product\\\/cuvee-alexandre-cabernet-sauvignon-carmenere-syrah-petit-verdot-2022-lapostolle-winery\\\/#primaryimage\",\"url\":\"https:\\\/\\\/wines.coral.rs\\\/wp-content\\\/uploads\\\/2026\\\/03\\\/New-Project1-6.png\",\"contentUrl\":\"https:\\\/\\\/wines.coral.rs\\\/wp-content\\\/uploads\\\/2026\\\/03\\\/New-Project1-6.png\",\"width\":1000,\"height\":1000},{\"@type\":\"BreadcrumbList\",\"@id\":\"https:\\\/\\\/wines.coral.rs\\\/en\\\/product\\\/cuvee-alexandre-cabernet-sauvignon-carmenere-syrah-petit-verdot-2022-lapostolle-winery\\\/#breadcrumb\",\"itemListElement\":[{\"@type\":\"ListItem\",\"position\":1,\"name\":\"Home\",\"item\":\"https:\\\/\\\/wines.coral.rs\\\/en\\\/home\\\/\"},{\"@type\":\"ListItem\",\"position\":2,\"name\":\"Shop\",\"item\":\"https:\\\/\\\/wines.coral.rs\\\/en\\\/shop\\\/\"},{\"@type\":\"ListItem\",\"position\":3,\"name\":\"Cuv\u00e9e Alexandre Cabernet Sauvignon Carm\u00e9n\u00e8re, Syrah, Petit Verdot 2022 &#8211; Lapostolle Winery\"}]},{\"@type\":\"WebSite\",\"@id\":\"https:\\\/\\\/wines.coral.rs\\\/#website\",\"url\":\"https:\\\/\\\/wines.coral.rs\\\/\",\"name\":\"Coral Wines\",\"description\":\"\",\"publisher\":{\"@id\":\"https:\\\/\\\/wines.coral.rs\\\/#organization\"},\"potentialAction\":[{\"@type\":\"SearchAction\",\"target\":{\"@type\":\"EntryPoint\",\"urlTemplate\":\"https:\\\/\\\/wines.coral.rs\\\/?s={search_term_string}\"},\"query-input\":{\"@type\":\"PropertyValueSpecification\",\"valueRequired\":true,\"valueName\":\"search_term_string\"}}],\"inLanguage\":\"en-US\"},{\"@type\":\"Organization\",\"@id\":\"https:\\\/\\\/wines.coral.rs\\\/#organization\",\"name\":\"Coral Wines\",\"url\":\"https:\\\/\\\/wines.coral.rs\\\/\",\"logo\":{\"@type\":\"ImageObject\",\"inLanguage\":\"en-US\",\"@id\":\"https:\\\/\\\/wines.coral.rs\\\/#\\\/schema\\\/logo\\\/image\\\/\",\"url\":\"https:\\\/\\\/wines.coral.rs\\\/wp-content\\\/uploads\\\/2025\\\/12\\\/logo-wines.svg\",\"contentUrl\":\"https:\\\/\\\/wines.coral.rs\\\/wp-content\\\/uploads\\\/2025\\\/12\\\/logo-wines.svg\",\"width\":384,\"height\":618,\"caption\":\"Coral Wines\"},\"image\":{\"@id\":\"https:\\\/\\\/wines.coral.rs\\\/#\\\/schema\\\/logo\\\/image\\\/\"},\"sameAs\":[\"https:\\\/\\\/www.facebook.com\\\/profile.php?id=61587431066738\",\"https:\\\/\\\/www.linkedin.com\\\/company\\\/coral-wines\",\"https:\\\/\\\/www.instagram.com\\\/coral.wines\"]}]}<\/script>\n<!-- \/ Yoast SEO plugin. -->","yoast_head_json":{"title":"Cuv\u00e9e Alexandre Cabernet Sauvignon Carm\u00e9n\u00e8re, Syrah, Petit Verdot 2022 - Lapostolle Winery - Coral Wines","robots":{"index":"noindex","follow":"follow","max-snippet":"max-snippet:-1","max-image-preview":"max-image-preview:large","max-video-preview":"max-video-preview:-1"},"og_locale":"en_US","og_type":"article","og_title":"Cuv\u00e9e Alexandre Cabernet Sauvignon Carm\u00e9n\u00e8re, Syrah, Petit Verdot 2022 - Lapostolle Winery - Coral Wines","og_description":"Lapostolle Cuv\u00e9e Alexandre Cabernet Sauvignon 2022 is a dry red wine from the Apalta Valley (Chile), a blend of 93% Cabernet Sauvignon, 7% Carm\u00e9n\u00e8re, 2% Syrah, and 2% Petit Verdot, featuring aromas of ripe fruit, mild notes of vanilla, and balanced tannins.","og_url":"https:\/\/wines.coral.rs\/en\/product\/cuvee-alexandre-cabernet-sauvignon-carmenere-syrah-petit-verdot-2022-lapostolle-winery\/","og_site_name":"Coral Wines","article_publisher":"https:\/\/www.facebook.com\/profile.php?id=61587431066738","og_image":[{"width":1000,"height":1000,"url":"https:\/\/wines.coral.rs\/wp-content\/uploads\/2026\/03\/New-Project1-6.png","type":"image\/png"}],"twitter_card":"summary_large_image","schema":{"@context":"https:\/\/schema.org","@graph":[{"@type":"WebPage","@id":"https:\/\/wines.coral.rs\/en\/product\/cuvee-alexandre-cabernet-sauvignon-carmenere-syrah-petit-verdot-2022-lapostolle-winery\/","url":"https:\/\/wines.coral.rs\/en\/product\/cuvee-alexandre-cabernet-sauvignon-carmenere-syrah-petit-verdot-2022-lapostolle-winery\/","name":"Cuv\u00e9e Alexandre Cabernet Sauvignon Carm\u00e9n\u00e8re, Syrah, Petit Verdot 2022 - Lapostolle Winery - Coral Wines","isPartOf":{"@id":"https:\/\/wines.coral.rs\/#website"},"primaryImageOfPage":{"@id":"https:\/\/wines.coral.rs\/en\/product\/cuvee-alexandre-cabernet-sauvignon-carmenere-syrah-petit-verdot-2022-lapostolle-winery\/#primaryimage"},"image":{"@id":"https:\/\/wines.coral.rs\/en\/product\/cuvee-alexandre-cabernet-sauvignon-carmenere-syrah-petit-verdot-2022-lapostolle-winery\/#primaryimage"},"thumbnailUrl":"https:\/\/wines.coral.rs\/wp-content\/uploads\/2026\/03\/New-Project1-6.png","datePublished":"2026-03-11T19:14:57+00:00","breadcrumb":{"@id":"https:\/\/wines.coral.rs\/en\/product\/cuvee-alexandre-cabernet-sauvignon-carmenere-syrah-petit-verdot-2022-lapostolle-winery\/#breadcrumb"},"inLanguage":"en-US","potentialAction":[{"@type":"ReadAction","target":["https:\/\/wines.coral.rs\/en\/product\/cuvee-alexandre-cabernet-sauvignon-carmenere-syrah-petit-verdot-2022-lapostolle-winery\/"]}]},{"@type":"ImageObject","inLanguage":"en-US","@id":"https:\/\/wines.coral.rs\/en\/product\/cuvee-alexandre-cabernet-sauvignon-carmenere-syrah-petit-verdot-2022-lapostolle-winery\/#primaryimage","url":"https:\/\/wines.coral.rs\/wp-content\/uploads\/2026\/03\/New-Project1-6.png","contentUrl":"https:\/\/wines.coral.rs\/wp-content\/uploads\/2026\/03\/New-Project1-6.png","width":1000,"height":1000},{"@type":"BreadcrumbList","@id":"https:\/\/wines.coral.rs\/en\/product\/cuvee-alexandre-cabernet-sauvignon-carmenere-syrah-petit-verdot-2022-lapostolle-winery\/#breadcrumb","itemListElement":[{"@type":"ListItem","position":1,"name":"Home","item":"https:\/\/wines.coral.rs\/en\/home\/"},{"@type":"ListItem","position":2,"name":"Shop","item":"https:\/\/wines.coral.rs\/en\/shop\/"},{"@type":"ListItem","position":3,"name":"Cuv\u00e9e Alexandre Cabernet Sauvignon Carm\u00e9n\u00e8re, Syrah, Petit Verdot 2022 &#8211; Lapostolle Winery"}]},{"@type":"WebSite","@id":"https:\/\/wines.coral.rs\/#website","url":"https:\/\/wines.coral.rs\/","name":"Coral Wines","description":"","publisher":{"@id":"https:\/\/wines.coral.rs\/#organization"},"potentialAction":[{"@type":"SearchAction","target":{"@type":"EntryPoint","urlTemplate":"https:\/\/wines.coral.rs\/?s={search_term_string}"},"query-input":{"@type":"PropertyValueSpecification","valueRequired":true,"valueName":"search_term_string"}}],"inLanguage":"en-US"},{"@type":"Organization","@id":"https:\/\/wines.coral.rs\/#organization","name":"Coral Wines","url":"https:\/\/wines.coral.rs\/","logo":{"@type":"ImageObject","inLanguage":"en-US","@id":"https:\/\/wines.coral.rs\/#\/schema\/logo\/image\/","url":"https:\/\/wines.coral.rs\/wp-content\/uploads\/2025\/12\/logo-wines.svg","contentUrl":"https:\/\/wines.coral.rs\/wp-content\/uploads\/2025\/12\/logo-wines.svg","width":384,"height":618,"caption":"Coral Wines"},"image":{"@id":"https:\/\/wines.coral.rs\/#\/schema\/logo\/image\/"},"sameAs":["https:\/\/www.facebook.com\/profile.php?id=61587431066738","https:\/\/www.linkedin.com\/company\/coral-wines","https:\/\/www.instagram.com\/coral.wines"]}]}},"_links":{"self":[{"href":"https:\/\/wines.coral.rs\/en\/wp-json\/wp\/v2\/product\/48602","targetHints":{"allow":["GET"]}}],"collection":[{"href":"https:\/\/wines.coral.rs\/en\/wp-json\/wp\/v2\/product"}],"about":[{"href":"https:\/\/wines.coral.rs\/en\/wp-json\/wp\/v2\/types\/product"}],"version-history":[{"count":0,"href":"https:\/\/wines.coral.rs\/en\/wp-json\/wp\/v2\/product\/48602\/revisions"}],"wp:featuredmedia":[{"embeddable":true,"href":"https:\/\/wines.coral.rs\/en\/wp-json\/wp\/v2\/media\/48603"}],"wp:attachment":[{"href":"https:\/\/wines.coral.rs\/en\/wp-json\/wp\/v2\/media?parent=48602"}],"wp:term":[{"taxonomy":"product_brand","embeddable":true,"href":"https:\/\/wines.coral.rs\/en\/wp-json\/wp\/v2\/product_brand?post=48602"},{"taxonomy":"product_cat","embeddable":true,"href":"https:\/\/wines.coral.rs\/en\/wp-json\/wp\/v2\/product_cat?post=48602"},{"taxonomy":"product_tag","embeddable":true,"href":"https:\/\/wines.coral.rs\/en\/wp-json\/wp\/v2\/product_tag?post=48602"}],"curies":[{"name":"wp","href":"https:\/\/api.w.org\/{rel}","templated":true}]}}