{"id":48645,"date":"2026-03-11T23:31:50","date_gmt":"2026-03-11T23:31:50","guid":{"rendered":"https:\/\/wines.coral.rs\/product\/colheita-touriga-franca-tinta-roriz-touriga-nacional-tinta-barroca-tinto-cao-1997-quevedo-winery\/"},"modified":"2026-03-12T10:02:05","modified_gmt":"2026-03-12T10:02:05","slug":"colheita-touriga-franca-tinta-roriz-touriga-nacional-tinta-barroca-tinto-cao-1997-quevedo-winery","status":"publish","type":"product","link":"https:\/\/wines.coral.rs\/en\/product\/colheita-touriga-franca-tinta-roriz-touriga-nacional-tinta-barroca-tinto-cao-1997-quevedo-winery\/","title":{"rendered":"Colheita Touriga Franca, Tinta Roriz, Touriga Nacional, Tinta Barroca, Tinto C\u00e3o 1997 &#8211; Quevedo Winery"},"content":{"rendered":"<p><strong data-start=\"3213\" data-end=\"3243\">Quevedo Colheita Port 1997<\/strong> originates from the <em data-start=\"3264\" data-end=\"3288\">Quinta Vale d\u2019Agodinho<\/em> vineyards in the Douro Valley, representing one of the best vintage years of the 1990s for Port wines. It is crafted from a blend of <strong data-start=\"3393\" data-end=\"3469\">Touriga Franca, Tinta Roriz, Touriga Nacional, Tinta Barroca, and Tinto C\u00e3o<\/strong>, fermented in tanks and aged extensively in oak barrels before bottling. The wine offers <strong data-start=\"3557\" data-end=\"3624\">aromas of candied fruit, cr\u00e8me br\u00fbl\u00e9e, caramel, and roasted hazelnuts<\/strong>, alongside <strong data-start=\"3629\" data-end=\"3673\">balanced acidity and a complex finish<\/strong>, and is an exceptionally well-regarded example of Colheita Port.  <\/p>\n","protected":false},"excerpt":{"rendered":"<p><strong data-start=\"2949\" data-end=\"2979\">Quevedo Colheita Port 1997<\/strong> is a <strong data-start=\"2983\" data-end=\"3030\">fortified wine from the Douro region (Portugal)<\/strong>, made from a traditional blend of Portuguese varieties, featuring <strong data-start=\"3093\" data-end=\"3149\">aromas of candied fruit, caramel, and nutty undertones<\/strong>, an elegant structure, and a long finish.<\/p>\n","protected":false},"featured_media":48647,"template":"","meta":{"_acf_changed":false},"product_brand":[4990],"product_cat":[605],"product_tag":[1202,4991,4484,1201],"class_list":{"0":"post-48645","1":"product","2":"type-product","3":"status-publish","4":"has-post-thumbnail","6":"product_brand-quevedo","7":"product_cat-award-winning-wines","8":"product_tag-dessert","9":"product_tag-fortified","10":"product_tag-portugal","11":"product_tag-sweet","14":"first","15":"instock","16":"shipping-taxable","17":"purchasable","18":"product-type-simple"},"acf":[],"yoast_head":"<!-- This site is optimized with the Yoast SEO plugin v27.3 - https:\/\/yoast.com\/product\/yoast-seo-wordpress\/ -->\n<title>Colheita Touriga Franca, Tinta Roriz, Touriga Nacional, Tinta Barroca, Tinto C\u00e3o 1997 - Quevedo Winery - Coral Wines<\/title>\n<meta name=\"robots\" content=\"noindex, follow, max-snippet:-1, max-image-preview:large, max-video-preview:-1\" \/>\n<meta property=\"og:locale\" content=\"en_US\" \/>\n<meta property=\"og:type\" content=\"article\" \/>\n<meta property=\"og:title\" content=\"Colheita Touriga Franca, Tinta Roriz, Touriga Nacional, Tinta Barroca, Tinto C\u00e3o 1997 - Quevedo Winery - Coral Wines\" \/>\n<meta property=\"og:description\" content=\"Quevedo Colheita Port 1997 is a fortified wine from the Douro region (Portugal), made from a traditional blend of Portuguese varieties, featuring aromas of candied fruit, caramel, and nutty undertones, an elegant structure, and a long finish.\" \/>\n<meta property=\"og:url\" content=\"https:\/\/wines.coral.rs\/en\/product\/colheita-touriga-franca-tinta-roriz-touriga-nacional-tinta-barroca-tinto-cao-1997-quevedo-winery\/\" \/>\n<meta property=\"og:site_name\" content=\"Coral Wines\" \/>\n<meta property=\"article:publisher\" content=\"https:\/\/www.facebook.com\/profile.php?id=61587431066738\" \/>\n<meta property=\"article:modified_time\" content=\"2026-03-12T10:02:05+00:00\" \/>\n<meta property=\"og:image\" content=\"https:\/\/wines.coral.rs\/wp-content\/uploads\/2026\/03\/New-Project2-7.png\" \/>\n\t<meta property=\"og:image:width\" content=\"1000\" \/>\n\t<meta property=\"og:image:height\" content=\"1000\" \/>\n\t<meta property=\"og:image:type\" content=\"image\/png\" \/>\n<meta name=\"twitter:card\" content=\"summary_large_image\" \/>\n<script type=\"application\/ld+json\" class=\"yoast-schema-graph\">{\"@context\":\"https:\\\/\\\/schema.org\",\"@graph\":[{\"@type\":\"WebPage\",\"@id\":\"https:\\\/\\\/wines.coral.rs\\\/en\\\/product\\\/colheita-touriga-franca-tinta-roriz-touriga-nacional-tinta-barroca-tinto-cao-1997-quevedo-winery\\\/\",\"url\":\"https:\\\/\\\/wines.coral.rs\\\/en\\\/product\\\/colheita-touriga-franca-tinta-roriz-touriga-nacional-tinta-barroca-tinto-cao-1997-quevedo-winery\\\/\",\"name\":\"Colheita Touriga Franca, Tinta Roriz, Touriga Nacional, Tinta Barroca, Tinto C\u00e3o 1997 - Quevedo Winery - Coral Wines\",\"isPartOf\":{\"@id\":\"https:\\\/\\\/wines.coral.rs\\\/#website\"},\"primaryImageOfPage\":{\"@id\":\"https:\\\/\\\/wines.coral.rs\\\/en\\\/product\\\/colheita-touriga-franca-tinta-roriz-touriga-nacional-tinta-barroca-tinto-cao-1997-quevedo-winery\\\/#primaryimage\"},\"image\":{\"@id\":\"https:\\\/\\\/wines.coral.rs\\\/en\\\/product\\\/colheita-touriga-franca-tinta-roriz-touriga-nacional-tinta-barroca-tinto-cao-1997-quevedo-winery\\\/#primaryimage\"},\"thumbnailUrl\":\"https:\\\/\\\/wines.coral.rs\\\/wp-content\\\/uploads\\\/2026\\\/03\\\/New-Project2-7.png\",\"datePublished\":\"2026-03-11T23:31:50+00:00\",\"dateModified\":\"2026-03-12T10:02:05+00:00\",\"breadcrumb\":{\"@id\":\"https:\\\/\\\/wines.coral.rs\\\/en\\\/product\\\/colheita-touriga-franca-tinta-roriz-touriga-nacional-tinta-barroca-tinto-cao-1997-quevedo-winery\\\/#breadcrumb\"},\"inLanguage\":\"en-US\",\"potentialAction\":[{\"@type\":\"ReadAction\",\"target\":[\"https:\\\/\\\/wines.coral.rs\\\/en\\\/product\\\/colheita-touriga-franca-tinta-roriz-touriga-nacional-tinta-barroca-tinto-cao-1997-quevedo-winery\\\/\"]}]},{\"@type\":\"ImageObject\",\"inLanguage\":\"en-US\",\"@id\":\"https:\\\/\\\/wines.coral.rs\\\/en\\\/product\\\/colheita-touriga-franca-tinta-roriz-touriga-nacional-tinta-barroca-tinto-cao-1997-quevedo-winery\\\/#primaryimage\",\"url\":\"https:\\\/\\\/wines.coral.rs\\\/wp-content\\\/uploads\\\/2026\\\/03\\\/New-Project2-7.png\",\"contentUrl\":\"https:\\\/\\\/wines.coral.rs\\\/wp-content\\\/uploads\\\/2026\\\/03\\\/New-Project2-7.png\",\"width\":1000,\"height\":1000},{\"@type\":\"BreadcrumbList\",\"@id\":\"https:\\\/\\\/wines.coral.rs\\\/en\\\/product\\\/colheita-touriga-franca-tinta-roriz-touriga-nacional-tinta-barroca-tinto-cao-1997-quevedo-winery\\\/#breadcrumb\",\"itemListElement\":[{\"@type\":\"ListItem\",\"position\":1,\"name\":\"Home\",\"item\":\"https:\\\/\\\/wines.coral.rs\\\/en\\\/home\\\/\"},{\"@type\":\"ListItem\",\"position\":2,\"name\":\"Shop\",\"item\":\"https:\\\/\\\/wines.coral.rs\\\/en\\\/shop\\\/\"},{\"@type\":\"ListItem\",\"position\":3,\"name\":\"Colheita Touriga Franca, Tinta Roriz, Touriga Nacional, Tinta Barroca, Tinto C\u00e3o 1997 &#8211; Quevedo Winery\"}]},{\"@type\":\"WebSite\",\"@id\":\"https:\\\/\\\/wines.coral.rs\\\/#website\",\"url\":\"https:\\\/\\\/wines.coral.rs\\\/\",\"name\":\"Coral Wines\",\"description\":\"\",\"publisher\":{\"@id\":\"https:\\\/\\\/wines.coral.rs\\\/#organization\"},\"potentialAction\":[{\"@type\":\"SearchAction\",\"target\":{\"@type\":\"EntryPoint\",\"urlTemplate\":\"https:\\\/\\\/wines.coral.rs\\\/?s={search_term_string}\"},\"query-input\":{\"@type\":\"PropertyValueSpecification\",\"valueRequired\":true,\"valueName\":\"search_term_string\"}}],\"inLanguage\":\"en-US\"},{\"@type\":\"Organization\",\"@id\":\"https:\\\/\\\/wines.coral.rs\\\/#organization\",\"name\":\"Coral Wines\",\"url\":\"https:\\\/\\\/wines.coral.rs\\\/\",\"logo\":{\"@type\":\"ImageObject\",\"inLanguage\":\"en-US\",\"@id\":\"https:\\\/\\\/wines.coral.rs\\\/#\\\/schema\\\/logo\\\/image\\\/\",\"url\":\"https:\\\/\\\/wines.coral.rs\\\/wp-content\\\/uploads\\\/2025\\\/12\\\/logo-wines.svg\",\"contentUrl\":\"https:\\\/\\\/wines.coral.rs\\\/wp-content\\\/uploads\\\/2025\\\/12\\\/logo-wines.svg\",\"width\":384,\"height\":618,\"caption\":\"Coral Wines\"},\"image\":{\"@id\":\"https:\\\/\\\/wines.coral.rs\\\/#\\\/schema\\\/logo\\\/image\\\/\"},\"sameAs\":[\"https:\\\/\\\/www.facebook.com\\\/profile.php?id=61587431066738\",\"https:\\\/\\\/www.linkedin.com\\\/company\\\/coral-wines\",\"https:\\\/\\\/www.instagram.com\\\/coral.wines\"]}]}<\/script>\n<!-- \/ Yoast SEO plugin. -->","yoast_head_json":{"title":"Colheita Touriga Franca, Tinta Roriz, Touriga Nacional, Tinta Barroca, Tinto C\u00e3o 1997 - Quevedo Winery - Coral Wines","robots":{"index":"noindex","follow":"follow","max-snippet":"max-snippet:-1","max-image-preview":"max-image-preview:large","max-video-preview":"max-video-preview:-1"},"og_locale":"en_US","og_type":"article","og_title":"Colheita Touriga Franca, Tinta Roriz, Touriga Nacional, Tinta Barroca, Tinto C\u00e3o 1997 - Quevedo Winery - Coral Wines","og_description":"Quevedo Colheita Port 1997 is a fortified wine from the Douro region (Portugal), made from a traditional blend of Portuguese varieties, featuring aromas of candied fruit, caramel, and nutty undertones, an elegant structure, and a long finish.","og_url":"https:\/\/wines.coral.rs\/en\/product\/colheita-touriga-franca-tinta-roriz-touriga-nacional-tinta-barroca-tinto-cao-1997-quevedo-winery\/","og_site_name":"Coral Wines","article_publisher":"https:\/\/www.facebook.com\/profile.php?id=61587431066738","article_modified_time":"2026-03-12T10:02:05+00:00","og_image":[{"width":1000,"height":1000,"url":"https:\/\/wines.coral.rs\/wp-content\/uploads\/2026\/03\/New-Project2-7.png","type":"image\/png"}],"twitter_card":"summary_large_image","schema":{"@context":"https:\/\/schema.org","@graph":[{"@type":"WebPage","@id":"https:\/\/wines.coral.rs\/en\/product\/colheita-touriga-franca-tinta-roriz-touriga-nacional-tinta-barroca-tinto-cao-1997-quevedo-winery\/","url":"https:\/\/wines.coral.rs\/en\/product\/colheita-touriga-franca-tinta-roriz-touriga-nacional-tinta-barroca-tinto-cao-1997-quevedo-winery\/","name":"Colheita Touriga Franca, Tinta Roriz, Touriga Nacional, Tinta Barroca, Tinto C\u00e3o 1997 - Quevedo Winery - Coral Wines","isPartOf":{"@id":"https:\/\/wines.coral.rs\/#website"},"primaryImageOfPage":{"@id":"https:\/\/wines.coral.rs\/en\/product\/colheita-touriga-franca-tinta-roriz-touriga-nacional-tinta-barroca-tinto-cao-1997-quevedo-winery\/#primaryimage"},"image":{"@id":"https:\/\/wines.coral.rs\/en\/product\/colheita-touriga-franca-tinta-roriz-touriga-nacional-tinta-barroca-tinto-cao-1997-quevedo-winery\/#primaryimage"},"thumbnailUrl":"https:\/\/wines.coral.rs\/wp-content\/uploads\/2026\/03\/New-Project2-7.png","datePublished":"2026-03-11T23:31:50+00:00","dateModified":"2026-03-12T10:02:05+00:00","breadcrumb":{"@id":"https:\/\/wines.coral.rs\/en\/product\/colheita-touriga-franca-tinta-roriz-touriga-nacional-tinta-barroca-tinto-cao-1997-quevedo-winery\/#breadcrumb"},"inLanguage":"en-US","potentialAction":[{"@type":"ReadAction","target":["https:\/\/wines.coral.rs\/en\/product\/colheita-touriga-franca-tinta-roriz-touriga-nacional-tinta-barroca-tinto-cao-1997-quevedo-winery\/"]}]},{"@type":"ImageObject","inLanguage":"en-US","@id":"https:\/\/wines.coral.rs\/en\/product\/colheita-touriga-franca-tinta-roriz-touriga-nacional-tinta-barroca-tinto-cao-1997-quevedo-winery\/#primaryimage","url":"https:\/\/wines.coral.rs\/wp-content\/uploads\/2026\/03\/New-Project2-7.png","contentUrl":"https:\/\/wines.coral.rs\/wp-content\/uploads\/2026\/03\/New-Project2-7.png","width":1000,"height":1000},{"@type":"BreadcrumbList","@id":"https:\/\/wines.coral.rs\/en\/product\/colheita-touriga-franca-tinta-roriz-touriga-nacional-tinta-barroca-tinto-cao-1997-quevedo-winery\/#breadcrumb","itemListElement":[{"@type":"ListItem","position":1,"name":"Home","item":"https:\/\/wines.coral.rs\/en\/home\/"},{"@type":"ListItem","position":2,"name":"Shop","item":"https:\/\/wines.coral.rs\/en\/shop\/"},{"@type":"ListItem","position":3,"name":"Colheita Touriga Franca, Tinta Roriz, Touriga Nacional, Tinta Barroca, Tinto C\u00e3o 1997 &#8211; Quevedo Winery"}]},{"@type":"WebSite","@id":"https:\/\/wines.coral.rs\/#website","url":"https:\/\/wines.coral.rs\/","name":"Coral Wines","description":"","publisher":{"@id":"https:\/\/wines.coral.rs\/#organization"},"potentialAction":[{"@type":"SearchAction","target":{"@type":"EntryPoint","urlTemplate":"https:\/\/wines.coral.rs\/?s={search_term_string}"},"query-input":{"@type":"PropertyValueSpecification","valueRequired":true,"valueName":"search_term_string"}}],"inLanguage":"en-US"},{"@type":"Organization","@id":"https:\/\/wines.coral.rs\/#organization","name":"Coral Wines","url":"https:\/\/wines.coral.rs\/","logo":{"@type":"ImageObject","inLanguage":"en-US","@id":"https:\/\/wines.coral.rs\/#\/schema\/logo\/image\/","url":"https:\/\/wines.coral.rs\/wp-content\/uploads\/2025\/12\/logo-wines.svg","contentUrl":"https:\/\/wines.coral.rs\/wp-content\/uploads\/2025\/12\/logo-wines.svg","width":384,"height":618,"caption":"Coral Wines"},"image":{"@id":"https:\/\/wines.coral.rs\/#\/schema\/logo\/image\/"},"sameAs":["https:\/\/www.facebook.com\/profile.php?id=61587431066738","https:\/\/www.linkedin.com\/company\/coral-wines","https:\/\/www.instagram.com\/coral.wines"]}]}},"_links":{"self":[{"href":"https:\/\/wines.coral.rs\/en\/wp-json\/wp\/v2\/product\/48645","targetHints":{"allow":["GET"]}}],"collection":[{"href":"https:\/\/wines.coral.rs\/en\/wp-json\/wp\/v2\/product"}],"about":[{"href":"https:\/\/wines.coral.rs\/en\/wp-json\/wp\/v2\/types\/product"}],"version-history":[{"count":0,"href":"https:\/\/wines.coral.rs\/en\/wp-json\/wp\/v2\/product\/48645\/revisions"}],"wp:featuredmedia":[{"embeddable":true,"href":"https:\/\/wines.coral.rs\/en\/wp-json\/wp\/v2\/media\/48647"}],"wp:attachment":[{"href":"https:\/\/wines.coral.rs\/en\/wp-json\/wp\/v2\/media?parent=48645"}],"wp:term":[{"taxonomy":"product_brand","embeddable":true,"href":"https:\/\/wines.coral.rs\/en\/wp-json\/wp\/v2\/product_brand?post=48645"},{"taxonomy":"product_cat","embeddable":true,"href":"https:\/\/wines.coral.rs\/en\/wp-json\/wp\/v2\/product_cat?post=48645"},{"taxonomy":"product_tag","embeddable":true,"href":"https:\/\/wines.coral.rs\/en\/wp-json\/wp\/v2\/product_tag?post=48645"}],"curies":[{"name":"wp","href":"https:\/\/api.w.org\/{rel}","templated":true}]}}