{"id":48744,"date":"2026-03-19T00:18:04","date_gmt":"2026-03-19T00:18:04","guid":{"rendered":"https:\/\/wines.coral.rs\/?post_type=product&#038;p=48744"},"modified":"2026-03-19T10:02:27","modified_gmt":"2026-03-19T10:02:27","slug":"cal-karasi-blanc-de-noirs-2024-kuzubag-winery-kopiraj-kopiraj","status":"publish","type":"product","link":"https:\/\/wines.coral.rs\/en\/product\/cal-karasi-blanc-de-noirs-2024-kuzubag-winery-kopiraj-kopiraj\/","title":{"rendered":"\u00c7al Karas\u0131 &#8211; Kalecik Karas\u0131 2024 &#8211; Kuzuba\u011f Winery"},"content":{"rendered":"<p><strong data-start=\"488\" data-end=\"537\">Kuzuba\u011f \u00c7al Karas\u0131 &#8211; Kalecik Karas\u0131 Ros\u00e9 2024<\/strong> is a dry ros\u00e9 wine from the \u00c7al region in Denizli, crafted from indigenous Kalecik Karas\u0131 and \u00c7al Karas\u0131 varieties. It features aromas of strawberry, raspberry, and citrus, accompanied by subtle floral and spicy notes. The palate is light and vibrant, with crisp acidity and a clean, refreshing finish. Produced using the direct pressing method and fermented in stainless steel tanks, the wine retains its pronounced freshness and fruity character.   <\/p>\n","protected":false},"excerpt":{"rendered":"<p><strong data-start=\"305\" data-end=\"354\">Kuzuba\u011f \u00c7al Karas\u0131 &#8211; Kalecik Karas\u0131 Ros\u00e9 2024<\/strong> \u2013 a dry ros\u00e9 wine from the Denizli region, light and fresh, with aromas of strawberry, citrus, and subtle floral notes.<\/p>\n","protected":false},"featured_media":48745,"template":"","meta":{"_acf_changed":false},"product_brand":[5336],"product_cat":[640],"product_tag":[583,644,615,5337],"class_list":{"0":"post-48744","1":"product","2":"type-product","3":"status-publish","4":"has-post-thumbnail","6":"product_brand-kuzubag","7":"product_cat-rose-wine","8":"product_tag-dry-2","9":"product_tag-rose","10":"product_tag-still","11":"product_tag-turkey","14":"first","15":"instock","16":"shipping-taxable","17":"product-type-simple"},"acf":[],"yoast_head":"<!-- This site is optimized with the Yoast SEO plugin v27.3 - https:\/\/yoast.com\/product\/yoast-seo-wordpress\/ -->\n<title>\u00c7al Karas\u0131 - Kalecik Karas\u0131 2024 - Kuzuba\u011f Winery - Coral Wines<\/title>\n<meta name=\"robots\" content=\"noindex, follow, max-snippet:-1, max-image-preview:large, max-video-preview:-1\" \/>\n<meta property=\"og:locale\" content=\"en_US\" \/>\n<meta property=\"og:type\" content=\"article\" \/>\n<meta property=\"og:title\" content=\"\u00c7al Karas\u0131 - Kalecik Karas\u0131 2024 - Kuzuba\u011f Winery - Coral Wines\" \/>\n<meta property=\"og:description\" content=\"Kuzuba\u011f \u00c7al Karas\u0131 - Kalecik Karas\u0131 Ros\u00e9 2024 \u2013 a dry ros\u00e9 wine from the Denizli region, light and fresh, with aromas of strawberry, citrus, and subtle floral notes.\" \/>\n<meta property=\"og:url\" content=\"https:\/\/wines.coral.rs\/en\/product\/cal-karasi-blanc-de-noirs-2024-kuzubag-winery-kopiraj-kopiraj\/\" \/>\n<meta property=\"og:site_name\" content=\"Coral Wines\" \/>\n<meta property=\"article:publisher\" content=\"https:\/\/www.facebook.com\/profile.php?id=61587431066738\" \/>\n<meta property=\"article:modified_time\" content=\"2026-03-19T10:02:27+00:00\" \/>\n<meta property=\"og:image\" content=\"https:\/\/wines.coral.rs\/wp-content\/uploads\/2026\/03\/Kuzubag-Cal-Karasi-\u2013-Kalecik-Karasi-2024.jpg\" \/>\n\t<meta property=\"og:image:width\" content=\"1000\" \/>\n\t<meta property=\"og:image:height\" content=\"1000\" \/>\n\t<meta property=\"og:image:type\" content=\"image\/jpeg\" \/>\n<meta name=\"twitter:card\" content=\"summary_large_image\" \/>\n<script type=\"application\/ld+json\" class=\"yoast-schema-graph\">{\"@context\":\"https:\\\/\\\/schema.org\",\"@graph\":[{\"@type\":\"WebPage\",\"@id\":\"https:\\\/\\\/wines.coral.rs\\\/en\\\/product\\\/cal-karasi-blanc-de-noirs-2024-kuzubag-winery-kopiraj-kopiraj\\\/\",\"url\":\"https:\\\/\\\/wines.coral.rs\\\/en\\\/product\\\/cal-karasi-blanc-de-noirs-2024-kuzubag-winery-kopiraj-kopiraj\\\/\",\"name\":\"\u00c7al Karas\u0131 - Kalecik Karas\u0131 2024 - Kuzuba\u011f Winery - Coral Wines\",\"isPartOf\":{\"@id\":\"https:\\\/\\\/wines.coral.rs\\\/#website\"},\"primaryImageOfPage\":{\"@id\":\"https:\\\/\\\/wines.coral.rs\\\/en\\\/product\\\/cal-karasi-blanc-de-noirs-2024-kuzubag-winery-kopiraj-kopiraj\\\/#primaryimage\"},\"image\":{\"@id\":\"https:\\\/\\\/wines.coral.rs\\\/en\\\/product\\\/cal-karasi-blanc-de-noirs-2024-kuzubag-winery-kopiraj-kopiraj\\\/#primaryimage\"},\"thumbnailUrl\":\"https:\\\/\\\/wines.coral.rs\\\/wp-content\\\/uploads\\\/2026\\\/03\\\/Kuzubag-Cal-Karasi-\u2013-Kalecik-Karasi-2024.jpg\",\"datePublished\":\"2026-03-19T00:18:04+00:00\",\"dateModified\":\"2026-03-19T10:02:27+00:00\",\"breadcrumb\":{\"@id\":\"https:\\\/\\\/wines.coral.rs\\\/en\\\/product\\\/cal-karasi-blanc-de-noirs-2024-kuzubag-winery-kopiraj-kopiraj\\\/#breadcrumb\"},\"inLanguage\":\"en-US\",\"potentialAction\":[{\"@type\":\"ReadAction\",\"target\":[\"https:\\\/\\\/wines.coral.rs\\\/en\\\/product\\\/cal-karasi-blanc-de-noirs-2024-kuzubag-winery-kopiraj-kopiraj\\\/\"]}]},{\"@type\":\"ImageObject\",\"inLanguage\":\"en-US\",\"@id\":\"https:\\\/\\\/wines.coral.rs\\\/en\\\/product\\\/cal-karasi-blanc-de-noirs-2024-kuzubag-winery-kopiraj-kopiraj\\\/#primaryimage\",\"url\":\"https:\\\/\\\/wines.coral.rs\\\/wp-content\\\/uploads\\\/2026\\\/03\\\/Kuzubag-Cal-Karasi-\u2013-Kalecik-Karasi-2024.jpg\",\"contentUrl\":\"https:\\\/\\\/wines.coral.rs\\\/wp-content\\\/uploads\\\/2026\\\/03\\\/Kuzubag-Cal-Karasi-\u2013-Kalecik-Karasi-2024.jpg\",\"width\":1000,\"height\":1000},{\"@type\":\"BreadcrumbList\",\"@id\":\"https:\\\/\\\/wines.coral.rs\\\/en\\\/product\\\/cal-karasi-blanc-de-noirs-2024-kuzubag-winery-kopiraj-kopiraj\\\/#breadcrumb\",\"itemListElement\":[{\"@type\":\"ListItem\",\"position\":1,\"name\":\"Home\",\"item\":\"https:\\\/\\\/wines.coral.rs\\\/en\\\/home\\\/\"},{\"@type\":\"ListItem\",\"position\":2,\"name\":\"Shop\",\"item\":\"https:\\\/\\\/wines.coral.rs\\\/en\\\/shop\\\/\"},{\"@type\":\"ListItem\",\"position\":3,\"name\":\"\u00c7al Karas\u0131 &#8211; Kalecik Karas\u0131 2024 &#8211; Kuzuba\u011f Winery\"}]},{\"@type\":\"WebSite\",\"@id\":\"https:\\\/\\\/wines.coral.rs\\\/#website\",\"url\":\"https:\\\/\\\/wines.coral.rs\\\/\",\"name\":\"Coral Wines\",\"description\":\"\",\"publisher\":{\"@id\":\"https:\\\/\\\/wines.coral.rs\\\/#organization\"},\"potentialAction\":[{\"@type\":\"SearchAction\",\"target\":{\"@type\":\"EntryPoint\",\"urlTemplate\":\"https:\\\/\\\/wines.coral.rs\\\/?s={search_term_string}\"},\"query-input\":{\"@type\":\"PropertyValueSpecification\",\"valueRequired\":true,\"valueName\":\"search_term_string\"}}],\"inLanguage\":\"en-US\"},{\"@type\":\"Organization\",\"@id\":\"https:\\\/\\\/wines.coral.rs\\\/#organization\",\"name\":\"Coral Wines\",\"url\":\"https:\\\/\\\/wines.coral.rs\\\/\",\"logo\":{\"@type\":\"ImageObject\",\"inLanguage\":\"en-US\",\"@id\":\"https:\\\/\\\/wines.coral.rs\\\/#\\\/schema\\\/logo\\\/image\\\/\",\"url\":\"https:\\\/\\\/wines.coral.rs\\\/wp-content\\\/uploads\\\/2025\\\/12\\\/logo-wines.svg\",\"contentUrl\":\"https:\\\/\\\/wines.coral.rs\\\/wp-content\\\/uploads\\\/2025\\\/12\\\/logo-wines.svg\",\"width\":384,\"height\":618,\"caption\":\"Coral Wines\"},\"image\":{\"@id\":\"https:\\\/\\\/wines.coral.rs\\\/#\\\/schema\\\/logo\\\/image\\\/\"},\"sameAs\":[\"https:\\\/\\\/www.facebook.com\\\/profile.php?id=61587431066738\",\"https:\\\/\\\/www.linkedin.com\\\/company\\\/coral-wines\",\"https:\\\/\\\/www.instagram.com\\\/coral.wines\"]}]}<\/script>\n<!-- \/ Yoast SEO plugin. -->","yoast_head_json":{"title":"\u00c7al Karas\u0131 - Kalecik Karas\u0131 2024 - Kuzuba\u011f Winery - Coral Wines","robots":{"index":"noindex","follow":"follow","max-snippet":"max-snippet:-1","max-image-preview":"max-image-preview:large","max-video-preview":"max-video-preview:-1"},"og_locale":"en_US","og_type":"article","og_title":"\u00c7al Karas\u0131 - Kalecik Karas\u0131 2024 - Kuzuba\u011f Winery - Coral Wines","og_description":"Kuzuba\u011f \u00c7al Karas\u0131 - Kalecik Karas\u0131 Ros\u00e9 2024 \u2013 a dry ros\u00e9 wine from the Denizli region, light and fresh, with aromas of strawberry, citrus, and subtle floral notes.","og_url":"https:\/\/wines.coral.rs\/en\/product\/cal-karasi-blanc-de-noirs-2024-kuzubag-winery-kopiraj-kopiraj\/","og_site_name":"Coral Wines","article_publisher":"https:\/\/www.facebook.com\/profile.php?id=61587431066738","article_modified_time":"2026-03-19T10:02:27+00:00","og_image":[{"width":1000,"height":1000,"url":"https:\/\/wines.coral.rs\/wp-content\/uploads\/2026\/03\/Kuzubag-Cal-Karasi-\u2013-Kalecik-Karasi-2024.jpg","type":"image\/jpeg"}],"twitter_card":"summary_large_image","schema":{"@context":"https:\/\/schema.org","@graph":[{"@type":"WebPage","@id":"https:\/\/wines.coral.rs\/en\/product\/cal-karasi-blanc-de-noirs-2024-kuzubag-winery-kopiraj-kopiraj\/","url":"https:\/\/wines.coral.rs\/en\/product\/cal-karasi-blanc-de-noirs-2024-kuzubag-winery-kopiraj-kopiraj\/","name":"\u00c7al Karas\u0131 - Kalecik Karas\u0131 2024 - Kuzuba\u011f Winery - Coral Wines","isPartOf":{"@id":"https:\/\/wines.coral.rs\/#website"},"primaryImageOfPage":{"@id":"https:\/\/wines.coral.rs\/en\/product\/cal-karasi-blanc-de-noirs-2024-kuzubag-winery-kopiraj-kopiraj\/#primaryimage"},"image":{"@id":"https:\/\/wines.coral.rs\/en\/product\/cal-karasi-blanc-de-noirs-2024-kuzubag-winery-kopiraj-kopiraj\/#primaryimage"},"thumbnailUrl":"https:\/\/wines.coral.rs\/wp-content\/uploads\/2026\/03\/Kuzubag-Cal-Karasi-\u2013-Kalecik-Karasi-2024.jpg","datePublished":"2026-03-19T00:18:04+00:00","dateModified":"2026-03-19T10:02:27+00:00","breadcrumb":{"@id":"https:\/\/wines.coral.rs\/en\/product\/cal-karasi-blanc-de-noirs-2024-kuzubag-winery-kopiraj-kopiraj\/#breadcrumb"},"inLanguage":"en-US","potentialAction":[{"@type":"ReadAction","target":["https:\/\/wines.coral.rs\/en\/product\/cal-karasi-blanc-de-noirs-2024-kuzubag-winery-kopiraj-kopiraj\/"]}]},{"@type":"ImageObject","inLanguage":"en-US","@id":"https:\/\/wines.coral.rs\/en\/product\/cal-karasi-blanc-de-noirs-2024-kuzubag-winery-kopiraj-kopiraj\/#primaryimage","url":"https:\/\/wines.coral.rs\/wp-content\/uploads\/2026\/03\/Kuzubag-Cal-Karasi-\u2013-Kalecik-Karasi-2024.jpg","contentUrl":"https:\/\/wines.coral.rs\/wp-content\/uploads\/2026\/03\/Kuzubag-Cal-Karasi-\u2013-Kalecik-Karasi-2024.jpg","width":1000,"height":1000},{"@type":"BreadcrumbList","@id":"https:\/\/wines.coral.rs\/en\/product\/cal-karasi-blanc-de-noirs-2024-kuzubag-winery-kopiraj-kopiraj\/#breadcrumb","itemListElement":[{"@type":"ListItem","position":1,"name":"Home","item":"https:\/\/wines.coral.rs\/en\/home\/"},{"@type":"ListItem","position":2,"name":"Shop","item":"https:\/\/wines.coral.rs\/en\/shop\/"},{"@type":"ListItem","position":3,"name":"\u00c7al Karas\u0131 &#8211; Kalecik Karas\u0131 2024 &#8211; Kuzuba\u011f Winery"}]},{"@type":"WebSite","@id":"https:\/\/wines.coral.rs\/#website","url":"https:\/\/wines.coral.rs\/","name":"Coral Wines","description":"","publisher":{"@id":"https:\/\/wines.coral.rs\/#organization"},"potentialAction":[{"@type":"SearchAction","target":{"@type":"EntryPoint","urlTemplate":"https:\/\/wines.coral.rs\/?s={search_term_string}"},"query-input":{"@type":"PropertyValueSpecification","valueRequired":true,"valueName":"search_term_string"}}],"inLanguage":"en-US"},{"@type":"Organization","@id":"https:\/\/wines.coral.rs\/#organization","name":"Coral Wines","url":"https:\/\/wines.coral.rs\/","logo":{"@type":"ImageObject","inLanguage":"en-US","@id":"https:\/\/wines.coral.rs\/#\/schema\/logo\/image\/","url":"https:\/\/wines.coral.rs\/wp-content\/uploads\/2025\/12\/logo-wines.svg","contentUrl":"https:\/\/wines.coral.rs\/wp-content\/uploads\/2025\/12\/logo-wines.svg","width":384,"height":618,"caption":"Coral Wines"},"image":{"@id":"https:\/\/wines.coral.rs\/#\/schema\/logo\/image\/"},"sameAs":["https:\/\/www.facebook.com\/profile.php?id=61587431066738","https:\/\/www.linkedin.com\/company\/coral-wines","https:\/\/www.instagram.com\/coral.wines"]}]}},"_links":{"self":[{"href":"https:\/\/wines.coral.rs\/en\/wp-json\/wp\/v2\/product\/48744","targetHints":{"allow":["GET"]}}],"collection":[{"href":"https:\/\/wines.coral.rs\/en\/wp-json\/wp\/v2\/product"}],"about":[{"href":"https:\/\/wines.coral.rs\/en\/wp-json\/wp\/v2\/types\/product"}],"version-history":[{"count":0,"href":"https:\/\/wines.coral.rs\/en\/wp-json\/wp\/v2\/product\/48744\/revisions"}],"wp:featuredmedia":[{"embeddable":true,"href":"https:\/\/wines.coral.rs\/en\/wp-json\/wp\/v2\/media\/48745"}],"wp:attachment":[{"href":"https:\/\/wines.coral.rs\/en\/wp-json\/wp\/v2\/media?parent=48744"}],"wp:term":[{"taxonomy":"product_brand","embeddable":true,"href":"https:\/\/wines.coral.rs\/en\/wp-json\/wp\/v2\/product_brand?post=48744"},{"taxonomy":"product_cat","embeddable":true,"href":"https:\/\/wines.coral.rs\/en\/wp-json\/wp\/v2\/product_cat?post=48744"},{"taxonomy":"product_tag","embeddable":true,"href":"https:\/\/wines.coral.rs\/en\/wp-json\/wp\/v2\/product_tag?post=48744"}],"curies":[{"name":"wp","href":"https:\/\/api.w.org\/{rel}","templated":true}]}}