{"id":48766,"date":"2026-03-22T13:50:47","date_gmt":"2026-03-22T13:50:47","guid":{"rendered":"https:\/\/wines.coral.rs\/?post_type=product&#038;p=48766"},"modified":"2026-03-22T14:40:28","modified_gmt":"2026-03-22T14:40:28","slug":"phytagoras-cabernet-sauvignon-merlot-cabernet-franc-petit-verdot-2022-yedibilgeler-winery-kopiraj-3","status":"publish","type":"product","link":"https:\/\/wines.coral.rs\/en\/product\/phytagoras-cabernet-sauvignon-merlot-cabernet-franc-petit-verdot-2022-yedibilgeler-winery-kopiraj-3\/","title":{"rendered":"Vindemia Toprak \u00d6k\u00fczg\u00f6z\u00fc 2022 &#8211; Yedibilgeler Winery"},"content":{"rendered":"<p><strong data-start=\"292\" data-end=\"325\">Vindemia Toprak \u00d6k\u00fczg\u00f6z\u00fc 2022<\/strong> is a dry red wine from the Elaz\u0131\u011f region in Eastern Anatolia, produced from the indigenous \u00d6k\u00fczg\u00f6z\u00fc grape variety. It is characterized by aromas of cherry and dark berries, with subtle spicy and oak notes. On the palate, it is fresh, with pronounced acidity and firm tannins that provide structure and balance. Aging in oak barrels contributes to its complexity and depth, making it an excellent choice for meat dishes and richer cuisine.   <\/p>\n","protected":false},"excerpt":{"rendered":"<p><strong data-start=\"85\" data-end=\"118\">Vindemia Toprak \u00d6k\u00fczg\u00f6z\u00fc 2022<\/strong> \u2013 a dry red wine from Eastern Anatolia, made from the indigenous \u00d6k\u00fczg\u00f6z\u00fc grape, with aromas of cherry and dark fruit, pronounced freshness, and a balanced structure.<\/p>\n","protected":false},"featured_media":48772,"template":"","meta":{"_acf_changed":false},"product_brand":[5488],"product_cat":[580],"product_tag":[583,585,615,5337],"class_list":{"0":"post-48766","1":"product","2":"type-product","3":"status-publish","4":"has-post-thumbnail","6":"product_brand-yedibilgeler-7-bilgeler","7":"product_cat-red-wine","8":"product_tag-dry-2","9":"product_tag-red","10":"product_tag-still","11":"product_tag-turkey","14":"first","15":"instock","16":"shipping-taxable","17":"product-type-simple"},"acf":[],"yoast_head":"<!-- This site is optimized with the Yoast SEO plugin v27.3 - https:\/\/yoast.com\/product\/yoast-seo-wordpress\/ -->\n<title>Vindemia Toprak \u00d6k\u00fczg\u00f6z\u00fc 2022 - Yedibilgeler Winery - Coral Wines<\/title>\n<meta name=\"robots\" content=\"noindex, follow, max-snippet:-1, max-image-preview:large, max-video-preview:-1\" \/>\n<meta property=\"og:locale\" content=\"en_US\" \/>\n<meta property=\"og:type\" content=\"article\" \/>\n<meta property=\"og:title\" content=\"Vindemia Toprak \u00d6k\u00fczg\u00f6z\u00fc 2022 - Yedibilgeler Winery - Coral Wines\" \/>\n<meta property=\"og:description\" content=\"Vindemia Toprak \u00d6k\u00fczg\u00f6z\u00fc 2022 \u2013 a dry red wine from Eastern Anatolia, made from the indigenous \u00d6k\u00fczg\u00f6z\u00fc grape, with aromas of cherry and dark fruit, pronounced freshness, and a balanced structure.\" \/>\n<meta property=\"og:url\" content=\"https:\/\/wines.coral.rs\/en\/product\/phytagoras-cabernet-sauvignon-merlot-cabernet-franc-petit-verdot-2022-yedibilgeler-winery-kopiraj-3\/\" \/>\n<meta property=\"og:site_name\" content=\"Coral Wines\" \/>\n<meta property=\"article:publisher\" content=\"https:\/\/www.facebook.com\/profile.php?id=61587431066738\" \/>\n<meta property=\"article:modified_time\" content=\"2026-03-22T14:40:28+00:00\" \/>\n<meta property=\"og:image\" content=\"https:\/\/wines.coral.rs\/wp-content\/uploads\/2026\/03\/Yedibilgeler-Vindemia-Toprak-Okuzgozu-2022.jpg\" \/>\n\t<meta property=\"og:image:width\" content=\"1000\" \/>\n\t<meta property=\"og:image:height\" content=\"1000\" \/>\n\t<meta property=\"og:image:type\" content=\"image\/jpeg\" \/>\n<meta name=\"twitter:card\" content=\"summary_large_image\" \/>\n<script type=\"application\/ld+json\" class=\"yoast-schema-graph\">{\"@context\":\"https:\\\/\\\/schema.org\",\"@graph\":[{\"@type\":\"WebPage\",\"@id\":\"https:\\\/\\\/wines.coral.rs\\\/en\\\/product\\\/phytagoras-cabernet-sauvignon-merlot-cabernet-franc-petit-verdot-2022-yedibilgeler-winery-kopiraj-3\\\/\",\"url\":\"https:\\\/\\\/wines.coral.rs\\\/en\\\/product\\\/phytagoras-cabernet-sauvignon-merlot-cabernet-franc-petit-verdot-2022-yedibilgeler-winery-kopiraj-3\\\/\",\"name\":\"Vindemia Toprak \u00d6k\u00fczg\u00f6z\u00fc 2022 - Yedibilgeler Winery - Coral Wines\",\"isPartOf\":{\"@id\":\"https:\\\/\\\/wines.coral.rs\\\/#website\"},\"primaryImageOfPage\":{\"@id\":\"https:\\\/\\\/wines.coral.rs\\\/en\\\/product\\\/phytagoras-cabernet-sauvignon-merlot-cabernet-franc-petit-verdot-2022-yedibilgeler-winery-kopiraj-3\\\/#primaryimage\"},\"image\":{\"@id\":\"https:\\\/\\\/wines.coral.rs\\\/en\\\/product\\\/phytagoras-cabernet-sauvignon-merlot-cabernet-franc-petit-verdot-2022-yedibilgeler-winery-kopiraj-3\\\/#primaryimage\"},\"thumbnailUrl\":\"https:\\\/\\\/wines.coral.rs\\\/wp-content\\\/uploads\\\/2026\\\/03\\\/Yedibilgeler-Vindemia-Toprak-Okuzgozu-2022.jpg\",\"datePublished\":\"2026-03-22T13:50:47+00:00\",\"dateModified\":\"2026-03-22T14:40:28+00:00\",\"breadcrumb\":{\"@id\":\"https:\\\/\\\/wines.coral.rs\\\/en\\\/product\\\/phytagoras-cabernet-sauvignon-merlot-cabernet-franc-petit-verdot-2022-yedibilgeler-winery-kopiraj-3\\\/#breadcrumb\"},\"inLanguage\":\"en-US\",\"potentialAction\":[{\"@type\":\"ReadAction\",\"target\":[\"https:\\\/\\\/wines.coral.rs\\\/en\\\/product\\\/phytagoras-cabernet-sauvignon-merlot-cabernet-franc-petit-verdot-2022-yedibilgeler-winery-kopiraj-3\\\/\"]}]},{\"@type\":\"ImageObject\",\"inLanguage\":\"en-US\",\"@id\":\"https:\\\/\\\/wines.coral.rs\\\/en\\\/product\\\/phytagoras-cabernet-sauvignon-merlot-cabernet-franc-petit-verdot-2022-yedibilgeler-winery-kopiraj-3\\\/#primaryimage\",\"url\":\"https:\\\/\\\/wines.coral.rs\\\/wp-content\\\/uploads\\\/2026\\\/03\\\/Yedibilgeler-Vindemia-Toprak-Okuzgozu-2022.jpg\",\"contentUrl\":\"https:\\\/\\\/wines.coral.rs\\\/wp-content\\\/uploads\\\/2026\\\/03\\\/Yedibilgeler-Vindemia-Toprak-Okuzgozu-2022.jpg\",\"width\":1000,\"height\":1000},{\"@type\":\"BreadcrumbList\",\"@id\":\"https:\\\/\\\/wines.coral.rs\\\/en\\\/product\\\/phytagoras-cabernet-sauvignon-merlot-cabernet-franc-petit-verdot-2022-yedibilgeler-winery-kopiraj-3\\\/#breadcrumb\",\"itemListElement\":[{\"@type\":\"ListItem\",\"position\":1,\"name\":\"Home\",\"item\":\"https:\\\/\\\/wines.coral.rs\\\/en\\\/home\\\/\"},{\"@type\":\"ListItem\",\"position\":2,\"name\":\"Shop\",\"item\":\"https:\\\/\\\/wines.coral.rs\\\/en\\\/shop\\\/\"},{\"@type\":\"ListItem\",\"position\":3,\"name\":\"Vindemia Toprak \u00d6k\u00fczg\u00f6z\u00fc 2022 &#8211; Yedibilgeler Winery\"}]},{\"@type\":\"WebSite\",\"@id\":\"https:\\\/\\\/wines.coral.rs\\\/#website\",\"url\":\"https:\\\/\\\/wines.coral.rs\\\/\",\"name\":\"Coral Wines\",\"description\":\"\",\"publisher\":{\"@id\":\"https:\\\/\\\/wines.coral.rs\\\/#organization\"},\"potentialAction\":[{\"@type\":\"SearchAction\",\"target\":{\"@type\":\"EntryPoint\",\"urlTemplate\":\"https:\\\/\\\/wines.coral.rs\\\/?s={search_term_string}\"},\"query-input\":{\"@type\":\"PropertyValueSpecification\",\"valueRequired\":true,\"valueName\":\"search_term_string\"}}],\"inLanguage\":\"en-US\"},{\"@type\":\"Organization\",\"@id\":\"https:\\\/\\\/wines.coral.rs\\\/#organization\",\"name\":\"Coral Wines\",\"url\":\"https:\\\/\\\/wines.coral.rs\\\/\",\"logo\":{\"@type\":\"ImageObject\",\"inLanguage\":\"en-US\",\"@id\":\"https:\\\/\\\/wines.coral.rs\\\/#\\\/schema\\\/logo\\\/image\\\/\",\"url\":\"https:\\\/\\\/wines.coral.rs\\\/wp-content\\\/uploads\\\/2025\\\/12\\\/logo-wines.svg\",\"contentUrl\":\"https:\\\/\\\/wines.coral.rs\\\/wp-content\\\/uploads\\\/2025\\\/12\\\/logo-wines.svg\",\"width\":384,\"height\":618,\"caption\":\"Coral Wines\"},\"image\":{\"@id\":\"https:\\\/\\\/wines.coral.rs\\\/#\\\/schema\\\/logo\\\/image\\\/\"},\"sameAs\":[\"https:\\\/\\\/www.facebook.com\\\/profile.php?id=61587431066738\",\"https:\\\/\\\/www.linkedin.com\\\/company\\\/coral-wines\",\"https:\\\/\\\/www.instagram.com\\\/coral.wines\"]}]}<\/script>\n<!-- \/ Yoast SEO plugin. -->","yoast_head_json":{"title":"Vindemia Toprak \u00d6k\u00fczg\u00f6z\u00fc 2022 - Yedibilgeler Winery - Coral Wines","robots":{"index":"noindex","follow":"follow","max-snippet":"max-snippet:-1","max-image-preview":"max-image-preview:large","max-video-preview":"max-video-preview:-1"},"og_locale":"en_US","og_type":"article","og_title":"Vindemia Toprak \u00d6k\u00fczg\u00f6z\u00fc 2022 - Yedibilgeler Winery - Coral Wines","og_description":"Vindemia Toprak \u00d6k\u00fczg\u00f6z\u00fc 2022 \u2013 a dry red wine from Eastern Anatolia, made from the indigenous \u00d6k\u00fczg\u00f6z\u00fc grape, with aromas of cherry and dark fruit, pronounced freshness, and a balanced structure.","og_url":"https:\/\/wines.coral.rs\/en\/product\/phytagoras-cabernet-sauvignon-merlot-cabernet-franc-petit-verdot-2022-yedibilgeler-winery-kopiraj-3\/","og_site_name":"Coral Wines","article_publisher":"https:\/\/www.facebook.com\/profile.php?id=61587431066738","article_modified_time":"2026-03-22T14:40:28+00:00","og_image":[{"width":1000,"height":1000,"url":"https:\/\/wines.coral.rs\/wp-content\/uploads\/2026\/03\/Yedibilgeler-Vindemia-Toprak-Okuzgozu-2022.jpg","type":"image\/jpeg"}],"twitter_card":"summary_large_image","schema":{"@context":"https:\/\/schema.org","@graph":[{"@type":"WebPage","@id":"https:\/\/wines.coral.rs\/en\/product\/phytagoras-cabernet-sauvignon-merlot-cabernet-franc-petit-verdot-2022-yedibilgeler-winery-kopiraj-3\/","url":"https:\/\/wines.coral.rs\/en\/product\/phytagoras-cabernet-sauvignon-merlot-cabernet-franc-petit-verdot-2022-yedibilgeler-winery-kopiraj-3\/","name":"Vindemia Toprak \u00d6k\u00fczg\u00f6z\u00fc 2022 - Yedibilgeler Winery - Coral Wines","isPartOf":{"@id":"https:\/\/wines.coral.rs\/#website"},"primaryImageOfPage":{"@id":"https:\/\/wines.coral.rs\/en\/product\/phytagoras-cabernet-sauvignon-merlot-cabernet-franc-petit-verdot-2022-yedibilgeler-winery-kopiraj-3\/#primaryimage"},"image":{"@id":"https:\/\/wines.coral.rs\/en\/product\/phytagoras-cabernet-sauvignon-merlot-cabernet-franc-petit-verdot-2022-yedibilgeler-winery-kopiraj-3\/#primaryimage"},"thumbnailUrl":"https:\/\/wines.coral.rs\/wp-content\/uploads\/2026\/03\/Yedibilgeler-Vindemia-Toprak-Okuzgozu-2022.jpg","datePublished":"2026-03-22T13:50:47+00:00","dateModified":"2026-03-22T14:40:28+00:00","breadcrumb":{"@id":"https:\/\/wines.coral.rs\/en\/product\/phytagoras-cabernet-sauvignon-merlot-cabernet-franc-petit-verdot-2022-yedibilgeler-winery-kopiraj-3\/#breadcrumb"},"inLanguage":"en-US","potentialAction":[{"@type":"ReadAction","target":["https:\/\/wines.coral.rs\/en\/product\/phytagoras-cabernet-sauvignon-merlot-cabernet-franc-petit-verdot-2022-yedibilgeler-winery-kopiraj-3\/"]}]},{"@type":"ImageObject","inLanguage":"en-US","@id":"https:\/\/wines.coral.rs\/en\/product\/phytagoras-cabernet-sauvignon-merlot-cabernet-franc-petit-verdot-2022-yedibilgeler-winery-kopiraj-3\/#primaryimage","url":"https:\/\/wines.coral.rs\/wp-content\/uploads\/2026\/03\/Yedibilgeler-Vindemia-Toprak-Okuzgozu-2022.jpg","contentUrl":"https:\/\/wines.coral.rs\/wp-content\/uploads\/2026\/03\/Yedibilgeler-Vindemia-Toprak-Okuzgozu-2022.jpg","width":1000,"height":1000},{"@type":"BreadcrumbList","@id":"https:\/\/wines.coral.rs\/en\/product\/phytagoras-cabernet-sauvignon-merlot-cabernet-franc-petit-verdot-2022-yedibilgeler-winery-kopiraj-3\/#breadcrumb","itemListElement":[{"@type":"ListItem","position":1,"name":"Home","item":"https:\/\/wines.coral.rs\/en\/home\/"},{"@type":"ListItem","position":2,"name":"Shop","item":"https:\/\/wines.coral.rs\/en\/shop\/"},{"@type":"ListItem","position":3,"name":"Vindemia Toprak \u00d6k\u00fczg\u00f6z\u00fc 2022 &#8211; Yedibilgeler Winery"}]},{"@type":"WebSite","@id":"https:\/\/wines.coral.rs\/#website","url":"https:\/\/wines.coral.rs\/","name":"Coral Wines","description":"","publisher":{"@id":"https:\/\/wines.coral.rs\/#organization"},"potentialAction":[{"@type":"SearchAction","target":{"@type":"EntryPoint","urlTemplate":"https:\/\/wines.coral.rs\/?s={search_term_string}"},"query-input":{"@type":"PropertyValueSpecification","valueRequired":true,"valueName":"search_term_string"}}],"inLanguage":"en-US"},{"@type":"Organization","@id":"https:\/\/wines.coral.rs\/#organization","name":"Coral Wines","url":"https:\/\/wines.coral.rs\/","logo":{"@type":"ImageObject","inLanguage":"en-US","@id":"https:\/\/wines.coral.rs\/#\/schema\/logo\/image\/","url":"https:\/\/wines.coral.rs\/wp-content\/uploads\/2025\/12\/logo-wines.svg","contentUrl":"https:\/\/wines.coral.rs\/wp-content\/uploads\/2025\/12\/logo-wines.svg","width":384,"height":618,"caption":"Coral Wines"},"image":{"@id":"https:\/\/wines.coral.rs\/#\/schema\/logo\/image\/"},"sameAs":["https:\/\/www.facebook.com\/profile.php?id=61587431066738","https:\/\/www.linkedin.com\/company\/coral-wines","https:\/\/www.instagram.com\/coral.wines"]}]}},"_links":{"self":[{"href":"https:\/\/wines.coral.rs\/en\/wp-json\/wp\/v2\/product\/48766","targetHints":{"allow":["GET"]}}],"collection":[{"href":"https:\/\/wines.coral.rs\/en\/wp-json\/wp\/v2\/product"}],"about":[{"href":"https:\/\/wines.coral.rs\/en\/wp-json\/wp\/v2\/types\/product"}],"version-history":[{"count":0,"href":"https:\/\/wines.coral.rs\/en\/wp-json\/wp\/v2\/product\/48766\/revisions"}],"wp:featuredmedia":[{"embeddable":true,"href":"https:\/\/wines.coral.rs\/en\/wp-json\/wp\/v2\/media\/48772"}],"wp:attachment":[{"href":"https:\/\/wines.coral.rs\/en\/wp-json\/wp\/v2\/media?parent=48766"}],"wp:term":[{"taxonomy":"product_brand","embeddable":true,"href":"https:\/\/wines.coral.rs\/en\/wp-json\/wp\/v2\/product_brand?post=48766"},{"taxonomy":"product_cat","embeddable":true,"href":"https:\/\/wines.coral.rs\/en\/wp-json\/wp\/v2\/product_cat?post=48766"},{"taxonomy":"product_tag","embeddable":true,"href":"https:\/\/wines.coral.rs\/en\/wp-json\/wp\/v2\/product_tag?post=48766"}],"curies":[{"name":"wp","href":"https:\/\/api.w.org\/{rel}","templated":true}]}}