{"id":49020,"date":"2026-02-19T19:34:45","date_gmt":"2026-02-19T19:34:45","guid":{"rendered":"https:\/\/wines.coral.rs\/product\/tundertanc-kekfrankos-cabernet-franc-cabernet-sauvignon-2020-vida-borbirtok-winery\/"},"modified":"2026-02-19T19:34:45","modified_gmt":"2026-02-19T19:34:45","slug":"tundertanc-kekfrankos-cabernet-franc-cabernet-sauvignon-2020-vida-borbirtok-winery","status":"publish","type":"product","link":"https:\/\/wines.coral.rs\/en\/product\/tundertanc-kekfrankos-cabernet-franc-cabernet-sauvignon-2020-vida-borbirtok-winery\/","title":{"rendered":"T\u00fcnd\u00e9rt\u00e1nc K\u00e9kfrankos, Cabernet Franc, Cabernet Sauvignon 2020 &#8211; Vida Borbirtok Winery"},"content":{"rendered":"<p><strong data-start=\"3234\" data-end=\"3258\">Vida T\u00fcnd\u00e9rt\u00e1nc 2020<\/strong> is a <strong data-start=\"3262\" data-end=\"3288\">dry still red wine<\/strong> from <strong data-start=\"3292\" data-end=\"3320\">Szeksz\u00e1rd PDO (Hungary)<\/strong>, crafted as a blend of dominant <em data-start=\"3356\" data-end=\"3368\">K\u00e9kfrankos<\/em> varieties with contributions from <em data-start=\"3387\" data-end=\"3403\">Cabernet Franc<\/em> and <em data-start=\"3406\" data-end=\"3426\">Cabernet Sauvignon<\/em>. Harvesting is manual and selective, with cold maceration and temperature-controlled fermentation. After fermentation, the wine aged for <strong data-start=\"3564\" data-end=\"3577\">12 months<\/strong>, partly in stainless steel and partly in used oak barrels. The result is an elegant wine with <strong data-start=\"3663\" data-end=\"3740\">pronounced fruit aromas, a balanced structure, and a pleasant finish<\/strong>, making it a versatile choice for various red meats and sauced dishes.   <\/p>\n","protected":false},"excerpt":{"rendered":"<p><strong data-start=\"2920\" data-end=\"2944\">Vida T\u00fcnd\u00e9rt\u00e1nc 2020<\/strong> is a <strong data-start=\"2948\" data-end=\"2974\">dry still red wine<\/strong> blend of <strong data-start=\"2987\" data-end=\"3038\">K\u00e9kfrankos, Cabernet Franc, and Cabernet Sauvignon<\/strong> from the <strong data-start=\"3052\" data-end=\"3076\">Szeksz\u00e1rd (Hungary)<\/strong> wine region, featuring berry aromas and mild spicy tones, aged for 12 months before bottling.<\/p>\n","protected":false},"featured_media":48098,"template":"","meta":{"_acf_changed":false},"product_brand":[1751],"product_cat":[580],"product_tag":[583,587,585,615],"class_list":{"0":"post-49020","1":"product","2":"type-product","3":"status-publish","4":"has-post-thumbnail","6":"product_brand-vida-borbirtok","7":"product_cat-red-wine","8":"product_tag-dry-2","9":"product_tag-hungary","10":"product_tag-red","11":"product_tag-still","14":"first","15":"instock","16":"shipping-taxable","17":"purchasable","18":"product-type-simple"},"acf":[],"yoast_head":"<!-- This site is optimized with the Yoast SEO plugin v27.3 - https:\/\/yoast.com\/product\/yoast-seo-wordpress\/ -->\n<title>T\u00fcnd\u00e9rt\u00e1nc K\u00e9kfrankos, Cabernet Franc, Cabernet Sauvignon 2020 - Vida Borbirtok Winery - Coral Wines<\/title>\n<meta name=\"robots\" content=\"noindex, follow, max-snippet:-1, max-image-preview:large, max-video-preview:-1\" \/>\n<meta property=\"og:locale\" content=\"en_US\" \/>\n<meta property=\"og:type\" content=\"article\" \/>\n<meta property=\"og:title\" content=\"T\u00fcnd\u00e9rt\u00e1nc K\u00e9kfrankos, Cabernet Franc, Cabernet Sauvignon 2020 - Vida Borbirtok Winery - Coral Wines\" \/>\n<meta property=\"og:description\" content=\"Vida T\u00fcnd\u00e9rt\u00e1nc 2020 is a dry still red wine blend of K\u00e9kfrankos, Cabernet Franc, and Cabernet Sauvignon from the Szeksz\u00e1rd (Hungary) wine region, featuring berry aromas and mild spicy tones, aged for 12 months before bottling.\" \/>\n<meta property=\"og:url\" content=\"https:\/\/wines.coral.rs\/en\/product\/tundertanc-kekfrankos-cabernet-franc-cabernet-sauvignon-2020-vida-borbirtok-winery\/\" \/>\n<meta property=\"og:site_name\" content=\"Coral Wines\" \/>\n<meta property=\"article:publisher\" content=\"https:\/\/www.facebook.com\/profile.php?id=61587431066738\" \/>\n<meta property=\"og:image\" content=\"https:\/\/wines.coral.rs\/wp-content\/uploads\/2026\/02\/New-Project-36-3.png\" \/>\n\t<meta property=\"og:image:width\" content=\"1000\" \/>\n\t<meta property=\"og:image:height\" content=\"1000\" \/>\n\t<meta property=\"og:image:type\" content=\"image\/png\" \/>\n<meta name=\"twitter:card\" content=\"summary_large_image\" \/>\n<script type=\"application\/ld+json\" class=\"yoast-schema-graph\">{\"@context\":\"https:\\\/\\\/schema.org\",\"@graph\":[{\"@type\":\"WebPage\",\"@id\":\"https:\\\/\\\/wines.coral.rs\\\/en\\\/product\\\/tundertanc-kekfrankos-cabernet-franc-cabernet-sauvignon-2020-vida-borbirtok-winery\\\/\",\"url\":\"https:\\\/\\\/wines.coral.rs\\\/en\\\/product\\\/tundertanc-kekfrankos-cabernet-franc-cabernet-sauvignon-2020-vida-borbirtok-winery\\\/\",\"name\":\"T\u00fcnd\u00e9rt\u00e1nc K\u00e9kfrankos, Cabernet Franc, Cabernet Sauvignon 2020 - Vida Borbirtok Winery - Coral Wines\",\"isPartOf\":{\"@id\":\"https:\\\/\\\/wines.coral.rs\\\/#website\"},\"primaryImageOfPage\":{\"@id\":\"https:\\\/\\\/wines.coral.rs\\\/en\\\/product\\\/tundertanc-kekfrankos-cabernet-franc-cabernet-sauvignon-2020-vida-borbirtok-winery\\\/#primaryimage\"},\"image\":{\"@id\":\"https:\\\/\\\/wines.coral.rs\\\/en\\\/product\\\/tundertanc-kekfrankos-cabernet-franc-cabernet-sauvignon-2020-vida-borbirtok-winery\\\/#primaryimage\"},\"thumbnailUrl\":\"https:\\\/\\\/wines.coral.rs\\\/wp-content\\\/uploads\\\/2026\\\/02\\\/New-Project-36-3.png\",\"datePublished\":\"2026-02-19T19:34:45+00:00\",\"breadcrumb\":{\"@id\":\"https:\\\/\\\/wines.coral.rs\\\/en\\\/product\\\/tundertanc-kekfrankos-cabernet-franc-cabernet-sauvignon-2020-vida-borbirtok-winery\\\/#breadcrumb\"},\"inLanguage\":\"en-US\",\"potentialAction\":[{\"@type\":\"ReadAction\",\"target\":[\"https:\\\/\\\/wines.coral.rs\\\/en\\\/product\\\/tundertanc-kekfrankos-cabernet-franc-cabernet-sauvignon-2020-vida-borbirtok-winery\\\/\"]}]},{\"@type\":\"ImageObject\",\"inLanguage\":\"en-US\",\"@id\":\"https:\\\/\\\/wines.coral.rs\\\/en\\\/product\\\/tundertanc-kekfrankos-cabernet-franc-cabernet-sauvignon-2020-vida-borbirtok-winery\\\/#primaryimage\",\"url\":\"https:\\\/\\\/wines.coral.rs\\\/wp-content\\\/uploads\\\/2026\\\/02\\\/New-Project-36-3.png\",\"contentUrl\":\"https:\\\/\\\/wines.coral.rs\\\/wp-content\\\/uploads\\\/2026\\\/02\\\/New-Project-36-3.png\",\"width\":1000,\"height\":1000},{\"@type\":\"BreadcrumbList\",\"@id\":\"https:\\\/\\\/wines.coral.rs\\\/en\\\/product\\\/tundertanc-kekfrankos-cabernet-franc-cabernet-sauvignon-2020-vida-borbirtok-winery\\\/#breadcrumb\",\"itemListElement\":[{\"@type\":\"ListItem\",\"position\":1,\"name\":\"Home\",\"item\":\"https:\\\/\\\/wines.coral.rs\\\/en\\\/home\\\/\"},{\"@type\":\"ListItem\",\"position\":2,\"name\":\"Shop\",\"item\":\"https:\\\/\\\/wines.coral.rs\\\/en\\\/shop\\\/\"},{\"@type\":\"ListItem\",\"position\":3,\"name\":\"T\u00fcnd\u00e9rt\u00e1nc K\u00e9kfrankos, Cabernet Franc, Cabernet Sauvignon 2020 &#8211; Vida Borbirtok Winery\"}]},{\"@type\":\"WebSite\",\"@id\":\"https:\\\/\\\/wines.coral.rs\\\/#website\",\"url\":\"https:\\\/\\\/wines.coral.rs\\\/\",\"name\":\"Coral Wines\",\"description\":\"\",\"publisher\":{\"@id\":\"https:\\\/\\\/wines.coral.rs\\\/#organization\"},\"potentialAction\":[{\"@type\":\"SearchAction\",\"target\":{\"@type\":\"EntryPoint\",\"urlTemplate\":\"https:\\\/\\\/wines.coral.rs\\\/?s={search_term_string}\"},\"query-input\":{\"@type\":\"PropertyValueSpecification\",\"valueRequired\":true,\"valueName\":\"search_term_string\"}}],\"inLanguage\":\"en-US\"},{\"@type\":\"Organization\",\"@id\":\"https:\\\/\\\/wines.coral.rs\\\/#organization\",\"name\":\"Coral Wines\",\"url\":\"https:\\\/\\\/wines.coral.rs\\\/\",\"logo\":{\"@type\":\"ImageObject\",\"inLanguage\":\"en-US\",\"@id\":\"https:\\\/\\\/wines.coral.rs\\\/#\\\/schema\\\/logo\\\/image\\\/\",\"url\":\"https:\\\/\\\/wines.coral.rs\\\/wp-content\\\/uploads\\\/2025\\\/12\\\/logo-wines.svg\",\"contentUrl\":\"https:\\\/\\\/wines.coral.rs\\\/wp-content\\\/uploads\\\/2025\\\/12\\\/logo-wines.svg\",\"width\":384,\"height\":618,\"caption\":\"Coral Wines\"},\"image\":{\"@id\":\"https:\\\/\\\/wines.coral.rs\\\/#\\\/schema\\\/logo\\\/image\\\/\"},\"sameAs\":[\"https:\\\/\\\/www.facebook.com\\\/profile.php?id=61587431066738\",\"https:\\\/\\\/www.linkedin.com\\\/company\\\/coral-wines\",\"https:\\\/\\\/www.instagram.com\\\/coral.wines\"]}]}<\/script>\n<!-- \/ Yoast SEO plugin. -->","yoast_head_json":{"title":"T\u00fcnd\u00e9rt\u00e1nc K\u00e9kfrankos, Cabernet Franc, Cabernet Sauvignon 2020 - Vida Borbirtok Winery - Coral Wines","robots":{"index":"noindex","follow":"follow","max-snippet":"max-snippet:-1","max-image-preview":"max-image-preview:large","max-video-preview":"max-video-preview:-1"},"og_locale":"en_US","og_type":"article","og_title":"T\u00fcnd\u00e9rt\u00e1nc K\u00e9kfrankos, Cabernet Franc, Cabernet Sauvignon 2020 - Vida Borbirtok Winery - Coral Wines","og_description":"Vida T\u00fcnd\u00e9rt\u00e1nc 2020 is a dry still red wine blend of K\u00e9kfrankos, Cabernet Franc, and Cabernet Sauvignon from the Szeksz\u00e1rd (Hungary) wine region, featuring berry aromas and mild spicy tones, aged for 12 months before bottling.","og_url":"https:\/\/wines.coral.rs\/en\/product\/tundertanc-kekfrankos-cabernet-franc-cabernet-sauvignon-2020-vida-borbirtok-winery\/","og_site_name":"Coral Wines","article_publisher":"https:\/\/www.facebook.com\/profile.php?id=61587431066738","og_image":[{"width":1000,"height":1000,"url":"https:\/\/wines.coral.rs\/wp-content\/uploads\/2026\/02\/New-Project-36-3.png","type":"image\/png"}],"twitter_card":"summary_large_image","schema":{"@context":"https:\/\/schema.org","@graph":[{"@type":"WebPage","@id":"https:\/\/wines.coral.rs\/en\/product\/tundertanc-kekfrankos-cabernet-franc-cabernet-sauvignon-2020-vida-borbirtok-winery\/","url":"https:\/\/wines.coral.rs\/en\/product\/tundertanc-kekfrankos-cabernet-franc-cabernet-sauvignon-2020-vida-borbirtok-winery\/","name":"T\u00fcnd\u00e9rt\u00e1nc K\u00e9kfrankos, Cabernet Franc, Cabernet Sauvignon 2020 - Vida Borbirtok Winery - Coral Wines","isPartOf":{"@id":"https:\/\/wines.coral.rs\/#website"},"primaryImageOfPage":{"@id":"https:\/\/wines.coral.rs\/en\/product\/tundertanc-kekfrankos-cabernet-franc-cabernet-sauvignon-2020-vida-borbirtok-winery\/#primaryimage"},"image":{"@id":"https:\/\/wines.coral.rs\/en\/product\/tundertanc-kekfrankos-cabernet-franc-cabernet-sauvignon-2020-vida-borbirtok-winery\/#primaryimage"},"thumbnailUrl":"https:\/\/wines.coral.rs\/wp-content\/uploads\/2026\/02\/New-Project-36-3.png","datePublished":"2026-02-19T19:34:45+00:00","breadcrumb":{"@id":"https:\/\/wines.coral.rs\/en\/product\/tundertanc-kekfrankos-cabernet-franc-cabernet-sauvignon-2020-vida-borbirtok-winery\/#breadcrumb"},"inLanguage":"en-US","potentialAction":[{"@type":"ReadAction","target":["https:\/\/wines.coral.rs\/en\/product\/tundertanc-kekfrankos-cabernet-franc-cabernet-sauvignon-2020-vida-borbirtok-winery\/"]}]},{"@type":"ImageObject","inLanguage":"en-US","@id":"https:\/\/wines.coral.rs\/en\/product\/tundertanc-kekfrankos-cabernet-franc-cabernet-sauvignon-2020-vida-borbirtok-winery\/#primaryimage","url":"https:\/\/wines.coral.rs\/wp-content\/uploads\/2026\/02\/New-Project-36-3.png","contentUrl":"https:\/\/wines.coral.rs\/wp-content\/uploads\/2026\/02\/New-Project-36-3.png","width":1000,"height":1000},{"@type":"BreadcrumbList","@id":"https:\/\/wines.coral.rs\/en\/product\/tundertanc-kekfrankos-cabernet-franc-cabernet-sauvignon-2020-vida-borbirtok-winery\/#breadcrumb","itemListElement":[{"@type":"ListItem","position":1,"name":"Home","item":"https:\/\/wines.coral.rs\/en\/home\/"},{"@type":"ListItem","position":2,"name":"Shop","item":"https:\/\/wines.coral.rs\/en\/shop\/"},{"@type":"ListItem","position":3,"name":"T\u00fcnd\u00e9rt\u00e1nc K\u00e9kfrankos, Cabernet Franc, Cabernet Sauvignon 2020 &#8211; Vida Borbirtok Winery"}]},{"@type":"WebSite","@id":"https:\/\/wines.coral.rs\/#website","url":"https:\/\/wines.coral.rs\/","name":"Coral Wines","description":"","publisher":{"@id":"https:\/\/wines.coral.rs\/#organization"},"potentialAction":[{"@type":"SearchAction","target":{"@type":"EntryPoint","urlTemplate":"https:\/\/wines.coral.rs\/?s={search_term_string}"},"query-input":{"@type":"PropertyValueSpecification","valueRequired":true,"valueName":"search_term_string"}}],"inLanguage":"en-US"},{"@type":"Organization","@id":"https:\/\/wines.coral.rs\/#organization","name":"Coral Wines","url":"https:\/\/wines.coral.rs\/","logo":{"@type":"ImageObject","inLanguage":"en-US","@id":"https:\/\/wines.coral.rs\/#\/schema\/logo\/image\/","url":"https:\/\/wines.coral.rs\/wp-content\/uploads\/2025\/12\/logo-wines.svg","contentUrl":"https:\/\/wines.coral.rs\/wp-content\/uploads\/2025\/12\/logo-wines.svg","width":384,"height":618,"caption":"Coral Wines"},"image":{"@id":"https:\/\/wines.coral.rs\/#\/schema\/logo\/image\/"},"sameAs":["https:\/\/www.facebook.com\/profile.php?id=61587431066738","https:\/\/www.linkedin.com\/company\/coral-wines","https:\/\/www.instagram.com\/coral.wines"]}]}},"_links":{"self":[{"href":"https:\/\/wines.coral.rs\/en\/wp-json\/wp\/v2\/product\/49020","targetHints":{"allow":["GET"]}}],"collection":[{"href":"https:\/\/wines.coral.rs\/en\/wp-json\/wp\/v2\/product"}],"about":[{"href":"https:\/\/wines.coral.rs\/en\/wp-json\/wp\/v2\/types\/product"}],"version-history":[{"count":0,"href":"https:\/\/wines.coral.rs\/en\/wp-json\/wp\/v2\/product\/49020\/revisions"}],"wp:featuredmedia":[{"embeddable":true,"href":"https:\/\/wines.coral.rs\/en\/wp-json\/wp\/v2\/media\/48098"}],"wp:attachment":[{"href":"https:\/\/wines.coral.rs\/en\/wp-json\/wp\/v2\/media?parent=49020"}],"wp:term":[{"taxonomy":"product_brand","embeddable":true,"href":"https:\/\/wines.coral.rs\/en\/wp-json\/wp\/v2\/product_brand?post=49020"},{"taxonomy":"product_cat","embeddable":true,"href":"https:\/\/wines.coral.rs\/en\/wp-json\/wp\/v2\/product_cat?post=49020"},{"taxonomy":"product_tag","embeddable":true,"href":"https:\/\/wines.coral.rs\/en\/wp-json\/wp\/v2\/product_tag?post=49020"}],"curies":[{"name":"wp","href":"https:\/\/api.w.org\/{rel}","templated":true}]}}