{"id":49089,"date":"2026-02-18T22:40:06","date_gmt":"2026-02-18T22:40:06","guid":{"rendered":"https:\/\/wines.coral.rs\/product\/nagy-eged-egri-bikaver-grand-superior-2021-st-andrea-winery\/"},"modified":"2026-02-18T22:40:06","modified_gmt":"2026-02-18T22:40:06","slug":"nagy-eged-egri-bikaver-grand-superior-2021-st-andrea-winery","status":"publish","type":"product","link":"https:\/\/wines.coral.rs\/en\/product\/nagy-eged-egri-bikaver-grand-superior-2021-st-andrea-winery\/","title":{"rendered":"Nagy-Eged Egri Bikav\u00e9r Grand Superior 2021 &#8211; St. Andrea Winery"},"content":{"rendered":"<p data-start=\"4250\" data-end=\"4704\"><strong data-start=\"4250\" data-end=\"4459\">Nagy\u2011Eged d\u0171l\u0151 Egri Bikav\u00e9r Grand Superior 2021 represents the pinnacle of Hungarian red wine \u2013 a wine from the prestigious <em data-start=\"4385\" data-end=\"4396\">Nagy\u2011Eged<\/em> plot with characteristic terroir influence and a complex profile.<\/strong> The blend of <em data-start=\"4466\" data-end=\"4515\">K\u00e9kfrankos, Merlot, Cabernet Franc, and Syrah<\/em> yields intense dark berry aromas and mineral tones, a pronounced structure, and a long finish that reflects the ideal climate-soil combination of the Eger region.<\/p>\n<p data-start=\"4706\" data-end=\"5056\"><strong data-start=\"4706\" data-end=\"4880\">The nose is dominated by black cherries, blackberry, and blackcurrant, alongside graphite, earthy, and spicy traces; on the palate, the wine is full-bodied with rich tannins and balanced acidity.<\/strong> Aging for <strong data-start=\"4893\" data-end=\"4943\">16 months in oak barrels<\/strong> further contributes to its complexity and depth, giving it aging potential.<\/p>\n<p data-start=\"5058\" data-end=\"5325\"><strong data-start=\"5058\" data-end=\"5285\">Elegantly pairs with rich meat and game dishes, roasted sauces, and spicy stews. <\/strong><\/p>\n","protected":false},"excerpt":{"rendered":"<p data-start=\"664\" data-end=\"997\"><strong data-start=\"664\" data-end=\"726\">Nagy\u2011Eged d\u0171l\u0151 Egri Bikav\u00e9r Grand Superior 2021<\/strong> is a <strong data-start=\"730\" data-end=\"817\">dry, complex red wine from the premium Nagy\u2011Eged parcel in the Eger region (Hungary)<\/strong> with pronounced dark berry aromas, minerality, and a long finish, reflecting the terroir of one of Hungary&#8217;s most esteemed locations.<\/p>\n","protected":false},"featured_media":48080,"template":"","meta":{"_acf_changed":false},"product_brand":[6751],"product_cat":[605,580],"product_tag":[1351,583,587,585],"class_list":{"0":"post-49089","1":"product","2":"type-product","3":"status-publish","4":"has-post-thumbnail","6":"product_brand-st-andrea","7":"product_cat-award-winning-wines","8":"product_cat-red-wine","9":"product_tag-award-winning","10":"product_tag-dry-2","11":"product_tag-hungary","12":"product_tag-red","15":"first","16":"instock","17":"shipping-taxable","18":"purchasable","19":"product-type-simple"},"acf":[],"yoast_head":"<!-- This site is optimized with the Yoast SEO plugin v27.3 - https:\/\/yoast.com\/product\/yoast-seo-wordpress\/ -->\n<title>Nagy-Eged Egri Bikav\u00e9r Grand Superior 2021 - St. Andrea Winery - Coral Wines<\/title>\n<meta name=\"robots\" content=\"noindex, follow, max-snippet:-1, max-image-preview:large, max-video-preview:-1\" \/>\n<meta property=\"og:locale\" content=\"en_US\" \/>\n<meta property=\"og:type\" content=\"article\" \/>\n<meta property=\"og:title\" content=\"Nagy-Eged Egri Bikav\u00e9r Grand Superior 2021 - St. Andrea Winery - Coral Wines\" \/>\n<meta property=\"og:description\" content=\"Nagy\u2011Eged d\u0171l\u0151 Egri Bikav\u00e9r Grand Superior 2021 is a dry, complex red wine from the premium Nagy\u2011Eged parcel in the Eger region (Hungary) with pronounced dark berry aromas, minerality, and a long finish, reflecting the terroir of one of Hungary&#039;s most esteemed locations.\" \/>\n<meta property=\"og:url\" content=\"https:\/\/wines.coral.rs\/en\/product\/nagy-eged-egri-bikaver-grand-superior-2021-st-andrea-winery\/\" \/>\n<meta property=\"og:site_name\" content=\"Coral Wines\" \/>\n<meta property=\"article:publisher\" content=\"https:\/\/www.facebook.com\/profile.php?id=61587431066738\" \/>\n<meta property=\"og:image\" content=\"https:\/\/wines.coral.rs\/wp-content\/uploads\/2026\/02\/New-Project-32-2.jpg\" \/>\n\t<meta property=\"og:image:width\" content=\"1000\" \/>\n\t<meta property=\"og:image:height\" content=\"1000\" \/>\n\t<meta property=\"og:image:type\" content=\"image\/jpeg\" \/>\n<meta name=\"twitter:card\" content=\"summary_large_image\" \/>\n<meta name=\"twitter:label1\" content=\"Est. reading time\" \/>\n\t<meta name=\"twitter:data1\" content=\"1 minute\" \/>\n<script type=\"application\/ld+json\" class=\"yoast-schema-graph\">{\"@context\":\"https:\\\/\\\/schema.org\",\"@graph\":[{\"@type\":\"WebPage\",\"@id\":\"https:\\\/\\\/wines.coral.rs\\\/en\\\/product\\\/nagy-eged-egri-bikaver-grand-superior-2021-st-andrea-winery\\\/\",\"url\":\"https:\\\/\\\/wines.coral.rs\\\/en\\\/product\\\/nagy-eged-egri-bikaver-grand-superior-2021-st-andrea-winery\\\/\",\"name\":\"Nagy-Eged Egri Bikav\u00e9r Grand Superior 2021 - St. Andrea Winery - Coral Wines\",\"isPartOf\":{\"@id\":\"https:\\\/\\\/wines.coral.rs\\\/#website\"},\"primaryImageOfPage\":{\"@id\":\"https:\\\/\\\/wines.coral.rs\\\/en\\\/product\\\/nagy-eged-egri-bikaver-grand-superior-2021-st-andrea-winery\\\/#primaryimage\"},\"image\":{\"@id\":\"https:\\\/\\\/wines.coral.rs\\\/en\\\/product\\\/nagy-eged-egri-bikaver-grand-superior-2021-st-andrea-winery\\\/#primaryimage\"},\"thumbnailUrl\":\"https:\\\/\\\/wines.coral.rs\\\/wp-content\\\/uploads\\\/2026\\\/02\\\/New-Project-32-2.jpg\",\"datePublished\":\"2026-02-18T22:40:06+00:00\",\"breadcrumb\":{\"@id\":\"https:\\\/\\\/wines.coral.rs\\\/en\\\/product\\\/nagy-eged-egri-bikaver-grand-superior-2021-st-andrea-winery\\\/#breadcrumb\"},\"inLanguage\":\"en-US\",\"potentialAction\":[{\"@type\":\"ReadAction\",\"target\":[\"https:\\\/\\\/wines.coral.rs\\\/en\\\/product\\\/nagy-eged-egri-bikaver-grand-superior-2021-st-andrea-winery\\\/\"]}]},{\"@type\":\"ImageObject\",\"inLanguage\":\"en-US\",\"@id\":\"https:\\\/\\\/wines.coral.rs\\\/en\\\/product\\\/nagy-eged-egri-bikaver-grand-superior-2021-st-andrea-winery\\\/#primaryimage\",\"url\":\"https:\\\/\\\/wines.coral.rs\\\/wp-content\\\/uploads\\\/2026\\\/02\\\/New-Project-32-2.jpg\",\"contentUrl\":\"https:\\\/\\\/wines.coral.rs\\\/wp-content\\\/uploads\\\/2026\\\/02\\\/New-Project-32-2.jpg\",\"width\":1000,\"height\":1000},{\"@type\":\"BreadcrumbList\",\"@id\":\"https:\\\/\\\/wines.coral.rs\\\/en\\\/product\\\/nagy-eged-egri-bikaver-grand-superior-2021-st-andrea-winery\\\/#breadcrumb\",\"itemListElement\":[{\"@type\":\"ListItem\",\"position\":1,\"name\":\"Home\",\"item\":\"https:\\\/\\\/wines.coral.rs\\\/en\\\/home\\\/\"},{\"@type\":\"ListItem\",\"position\":2,\"name\":\"Shop\",\"item\":\"https:\\\/\\\/wines.coral.rs\\\/en\\\/shop\\\/\"},{\"@type\":\"ListItem\",\"position\":3,\"name\":\"Nagy-Eged Egri Bikav\u00e9r Grand Superior 2021 &#8211; St. Andrea Winery\"}]},{\"@type\":\"WebSite\",\"@id\":\"https:\\\/\\\/wines.coral.rs\\\/#website\",\"url\":\"https:\\\/\\\/wines.coral.rs\\\/\",\"name\":\"Coral Wines\",\"description\":\"\",\"publisher\":{\"@id\":\"https:\\\/\\\/wines.coral.rs\\\/#organization\"},\"potentialAction\":[{\"@type\":\"SearchAction\",\"target\":{\"@type\":\"EntryPoint\",\"urlTemplate\":\"https:\\\/\\\/wines.coral.rs\\\/?s={search_term_string}\"},\"query-input\":{\"@type\":\"PropertyValueSpecification\",\"valueRequired\":true,\"valueName\":\"search_term_string\"}}],\"inLanguage\":\"en-US\"},{\"@type\":\"Organization\",\"@id\":\"https:\\\/\\\/wines.coral.rs\\\/#organization\",\"name\":\"Coral Wines\",\"url\":\"https:\\\/\\\/wines.coral.rs\\\/\",\"logo\":{\"@type\":\"ImageObject\",\"inLanguage\":\"en-US\",\"@id\":\"https:\\\/\\\/wines.coral.rs\\\/#\\\/schema\\\/logo\\\/image\\\/\",\"url\":\"https:\\\/\\\/wines.coral.rs\\\/wp-content\\\/uploads\\\/2025\\\/12\\\/logo-wines.svg\",\"contentUrl\":\"https:\\\/\\\/wines.coral.rs\\\/wp-content\\\/uploads\\\/2025\\\/12\\\/logo-wines.svg\",\"width\":384,\"height\":618,\"caption\":\"Coral Wines\"},\"image\":{\"@id\":\"https:\\\/\\\/wines.coral.rs\\\/#\\\/schema\\\/logo\\\/image\\\/\"},\"sameAs\":[\"https:\\\/\\\/www.facebook.com\\\/profile.php?id=61587431066738\",\"https:\\\/\\\/www.linkedin.com\\\/company\\\/coral-wines\",\"https:\\\/\\\/www.instagram.com\\\/coral.wines\"]}]}<\/script>\n<!-- \/ Yoast SEO plugin. -->","yoast_head_json":{"title":"Nagy-Eged Egri Bikav\u00e9r Grand Superior 2021 - St. Andrea Winery - Coral Wines","robots":{"index":"noindex","follow":"follow","max-snippet":"max-snippet:-1","max-image-preview":"max-image-preview:large","max-video-preview":"max-video-preview:-1"},"og_locale":"en_US","og_type":"article","og_title":"Nagy-Eged Egri Bikav\u00e9r Grand Superior 2021 - St. Andrea Winery - Coral Wines","og_description":"Nagy\u2011Eged d\u0171l\u0151 Egri Bikav\u00e9r Grand Superior 2021 is a dry, complex red wine from the premium Nagy\u2011Eged parcel in the Eger region (Hungary) with pronounced dark berry aromas, minerality, and a long finish, reflecting the terroir of one of Hungary's most esteemed locations.","og_url":"https:\/\/wines.coral.rs\/en\/product\/nagy-eged-egri-bikaver-grand-superior-2021-st-andrea-winery\/","og_site_name":"Coral Wines","article_publisher":"https:\/\/www.facebook.com\/profile.php?id=61587431066738","og_image":[{"width":1000,"height":1000,"url":"https:\/\/wines.coral.rs\/wp-content\/uploads\/2026\/02\/New-Project-32-2.jpg","type":"image\/jpeg"}],"twitter_card":"summary_large_image","twitter_misc":{"Est. reading time":"1 minute"},"schema":{"@context":"https:\/\/schema.org","@graph":[{"@type":"WebPage","@id":"https:\/\/wines.coral.rs\/en\/product\/nagy-eged-egri-bikaver-grand-superior-2021-st-andrea-winery\/","url":"https:\/\/wines.coral.rs\/en\/product\/nagy-eged-egri-bikaver-grand-superior-2021-st-andrea-winery\/","name":"Nagy-Eged Egri Bikav\u00e9r Grand Superior 2021 - St. Andrea Winery - Coral Wines","isPartOf":{"@id":"https:\/\/wines.coral.rs\/#website"},"primaryImageOfPage":{"@id":"https:\/\/wines.coral.rs\/en\/product\/nagy-eged-egri-bikaver-grand-superior-2021-st-andrea-winery\/#primaryimage"},"image":{"@id":"https:\/\/wines.coral.rs\/en\/product\/nagy-eged-egri-bikaver-grand-superior-2021-st-andrea-winery\/#primaryimage"},"thumbnailUrl":"https:\/\/wines.coral.rs\/wp-content\/uploads\/2026\/02\/New-Project-32-2.jpg","datePublished":"2026-02-18T22:40:06+00:00","breadcrumb":{"@id":"https:\/\/wines.coral.rs\/en\/product\/nagy-eged-egri-bikaver-grand-superior-2021-st-andrea-winery\/#breadcrumb"},"inLanguage":"en-US","potentialAction":[{"@type":"ReadAction","target":["https:\/\/wines.coral.rs\/en\/product\/nagy-eged-egri-bikaver-grand-superior-2021-st-andrea-winery\/"]}]},{"@type":"ImageObject","inLanguage":"en-US","@id":"https:\/\/wines.coral.rs\/en\/product\/nagy-eged-egri-bikaver-grand-superior-2021-st-andrea-winery\/#primaryimage","url":"https:\/\/wines.coral.rs\/wp-content\/uploads\/2026\/02\/New-Project-32-2.jpg","contentUrl":"https:\/\/wines.coral.rs\/wp-content\/uploads\/2026\/02\/New-Project-32-2.jpg","width":1000,"height":1000},{"@type":"BreadcrumbList","@id":"https:\/\/wines.coral.rs\/en\/product\/nagy-eged-egri-bikaver-grand-superior-2021-st-andrea-winery\/#breadcrumb","itemListElement":[{"@type":"ListItem","position":1,"name":"Home","item":"https:\/\/wines.coral.rs\/en\/home\/"},{"@type":"ListItem","position":2,"name":"Shop","item":"https:\/\/wines.coral.rs\/en\/shop\/"},{"@type":"ListItem","position":3,"name":"Nagy-Eged Egri Bikav\u00e9r Grand Superior 2021 &#8211; St. Andrea Winery"}]},{"@type":"WebSite","@id":"https:\/\/wines.coral.rs\/#website","url":"https:\/\/wines.coral.rs\/","name":"Coral Wines","description":"","publisher":{"@id":"https:\/\/wines.coral.rs\/#organization"},"potentialAction":[{"@type":"SearchAction","target":{"@type":"EntryPoint","urlTemplate":"https:\/\/wines.coral.rs\/?s={search_term_string}"},"query-input":{"@type":"PropertyValueSpecification","valueRequired":true,"valueName":"search_term_string"}}],"inLanguage":"en-US"},{"@type":"Organization","@id":"https:\/\/wines.coral.rs\/#organization","name":"Coral Wines","url":"https:\/\/wines.coral.rs\/","logo":{"@type":"ImageObject","inLanguage":"en-US","@id":"https:\/\/wines.coral.rs\/#\/schema\/logo\/image\/","url":"https:\/\/wines.coral.rs\/wp-content\/uploads\/2025\/12\/logo-wines.svg","contentUrl":"https:\/\/wines.coral.rs\/wp-content\/uploads\/2025\/12\/logo-wines.svg","width":384,"height":618,"caption":"Coral Wines"},"image":{"@id":"https:\/\/wines.coral.rs\/#\/schema\/logo\/image\/"},"sameAs":["https:\/\/www.facebook.com\/profile.php?id=61587431066738","https:\/\/www.linkedin.com\/company\/coral-wines","https:\/\/www.instagram.com\/coral.wines"]}]}},"_links":{"self":[{"href":"https:\/\/wines.coral.rs\/en\/wp-json\/wp\/v2\/product\/49089","targetHints":{"allow":["GET"]}}],"collection":[{"href":"https:\/\/wines.coral.rs\/en\/wp-json\/wp\/v2\/product"}],"about":[{"href":"https:\/\/wines.coral.rs\/en\/wp-json\/wp\/v2\/types\/product"}],"version-history":[{"count":0,"href":"https:\/\/wines.coral.rs\/en\/wp-json\/wp\/v2\/product\/49089\/revisions"}],"wp:featuredmedia":[{"embeddable":true,"href":"https:\/\/wines.coral.rs\/en\/wp-json\/wp\/v2\/media\/48080"}],"wp:attachment":[{"href":"https:\/\/wines.coral.rs\/en\/wp-json\/wp\/v2\/media?parent=49089"}],"wp:term":[{"taxonomy":"product_brand","embeddable":true,"href":"https:\/\/wines.coral.rs\/en\/wp-json\/wp\/v2\/product_brand?post=49089"},{"taxonomy":"product_cat","embeddable":true,"href":"https:\/\/wines.coral.rs\/en\/wp-json\/wp\/v2\/product_cat?post=49089"},{"taxonomy":"product_tag","embeddable":true,"href":"https:\/\/wines.coral.rs\/en\/wp-json\/wp\/v2\/product_tag?post=49089"}],"curies":[{"name":"wp","href":"https:\/\/api.w.org\/{rel}","templated":true}]}}