{"id":49121,"date":"2026-02-25T16:47:22","date_gmt":"2026-02-25T16:47:22","guid":{"rendered":"https:\/\/wines.coral.rs\/product\/cote-rotie-les-triotes-syrah-2021-domaine-garon-winery\/"},"modified":"2026-02-25T16:47:22","modified_gmt":"2026-02-25T16:47:22","slug":"cote-rotie-les-triotes-syrah-2021-domaine-garon-winery","status":"publish","type":"product","link":"https:\/\/wines.coral.rs\/en\/product\/cote-rotie-les-triotes-syrah-2021-domaine-garon-winery\/","title":{"rendered":"C\u00f4te-R\u00f4tie \u201cLes Triotes\u201d Syrah 2021 &#8211; Domaine Garon Winery"},"content":{"rendered":"<p><strong>Les Triotes 2021<\/strong> from the Domaine Garon winery originates from the slopes of C\u00f4te-R\u00f4tie and represents the classic Northern Rh\u00f4ne style. Aromas of black fruit and violet are followed by discreet spicy tones, while oak aging contributes to complexity and structure. On the palate, the wine is elegant, with fine tannins and a long finish.  <\/p>\n","protected":false},"excerpt":{"rendered":"<p><strong>Les Triotes 2021<\/strong> from the Domaine Garon winery delivers an elegant expression of Syrah with aromas of black fruit, floral notes, and spicy nuances.<\/p>\n","protected":false},"featured_media":48204,"template":"","meta":{"_acf_changed":false},"product_brand":[3705],"product_cat":[580],"product_tag":[583,3207,585,615],"class_list":{"0":"post-49121","1":"product","2":"type-product","3":"status-publish","4":"has-post-thumbnail","6":"product_brand-domaine-garon","7":"product_cat-red-wine","8":"product_tag-dry-2","9":"product_tag-france","10":"product_tag-red","11":"product_tag-still","14":"first","15":"instock","16":"shipping-taxable","17":"purchasable","18":"product-type-simple"},"acf":[],"yoast_head":"<!-- This site is optimized with the Yoast SEO plugin v27.3 - https:\/\/yoast.com\/product\/yoast-seo-wordpress\/ -->\n<title>C\u00f4te-R\u00f4tie \u201cLes Triotes\u201d Syrah 2021 - Domaine Garon Winery - Coral Wines<\/title>\n<meta name=\"robots\" content=\"noindex, follow, max-snippet:-1, max-image-preview:large, max-video-preview:-1\" \/>\n<meta property=\"og:locale\" content=\"en_US\" \/>\n<meta property=\"og:type\" content=\"article\" \/>\n<meta property=\"og:title\" content=\"C\u00f4te-R\u00f4tie \u201cLes Triotes\u201d Syrah 2021 - Domaine Garon Winery - Coral Wines\" \/>\n<meta property=\"og:description\" content=\"Les Triotes 2021 from the Domaine Garon winery delivers an elegant expression of Syrah with aromas of black fruit, floral notes, and spicy nuances.\" \/>\n<meta property=\"og:url\" content=\"https:\/\/wines.coral.rs\/en\/product\/cote-rotie-les-triotes-syrah-2021-domaine-garon-winery\/\" \/>\n<meta property=\"og:site_name\" content=\"Coral Wines\" \/>\n<meta property=\"article:publisher\" content=\"https:\/\/www.facebook.com\/profile.php?id=61587431066738\" \/>\n<meta property=\"og:image\" content=\"https:\/\/wines.coral.rs\/wp-content\/uploads\/2026\/02\/New-Project1-4.png\" \/>\n\t<meta property=\"og:image:width\" content=\"1000\" \/>\n\t<meta property=\"og:image:height\" content=\"1000\" \/>\n\t<meta property=\"og:image:type\" content=\"image\/png\" \/>\n<meta name=\"twitter:card\" content=\"summary_large_image\" \/>\n<script type=\"application\/ld+json\" class=\"yoast-schema-graph\">{\"@context\":\"https:\\\/\\\/schema.org\",\"@graph\":[{\"@type\":\"WebPage\",\"@id\":\"https:\\\/\\\/wines.coral.rs\\\/en\\\/product\\\/cote-rotie-les-triotes-syrah-2021-domaine-garon-winery\\\/\",\"url\":\"https:\\\/\\\/wines.coral.rs\\\/en\\\/product\\\/cote-rotie-les-triotes-syrah-2021-domaine-garon-winery\\\/\",\"name\":\"C\u00f4te-R\u00f4tie \u201cLes Triotes\u201d Syrah 2021 - Domaine Garon Winery - Coral Wines\",\"isPartOf\":{\"@id\":\"https:\\\/\\\/wines.coral.rs\\\/#website\"},\"primaryImageOfPage\":{\"@id\":\"https:\\\/\\\/wines.coral.rs\\\/en\\\/product\\\/cote-rotie-les-triotes-syrah-2021-domaine-garon-winery\\\/#primaryimage\"},\"image\":{\"@id\":\"https:\\\/\\\/wines.coral.rs\\\/en\\\/product\\\/cote-rotie-les-triotes-syrah-2021-domaine-garon-winery\\\/#primaryimage\"},\"thumbnailUrl\":\"https:\\\/\\\/wines.coral.rs\\\/wp-content\\\/uploads\\\/2026\\\/02\\\/New-Project1-4.png\",\"datePublished\":\"2026-02-25T16:47:22+00:00\",\"breadcrumb\":{\"@id\":\"https:\\\/\\\/wines.coral.rs\\\/en\\\/product\\\/cote-rotie-les-triotes-syrah-2021-domaine-garon-winery\\\/#breadcrumb\"},\"inLanguage\":\"en-US\",\"potentialAction\":[{\"@type\":\"ReadAction\",\"target\":[\"https:\\\/\\\/wines.coral.rs\\\/en\\\/product\\\/cote-rotie-les-triotes-syrah-2021-domaine-garon-winery\\\/\"]}]},{\"@type\":\"ImageObject\",\"inLanguage\":\"en-US\",\"@id\":\"https:\\\/\\\/wines.coral.rs\\\/en\\\/product\\\/cote-rotie-les-triotes-syrah-2021-domaine-garon-winery\\\/#primaryimage\",\"url\":\"https:\\\/\\\/wines.coral.rs\\\/wp-content\\\/uploads\\\/2026\\\/02\\\/New-Project1-4.png\",\"contentUrl\":\"https:\\\/\\\/wines.coral.rs\\\/wp-content\\\/uploads\\\/2026\\\/02\\\/New-Project1-4.png\",\"width\":1000,\"height\":1000},{\"@type\":\"BreadcrumbList\",\"@id\":\"https:\\\/\\\/wines.coral.rs\\\/en\\\/product\\\/cote-rotie-les-triotes-syrah-2021-domaine-garon-winery\\\/#breadcrumb\",\"itemListElement\":[{\"@type\":\"ListItem\",\"position\":1,\"name\":\"Home\",\"item\":\"https:\\\/\\\/wines.coral.rs\\\/en\\\/home\\\/\"},{\"@type\":\"ListItem\",\"position\":2,\"name\":\"Shop\",\"item\":\"https:\\\/\\\/wines.coral.rs\\\/en\\\/shop\\\/\"},{\"@type\":\"ListItem\",\"position\":3,\"name\":\"C\u00f4te-R\u00f4tie \u201cLes Triotes\u201d Syrah 2021 &#8211; Domaine Garon Winery\"}]},{\"@type\":\"WebSite\",\"@id\":\"https:\\\/\\\/wines.coral.rs\\\/#website\",\"url\":\"https:\\\/\\\/wines.coral.rs\\\/\",\"name\":\"Coral Wines\",\"description\":\"\",\"publisher\":{\"@id\":\"https:\\\/\\\/wines.coral.rs\\\/#organization\"},\"potentialAction\":[{\"@type\":\"SearchAction\",\"target\":{\"@type\":\"EntryPoint\",\"urlTemplate\":\"https:\\\/\\\/wines.coral.rs\\\/?s={search_term_string}\"},\"query-input\":{\"@type\":\"PropertyValueSpecification\",\"valueRequired\":true,\"valueName\":\"search_term_string\"}}],\"inLanguage\":\"en-US\"},{\"@type\":\"Organization\",\"@id\":\"https:\\\/\\\/wines.coral.rs\\\/#organization\",\"name\":\"Coral Wines\",\"url\":\"https:\\\/\\\/wines.coral.rs\\\/\",\"logo\":{\"@type\":\"ImageObject\",\"inLanguage\":\"en-US\",\"@id\":\"https:\\\/\\\/wines.coral.rs\\\/#\\\/schema\\\/logo\\\/image\\\/\",\"url\":\"https:\\\/\\\/wines.coral.rs\\\/wp-content\\\/uploads\\\/2025\\\/12\\\/logo-wines.svg\",\"contentUrl\":\"https:\\\/\\\/wines.coral.rs\\\/wp-content\\\/uploads\\\/2025\\\/12\\\/logo-wines.svg\",\"width\":384,\"height\":618,\"caption\":\"Coral Wines\"},\"image\":{\"@id\":\"https:\\\/\\\/wines.coral.rs\\\/#\\\/schema\\\/logo\\\/image\\\/\"},\"sameAs\":[\"https:\\\/\\\/www.facebook.com\\\/profile.php?id=61587431066738\",\"https:\\\/\\\/www.linkedin.com\\\/company\\\/coral-wines\",\"https:\\\/\\\/www.instagram.com\\\/coral.wines\"]}]}<\/script>\n<!-- \/ Yoast SEO plugin. -->","yoast_head_json":{"title":"C\u00f4te-R\u00f4tie \u201cLes Triotes\u201d Syrah 2021 - Domaine Garon Winery - Coral Wines","robots":{"index":"noindex","follow":"follow","max-snippet":"max-snippet:-1","max-image-preview":"max-image-preview:large","max-video-preview":"max-video-preview:-1"},"og_locale":"en_US","og_type":"article","og_title":"C\u00f4te-R\u00f4tie \u201cLes Triotes\u201d Syrah 2021 - Domaine Garon Winery - Coral Wines","og_description":"Les Triotes 2021 from the Domaine Garon winery delivers an elegant expression of Syrah with aromas of black fruit, floral notes, and spicy nuances.","og_url":"https:\/\/wines.coral.rs\/en\/product\/cote-rotie-les-triotes-syrah-2021-domaine-garon-winery\/","og_site_name":"Coral Wines","article_publisher":"https:\/\/www.facebook.com\/profile.php?id=61587431066738","og_image":[{"width":1000,"height":1000,"url":"https:\/\/wines.coral.rs\/wp-content\/uploads\/2026\/02\/New-Project1-4.png","type":"image\/png"}],"twitter_card":"summary_large_image","schema":{"@context":"https:\/\/schema.org","@graph":[{"@type":"WebPage","@id":"https:\/\/wines.coral.rs\/en\/product\/cote-rotie-les-triotes-syrah-2021-domaine-garon-winery\/","url":"https:\/\/wines.coral.rs\/en\/product\/cote-rotie-les-triotes-syrah-2021-domaine-garon-winery\/","name":"C\u00f4te-R\u00f4tie \u201cLes Triotes\u201d Syrah 2021 - Domaine Garon Winery - Coral Wines","isPartOf":{"@id":"https:\/\/wines.coral.rs\/#website"},"primaryImageOfPage":{"@id":"https:\/\/wines.coral.rs\/en\/product\/cote-rotie-les-triotes-syrah-2021-domaine-garon-winery\/#primaryimage"},"image":{"@id":"https:\/\/wines.coral.rs\/en\/product\/cote-rotie-les-triotes-syrah-2021-domaine-garon-winery\/#primaryimage"},"thumbnailUrl":"https:\/\/wines.coral.rs\/wp-content\/uploads\/2026\/02\/New-Project1-4.png","datePublished":"2026-02-25T16:47:22+00:00","breadcrumb":{"@id":"https:\/\/wines.coral.rs\/en\/product\/cote-rotie-les-triotes-syrah-2021-domaine-garon-winery\/#breadcrumb"},"inLanguage":"en-US","potentialAction":[{"@type":"ReadAction","target":["https:\/\/wines.coral.rs\/en\/product\/cote-rotie-les-triotes-syrah-2021-domaine-garon-winery\/"]}]},{"@type":"ImageObject","inLanguage":"en-US","@id":"https:\/\/wines.coral.rs\/en\/product\/cote-rotie-les-triotes-syrah-2021-domaine-garon-winery\/#primaryimage","url":"https:\/\/wines.coral.rs\/wp-content\/uploads\/2026\/02\/New-Project1-4.png","contentUrl":"https:\/\/wines.coral.rs\/wp-content\/uploads\/2026\/02\/New-Project1-4.png","width":1000,"height":1000},{"@type":"BreadcrumbList","@id":"https:\/\/wines.coral.rs\/en\/product\/cote-rotie-les-triotes-syrah-2021-domaine-garon-winery\/#breadcrumb","itemListElement":[{"@type":"ListItem","position":1,"name":"Home","item":"https:\/\/wines.coral.rs\/en\/home\/"},{"@type":"ListItem","position":2,"name":"Shop","item":"https:\/\/wines.coral.rs\/en\/shop\/"},{"@type":"ListItem","position":3,"name":"C\u00f4te-R\u00f4tie \u201cLes Triotes\u201d Syrah 2021 &#8211; Domaine Garon Winery"}]},{"@type":"WebSite","@id":"https:\/\/wines.coral.rs\/#website","url":"https:\/\/wines.coral.rs\/","name":"Coral Wines","description":"","publisher":{"@id":"https:\/\/wines.coral.rs\/#organization"},"potentialAction":[{"@type":"SearchAction","target":{"@type":"EntryPoint","urlTemplate":"https:\/\/wines.coral.rs\/?s={search_term_string}"},"query-input":{"@type":"PropertyValueSpecification","valueRequired":true,"valueName":"search_term_string"}}],"inLanguage":"en-US"},{"@type":"Organization","@id":"https:\/\/wines.coral.rs\/#organization","name":"Coral Wines","url":"https:\/\/wines.coral.rs\/","logo":{"@type":"ImageObject","inLanguage":"en-US","@id":"https:\/\/wines.coral.rs\/#\/schema\/logo\/image\/","url":"https:\/\/wines.coral.rs\/wp-content\/uploads\/2025\/12\/logo-wines.svg","contentUrl":"https:\/\/wines.coral.rs\/wp-content\/uploads\/2025\/12\/logo-wines.svg","width":384,"height":618,"caption":"Coral Wines"},"image":{"@id":"https:\/\/wines.coral.rs\/#\/schema\/logo\/image\/"},"sameAs":["https:\/\/www.facebook.com\/profile.php?id=61587431066738","https:\/\/www.linkedin.com\/company\/coral-wines","https:\/\/www.instagram.com\/coral.wines"]}]}},"_links":{"self":[{"href":"https:\/\/wines.coral.rs\/en\/wp-json\/wp\/v2\/product\/49121","targetHints":{"allow":["GET"]}}],"collection":[{"href":"https:\/\/wines.coral.rs\/en\/wp-json\/wp\/v2\/product"}],"about":[{"href":"https:\/\/wines.coral.rs\/en\/wp-json\/wp\/v2\/types\/product"}],"version-history":[{"count":0,"href":"https:\/\/wines.coral.rs\/en\/wp-json\/wp\/v2\/product\/49121\/revisions"}],"wp:featuredmedia":[{"embeddable":true,"href":"https:\/\/wines.coral.rs\/en\/wp-json\/wp\/v2\/media\/48204"}],"wp:attachment":[{"href":"https:\/\/wines.coral.rs\/en\/wp-json\/wp\/v2\/media?parent=49121"}],"wp:term":[{"taxonomy":"product_brand","embeddable":true,"href":"https:\/\/wines.coral.rs\/en\/wp-json\/wp\/v2\/product_brand?post=49121"},{"taxonomy":"product_cat","embeddable":true,"href":"https:\/\/wines.coral.rs\/en\/wp-json\/wp\/v2\/product_cat?post=49121"},{"taxonomy":"product_tag","embeddable":true,"href":"https:\/\/wines.coral.rs\/en\/wp-json\/wp\/v2\/product_tag?post=49121"}],"curies":[{"name":"wp","href":"https:\/\/api.w.org\/{rel}","templated":true}]}}